{"id":103,"date":"2020-09-29T09:21:37","date_gmt":"2020-09-29T09:21:37","guid":{"rendered":"http:\/\/centrumba.se\/?page_id=103"},"modified":"2021-12-02T12:09:44","modified_gmt":"2021-12-02T12:09:44","slug":"utbildning","status":"publish","type":"page","link":"https:\/\/centrumba.se\/en\/tjanster\/utbildning\/","title":{"rendered":"Trainings"},"content":{"rendered":"<p>We have experience of educating teachers, psychologists and other professionals who work with people. Among other things, we can train you in:<\/p>\n\n\n\n<ul class=\"wp-block-list\"><li>Applied behavior analysis (ABA)<\/li><li>ABA for children with autism<\/li><li>Educational strategies<\/li><li>Positive Behavior Supports (PBS)<\/li><li>Responding to and reducing problem behaviors<\/li><\/ul>\n\n\n\n<p><a href=\"https:\/\/centrumba.se\/en\/kontakt\/\" data-type=\"page\" data-id=\"182\">Contact us<\/a> for more information pricing!<\/p>\n\n\n\n<figure class=\"wp-block-image size-full is-style-rounded\"><img fetchpriority=\"high\" decoding=\"async\" width=\"640\" height=\"426\" src=\"https:\/\/centrumba.se\/wp-content\/uploads\/2021\/12\/Hja\u0308lper-barn.jpg\" alt=\"\" class=\"wp-image-1107\" srcset=\"https:\/\/centrumba.se\/wp-content\/uploads\/2021\/12\/Hja\u0308lper-barn.jpg 640w, https:\/\/centrumba.se\/wp-content\/uploads\/2021\/12\/Hja\u0308lper-barn-300x200.jpg 300w\" sizes=\"(max-width: 640px) 100vw, 640px\" \/><figcaption>We strive for our trainings to lead to practical change<\/figcaption><\/figure>","protected":false},"excerpt":{"rendered":"<p>Vi har erfarenhet av att utbilda pedagoger, psykologer och andra professioner som jobbar med m\u00e4nniskor. Vi kan bl.a. utbilda inom: Till\u00e4mpad beteendeanalys Till\u00e4mpad beteendeanalys och<\/p>","protected":false},"author":1,"featured_media":0,"parent":100,"menu_order":0,"comment_status":"closed","ping_status":"closed","template":"","meta":{"footnotes":""},"class_list":["post-103","page","type-page","status-publish","hentry"],"_links":{"self":[{"href":"https:\/\/centrumba.se\/en\/wp-json\/wp\/v2\/pages\/103","targetHints":{"allow":["GET"]}}],"collection":[{"href":"https:\/\/centrumba.se\/en\/wp-json\/wp\/v2\/pages"}],"about":[{"href":"https:\/\/centrumba.se\/en\/wp-json\/wp\/v2\/types\/page"}],"author":[{"embeddable":true,"href":"https:\/\/centrumba.se\/en\/wp-json\/wp\/v2\/users\/1"}],"replies":[{"embeddable":true,"href":"https:\/\/centrumba.se\/en\/wp-json\/wp\/v2\/comments?post=103"}],"version-history":[{"count":3,"href":"https:\/\/centrumba.se\/en\/wp-json\/wp\/v2\/pages\/103\/revisions"}],"predecessor-version":[{"id":1109,"href":"https:\/\/centrumba.se\/en\/wp-json\/wp\/v2\/pages\/103\/revisions\/1109"}],"up":[{"embeddable":true,"href":"https:\/\/centrumba.se\/en\/wp-json\/wp\/v2\/pages\/100"}],"wp:attachment":[{"href":"https:\/\/centrumba.se\/en\/wp-json\/wp\/v2\/media?parent=103"}],"curies":[{"name":"wp","href":"https:\/\/api.w.org\/{rel}","templated":true}]}}