{"id":105,"date":"2020-09-29T09:22:53","date_gmt":"2020-09-29T09:22:53","guid":{"rendered":"http:\/\/centrumba.se\/?page_id=105"},"modified":"2025-10-03T14:17:09","modified_gmt":"2025-10-03T14:17:09","slug":"handledning","status":"publish","type":"page","link":"https:\/\/centrumba.se\/en\/tjanster\/handledning\/","title":{"rendered":"Supervision"},"content":{"rendered":"<p><em>Vi handleder fr\u00e4mst professionella, men ibland \u00e4ven f\u00f6r\u00e4ldrar. Handledning kan ske b\u00e5de indirekt (prata om hur man kan g\u00f6ra) och direkt (coaching i faktiska situationer). Vi v\u00e4xlar ofta mellan indirekt och direkt handledning. Vi str\u00e4var efter att handledning s\u00e5 ofta som m\u00f6jligt ska leda till praktiska strategier som fungerar. <\/em><\/p>\n\n\n\n<h3 class=\"wp-block-heading\">School- and preschool supervision<\/h3>\n\n\n\n<h5 class=\"wp-block-heading\">Preventative<\/h5>\n\n\n\n<p>In supervision regarding the school and student health, we reflect together on several levels, starting with the general classroom environment.<\/p>\n\n\n\n<div class=\"wp-block-columns is-layout-flex wp-container-core-columns-is-layout-9d6595d7 wp-block-columns-is-layout-flex\">\n<div class=\"wp-block-column is-layout-flow wp-block-column-is-layout-flow\">\n<ul class=\"wp-block-list\">\n<li>Which educationall and psychological strategies would increase the chances that more people in this particular class will be able to contribute to a good studying climate?<\/li>\n\n\n\n<li>What accomodations and special support are then needed?<\/li>\n\n\n\n<li>What skills would benefit the student?<\/li>\n<\/ul>\n<\/div>\n\n\n\n<div class=\"wp-block-column is-layout-flow wp-block-column-is-layout-flow\">\n<figure class=\"wp-block-image size-large is-resized\"><img data-dominant-color=\"e0e3ec\" data-has-transparency=\"true\" fetchpriority=\"high\" decoding=\"async\" width=\"1024\" height=\"673\" src=\"https:\/\/centrumba.se\/wp-content\/uploads\/2025\/04\/Stodnivaer-1024x673.avif\" alt=\"\" class=\"wp-image-7045 has-transparency\" style=\"--dominant-color: #e0e3ec; width:300px\" srcset=\"https:\/\/centrumba.se\/wp-content\/uploads\/2025\/04\/Stodnivaer-1024x673.avif 1024w, https:\/\/centrumba.se\/wp-content\/uploads\/2025\/04\/Stodnivaer-300x197.avif 300w, https:\/\/centrumba.se\/wp-content\/uploads\/2025\/04\/Stodnivaer-768x505.avif 768w, https:\/\/centrumba.se\/wp-content\/uploads\/2025\/04\/Stodnivaer-18x12.avif 18w, https:\/\/centrumba.se\/wp-content\/uploads\/2025\/04\/Stodnivaer.avif 1305w\" sizes=\"(max-width: 1024px) 100vw, 1024px\" \/><\/figure>\n<\/div>\n<\/div>\n\n\n\n<p>Vi har kompetens kring positivt beteendest\u00f6d (PBS), till\u00e4mpad beteendeanalys (TBA) och neuropsykiatriska funktions-neds\u00e4ttningar (NPF). Vi utg\u00e5r alltid fr\u00e5n att beteenden uppst\u00e5r i sitt sammanhang och att det \u00e4r sammanhanget vi kan f\u00f6r\u00e4ndra.<\/p>\n\n\n\n<h5 class=\"wp-block-heading\">Taking both academic and social challenges into account<\/h5>\n\n\n\n<div class=\"wp-block-columns is-layout-flex wp-container-core-columns-is-layout-9d6595d7 wp-block-columns-is-layout-flex\">\n<div class=\"wp-block-column is-layout-flow wp-block-column-is-layout-flow\">\n<p>Vi fokuserar b\u00e5de p\u00e5 hur vi kan \u00f6ka elevens m\u00f6jligheter att klara de akademiska kraven i klassrummet och hur vi kan minska eventuella problem-beteenden. Det \u00e4r v\u00e5r \u00f6vertygelse att v\u00e5rt ansvar som vucxna att skapa god studiemilj\u00f6, inte att l\u00e4ra elever att acceptera en f\u00f6r utmanande milj\u00f6. Detta g\u00e4ller oavsett vilken skolform barnet befinner sig i. <a href=\"https:\/\/centrumba.se\/en\/kontakt\/\" data-type=\"page\" data-id=\"182\">Contact us if your organization is interested in supervision.<\/a><\/p>\n\n\n\n<div class=\"wp-block-buttons is-layout-flex wp-block-buttons-is-layout-flex\">\n<div class=\"wp-block-button\"><a class=\"wp-block-button__link has-background wp-element-button\" href=\"mailto:info@centrumBA.se?Subject=Handledning%20skola\/f\u00f6rskola\" style=\"background-color:#56699d\">Maila oss f\u00f6rfr\u00e5gan om handledning inom anpassad skola, f\u00f6rskola eller skola!<\/a><\/div>\n<\/div>\n<\/div>\n\n\n\n<div class=\"wp-block-column is-layout-flow wp-block-column-is-layout-flow\">\n<p><img data-dominant-color=\"e9ebf0\" data-has-transparency=\"false\" decoding=\"async\" width=\"300\" height=\"300\" class=\"wp-image-7044 not-transparent\" style=\"--dominant-color: #e9ebf0; width: 300px;\" src=\"https:\/\/centrumba.se\/wp-content\/uploads\/2025\/04\/akademiska-svarigheter.avif\" alt=\"akademiska sv\u00e5righeter\" srcset=\"https:\/\/centrumba.se\/wp-content\/uploads\/2025\/04\/akademiska-svarigheter.avif 1785w, https:\/\/centrumba.se\/wp-content\/uploads\/2025\/04\/akademiska-svarigheter-300x300.avif 300w, https:\/\/centrumba.se\/wp-content\/uploads\/2025\/04\/akademiska-svarigheter-1024x1024.avif 1024w, https:\/\/centrumba.se\/wp-content\/uploads\/2025\/04\/akademiska-svarigheter-150x150.avif 150w, https:\/\/centrumba.se\/wp-content\/uploads\/2025\/04\/akademiska-svarigheter-768x768.avif 768w, https:\/\/centrumba.se\/wp-content\/uploads\/2025\/04\/akademiska-svarigheter-1536x1536.avif 1536w, https:\/\/centrumba.se\/wp-content\/uploads\/2025\/04\/akademiska-svarigheter-12x12.avif 12w, https:\/\/centrumba.se\/wp-content\/uploads\/2025\/04\/akademiska-svarigheter-800x800.avif 800w\" sizes=\"(max-width: 300px) 100vw, 300px\" \/><\/p>\n<\/div>\n<\/div>\n\n\n\n<h3 class=\"wp-block-heading\">Supervision regarding children with autism<\/h3>\n\n\n\n<p>Vi handleder ibland pedagoger i f\u00e4rdighetstr\u00e4ning till barn med autism. Vi tr\u00e4ffas d\u00e5 tillsammans, b\u00e5de vuxna och barn. Handledningen best\u00e5r i att vi tillsammans hittar fokusomr\u00e5den, handledaren visar f\u00e4rdighetstr\u00e4ning och f\u00f6r\u00e4ldrar och pedagoger f\u00e5r tr\u00e4na barnet med direkt feedback av sin handledare.<\/p>\n\n\n\n<p>Vi erbjuder <strong>not<\/strong> provide the service of training with your child several hours a week, like a behavior technician. We help you set up programs and supervise those who meet the child on a daily basis. Those who train many hours a week are usually parents and teachers. In this way, you can give training to the child at a lower cost, in the child's natural environment.<\/p>\n\n\n\n<p>F\u00f6r\u00e4ldrar och f\u00f6rskolorkan v\u00e4nda sig till oss f\u00f6r denna typ av handledning n\u00e4r det av olika anledningar inte \u00e4r m\u00f6jligt att samarbeta kring insatser med habiliteringen. Vi har ocks\u00e5 <a href=\"https:\/\/centrumba.se\/en\/utbildningar\/\" data-type=\"page\" data-id=\"4015\">uppskattade utbildningar f\u00f6r verksamheter som vill komma ig\u00e5ng med f\u00e4rdighetstr\u00e4ning<\/a> och vid tillr\u00e4ckligt intresse h\u00e5ller vi ibland f\u00f6r\u00e4ldrautbildningar i grupp online.<\/p>\n\n\n\n<div class=\"wp-block-buttons is-layout-flex wp-block-buttons-is-layout-flex\">\n<div class=\"wp-block-button\"><a class=\"wp-block-button__link has-background wp-element-button\" href=\"mailto:info@centrumBA.se?Subject=Handledning%20kring%20barn%20med%20autism\" style=\"background-color:#56699d\">E-mail us your inquiry about supervision of children with autism!<\/a><\/div>\n<\/div>\n\n\n\n<p><\/p>","protected":false},"excerpt":{"rendered":"<p>Vi handleder fr\u00e4mst professionella, men ibland \u00e4ven f\u00f6r\u00e4ldrar. Handledning kan ske b\u00e5de indirekt (prata om hur man kan g\u00f6ra) och direkt (coaching i faktiska situationer).<\/p>","protected":false},"author":1,"featured_media":4086,"parent":100,"menu_order":0,"comment_status":"closed","ping_status":"closed","template":"","meta":{"footnotes":""},"class_list":["post-105","page","type-page","status-publish","has-post-thumbnail","hentry"],"_links":{"self":[{"href":"https:\/\/centrumba.se\/en\/wp-json\/wp\/v2\/pages\/105","targetHints":{"allow":["GET"]}}],"collection":[{"href":"https:\/\/centrumba.se\/en\/wp-json\/wp\/v2\/pages"}],"about":[{"href":"https:\/\/centrumba.se\/en\/wp-json\/wp\/v2\/types\/page"}],"author":[{"embeddable":true,"href":"https:\/\/centrumba.se\/en\/wp-json\/wp\/v2\/users\/1"}],"replies":[{"embeddable":true,"href":"https:\/\/centrumba.se\/en\/wp-json\/wp\/v2\/comments?post=105"}],"version-history":[{"count":18,"href":"https:\/\/centrumba.se\/en\/wp-json\/wp\/v2\/pages\/105\/revisions"}],"predecessor-version":[{"id":7679,"href":"https:\/\/centrumba.se\/en\/wp-json\/wp\/v2\/pages\/105\/revisions\/7679"}],"up":[{"embeddable":true,"href":"https:\/\/centrumba.se\/en\/wp-json\/wp\/v2\/pages\/100"}],"wp:featuredmedia":[{"embeddable":true,"href":"https:\/\/centrumba.se\/en\/wp-json\/wp\/v2\/media\/4086"}],"wp:attachment":[{"href":"https:\/\/centrumba.se\/en\/wp-json\/wp\/v2\/media?parent=105"}],"curies":[{"name":"wp","href":"https:\/\/api.w.org\/{rel}","templated":true}]}}