{"id":107,"date":"2020-09-29T09:24:48","date_gmt":"2020-09-29T09:24:48","guid":{"rendered":"http:\/\/centrumba.se\/?page_id=107"},"modified":"2021-12-02T12:16:40","modified_gmt":"2021-12-02T12:16:40","slug":"hantering-och-forebyggande-av-beteendeproblem","status":"publish","type":"page","link":"https:\/\/centrumba.se\/en\/tjanster\/hantering-och-forebyggande-av-beteendeproblem\/","title":{"rendered":"Management and prevention of challenging behavior"},"content":{"rendered":"<p>Problem behaviors are behaviors that are dangerous or lead to negative development for someone, such as self-harm, fighting or screaming. It is possible to understand behavioral problems based on the context in which they occur. We can help to asses problem behaviors. An assesment guides how we change the environment to minimize problem behaviors.<\/p>\n\n\n\n<p>This can be in the form om\u00a0<a href=\"https:\/\/centrumba.se\/en\/handledning\/\">supervision<\/a>,\u00a0<a href=\"https:\/\/centrumba.se\/en\/f\u00f6r\u00e4ldrast\u00f6d\/\">parent support<\/a>\u00a0or as a school intervention. We can also\u00a0<a href=\"https:\/\/centrumba.se\/en\/utbildning\/\">educate<\/a>\u00a0in general strategies to reduce the risk of problem behaviors in, for example, a school class.<a href=\"https:\/\/centrumba.se\/en\/kontakt\/\" data-type=\"page\" data-id=\"182\"> Contact us <\/a>f\u00f6r mer information!<\/p>","protected":false},"excerpt":{"rendered":"<p>Beteendeproblem \u00e4r beteenden som \u00e4r farliga eller leder till negativ utveckling f\u00f6r n\u00e5gon, exempelvis sj\u00e4lvskadande, sl\u00e5ss eller att skrika. Det g\u00e5r att f\u00f6rst\u00e5 beteendeproblem utifr\u00e5n<\/p>","protected":false},"author":1,"featured_media":0,"parent":100,"menu_order":0,"comment_status":"closed","ping_status":"closed","template":"","meta":{"footnotes":""},"class_list":["post-107","page","type-page","status-publish","hentry"],"_links":{"self":[{"href":"https:\/\/centrumba.se\/en\/wp-json\/wp\/v2\/pages\/107","targetHints":{"allow":["GET"]}}],"collection":[{"href":"https:\/\/centrumba.se\/en\/wp-json\/wp\/v2\/pages"}],"about":[{"href":"https:\/\/centrumba.se\/en\/wp-json\/wp\/v2\/types\/page"}],"author":[{"embeddable":true,"href":"https:\/\/centrumba.se\/en\/wp-json\/wp\/v2\/users\/1"}],"replies":[{"embeddable":true,"href":"https:\/\/centrumba.se\/en\/wp-json\/wp\/v2\/comments?post=107"}],"version-history":[{"count":3,"href":"https:\/\/centrumba.se\/en\/wp-json\/wp\/v2\/pages\/107\/revisions"}],"predecessor-version":[{"id":1122,"href":"https:\/\/centrumba.se\/en\/wp-json\/wp\/v2\/pages\/107\/revisions\/1122"}],"up":[{"embeddable":true,"href":"https:\/\/centrumba.se\/en\/wp-json\/wp\/v2\/pages\/100"}],"wp:attachment":[{"href":"https:\/\/centrumba.se\/en\/wp-json\/wp\/v2\/media?parent=107"}],"curies":[{"name":"wp","href":"https:\/\/api.w.org\/{rel}","templated":true}]}}