{"id":111,"date":"2020-09-29T09:34:28","date_gmt":"2020-09-29T09:34:28","guid":{"rendered":"http:\/\/centrumba.se\/?page_id=111"},"modified":"2021-12-02T12:04:43","modified_gmt":"2021-12-02T12:04:43","slug":"anpassning-av-larmiljo","status":"publish","type":"page","link":"https:\/\/centrumba.se\/en\/tjanster\/anpassning-av-larmiljo\/","title":{"rendered":"Accommodations of learning environments"},"content":{"rendered":"<p>Learning always takes place in a context, and we learn things all the time in the situations we are in. In different environments, different behaviors that are important. For example, we are expected to do different things at home, at work and at school. With the help of research, we can support you to design environments to facilitate learning. We have knowledge of how classrooms can be designed and how to make functional analyzes of behaviors in different environments. <a href=\"https:\/\/centrumba.se\/en\/kontakt\/\" data-type=\"page\" data-id=\"182\">Contact us <\/a>if this is relevant to you!<\/p>\n\n\n\n<figure class=\"wp-block-image size-medium is-style-rounded\"><img fetchpriority=\"high\" decoding=\"async\" width=\"300\" height=\"192\" src=\"https:\/\/centrumba.se\/wp-content\/uploads\/2021\/02\/abc-alphabet-art-1337387-300x192.jpg\" alt=\"\" class=\"wp-image-611\" srcset=\"https:\/\/centrumba.se\/wp-content\/uploads\/2021\/02\/abc-alphabet-art-1337387-300x192.jpg 300w, https:\/\/centrumba.se\/wp-content\/uploads\/2021\/02\/abc-alphabet-art-1337387-1024x656.jpg 1024w, https:\/\/centrumba.se\/wp-content\/uploads\/2021\/02\/abc-alphabet-art-1337387-768x492.jpg 768w, https:\/\/centrumba.se\/wp-content\/uploads\/2021\/02\/abc-alphabet-art-1337387.jpg 1280w\" sizes=\"(max-width: 300px) 100vw, 300px\" \/><\/figure>","protected":false},"excerpt":{"rendered":"<p>L\u00e4rande sker alltid i ett sammanhang, och vi l\u00e4r oss saker hela tiden i de situationer vi vistas i. I olika milj\u00f6er har vi olika<\/p>","protected":false},"author":1,"featured_media":0,"parent":100,"menu_order":0,"comment_status":"closed","ping_status":"closed","template":"","meta":{"footnotes":""},"class_list":["post-111","page","type-page","status-publish","hentry"],"_links":{"self":[{"href":"https:\/\/centrumba.se\/en\/wp-json\/wp\/v2\/pages\/111","targetHints":{"allow":["GET"]}}],"collection":[{"href":"https:\/\/centrumba.se\/en\/wp-json\/wp\/v2\/pages"}],"about":[{"href":"https:\/\/centrumba.se\/en\/wp-json\/wp\/v2\/types\/page"}],"author":[{"embeddable":true,"href":"https:\/\/centrumba.se\/en\/wp-json\/wp\/v2\/users\/1"}],"replies":[{"embeddable":true,"href":"https:\/\/centrumba.se\/en\/wp-json\/wp\/v2\/comments?post=111"}],"version-history":[{"count":3,"href":"https:\/\/centrumba.se\/en\/wp-json\/wp\/v2\/pages\/111\/revisions"}],"predecessor-version":[{"id":1115,"href":"https:\/\/centrumba.se\/en\/wp-json\/wp\/v2\/pages\/111\/revisions\/1115"}],"up":[{"embeddable":true,"href":"https:\/\/centrumba.se\/en\/wp-json\/wp\/v2\/pages\/100"}],"wp:attachment":[{"href":"https:\/\/centrumba.se\/en\/wp-json\/wp\/v2\/media?parent=111"}],"curies":[{"name":"wp","href":"https:\/\/api.w.org\/{rel}","templated":true}]}}