{"id":113,"date":"2020-09-29T09:36:02","date_gmt":"2020-09-29T09:36:02","guid":{"rendered":"http:\/\/centrumba.se\/?page_id=113"},"modified":"2021-12-02T12:07:59","modified_gmt":"2021-12-02T12:07:59","slug":"skolpsykologtjanster","status":"publish","type":"page","link":"https:\/\/centrumba.se\/en\/tjanster\/skolpsykologtjanster\/","title":{"rendered":"School psychologist services"},"content":{"rendered":"<p>We can contribute with school psychologist competence to your student health (EHT). Our priority is to focus on prevention. For an as effective student health as possible, all student health professionals contribute with competence at all levels. At group level, at individual level,  and special support level. Psychology and behavioral research can inform all of these levels to create an as inclusive a school as possible.<\/p>\n\n\n\n<p>We are happy to gsupervise educators and other staff on various challenges, e.g. study climate or increased learning in the classroom. <a href=\"https:\/\/centrumba.se\/en\/kontakt\/\" data-type=\"page\" data-id=\"182\">Contact us<\/a> for information and pricing!<\/p>","protected":false},"excerpt":{"rendered":"<p>Vi kan bidra med skolpsykologkompetens till elevh\u00e4lsan (EHT). Vi prioriterar framf\u00f6rallt fokusera p\u00e5 f\u00f6rebyggande och fr\u00e4mjande arbete. F\u00f6r en s\u00e5 effektiv elevh\u00e4lsa som m\u00f6jligt bidrar<\/p>","protected":false},"author":1,"featured_media":0,"parent":100,"menu_order":0,"comment_status":"closed","ping_status":"closed","template":"","meta":{"footnotes":""},"class_list":["post-113","page","type-page","status-publish","hentry"],"_links":{"self":[{"href":"https:\/\/centrumba.se\/en\/wp-json\/wp\/v2\/pages\/113","targetHints":{"allow":["GET"]}}],"collection":[{"href":"https:\/\/centrumba.se\/en\/wp-json\/wp\/v2\/pages"}],"about":[{"href":"https:\/\/centrumba.se\/en\/wp-json\/wp\/v2\/types\/page"}],"author":[{"embeddable":true,"href":"https:\/\/centrumba.se\/en\/wp-json\/wp\/v2\/users\/1"}],"replies":[{"embeddable":true,"href":"https:\/\/centrumba.se\/en\/wp-json\/wp\/v2\/comments?post=113"}],"version-history":[{"count":3,"href":"https:\/\/centrumba.se\/en\/wp-json\/wp\/v2\/pages\/113\/revisions"}],"predecessor-version":[{"id":1118,"href":"https:\/\/centrumba.se\/en\/wp-json\/wp\/v2\/pages\/113\/revisions\/1118"}],"up":[{"embeddable":true,"href":"https:\/\/centrumba.se\/en\/wp-json\/wp\/v2\/pages\/100"}],"wp:attachment":[{"href":"https:\/\/centrumba.se\/en\/wp-json\/wp\/v2\/media?parent=113"}],"curies":[{"name":"wp","href":"https:\/\/api.w.org\/{rel}","templated":true}]}}