{"id":182,"date":"2020-10-02T16:11:44","date_gmt":"2020-10-02T16:11:44","guid":{"rendered":"http:\/\/centrumba.se\/?page_id=182"},"modified":"2025-02-10T15:04:54","modified_gmt":"2025-02-10T15:04:54","slug":"kontakt","status":"publish","type":"page","link":"https:\/\/centrumba.se\/en\/kontakt\/","title":{"rendered":"Contact"},"content":{"rendered":"<p>Please contact us for information about our services or our pricing!<\/p>\n\n\n\n<div class=\"wp-block-contact-form-7-contact-form-selector\">\n<div class=\"wpcf7 no-js\" id=\"wpcf7-f4125-o1\" lang=\"en-US\" dir=\"ltr\" data-wpcf7-id=\"4125\">\n<div class=\"screen-reader-response\"><p role=\"status\" aria-live=\"polite\" aria-atomic=\"true\"><\/p> <ul><\/ul><\/div>\n<form action=\"\/en\/wp-json\/wp\/v2\/pages\/182#wpcf7-f4125-o1\" method=\"post\" class=\"wpcf7-form init\" aria-label=\"Contact form\" novalidate=\"novalidate\" data-status=\"init\" data-trp-original-action=\"\/en\/wp-json\/wp\/v2\/pages\/182#wpcf7-f4125-o1\">\n<fieldset class=\"hidden-fields-container\"><input type=\"hidden\" name=\"_wpcf7\" value=\"4125\" \/><input type=\"hidden\" name=\"_wpcf7_version\" value=\"6.1.5\" \/><input type=\"hidden\" name=\"_wpcf7_locale\" value=\"en_US\" \/><input type=\"hidden\" name=\"_wpcf7_unit_tag\" value=\"wpcf7-f4125-o1\" \/><input type=\"hidden\" name=\"_wpcf7_container_post\" value=\"0\" \/><input type=\"hidden\" name=\"_wpcf7_posted_data_hash\" value=\"\" \/>\n<\/fieldset>\n<p><label> Name (*)<br \/>\n<span class=\"wpcf7-form-control-wrap\" data-name=\"your-name\"><input size=\"40\" maxlength=\"400\" class=\"wpcf7-form-control wpcf7-text wpcf7-validates-as-required\" aria-required=\"true\" aria-invalid=\"false\" value=\"\" type=\"text\" name=\"your-name\" \/><\/span> <\/label>\n<\/p>\n<p><label> Your e-mail adress (*)<br \/>\n<span class=\"wpcf7-form-control-wrap\" data-name=\"your-email\"><input size=\"40\" maxlength=\"400\" class=\"wpcf7-form-control wpcf7-email wpcf7-validates-as-required wpcf7-text wpcf7-validates-as-email\" aria-required=\"true\" aria-invalid=\"false\" value=\"\" type=\"email\" name=\"your-email\" \/><\/span> <\/label>\n<\/p>\n<p>Subject\n<\/p>\n<p><span class=\"wpcf7-form-control-wrap\" data-name=\"your-subject\"><select class=\"wpcf7-form-control wpcf7-select wpcf7-validates-as-required\" aria-required=\"true\" aria-invalid=\"false\" multiple=\"multiple\" name=\"your-subject[]\"><option value=\"Handledning\">Supervision<\/option><option value=\"Utbildning\">Trainings<\/option><option value=\"Annat\">Annat<\/option><\/select><\/span>\n<\/p>\n<p><label> Your message<br \/>\n<span class=\"wpcf7-form-control-wrap\" data-name=\"your-message\"><textarea cols=\"40\" rows=\"10\" maxlength=\"2000\" class=\"wpcf7-form-control wpcf7-textarea\" aria-invalid=\"false\" name=\"your-message\"><\/textarea><\/span> <\/label>\n<\/p>\n<p><input class=\"wpcf7-form-control wpcf7-submit has-spinner\" type=\"submit\" value=\"Send\" \/>\n<\/p><div class=\"wpcf7-response-output\" aria-hidden=\"true\"><\/div>\n<input type=\"hidden\" name=\"trp-form-language\" value=\"en\"\/><\/form>\n<\/div>\n<\/div>\n\n\n\n<figure class=\"wp-block-image is-resized\"><img fetchpriority=\"high\" decoding=\"async\" width=\"2347\" height=\"2347\" src=\"https:\/\/centrumba.se\/wp-content\/uploads\/2020\/09\/tobias-cirkel.png\" alt=\"\" class=\"wp-image-119\" style=\"width:150px;height:150px\" srcset=\"https:\/\/centrumba.se\/wp-content\/uploads\/2020\/09\/tobias-cirkel.png 2347w, https:\/\/centrumba.se\/wp-content\/uploads\/2020\/09\/tobias-cirkel-300x300.png 300w, https:\/\/centrumba.se\/wp-content\/uploads\/2020\/09\/tobias-cirkel-1024x1024.png 1024w, https:\/\/centrumba.se\/wp-content\/uploads\/2020\/09\/tobias-cirkel-150x150.png 150w, https:\/\/centrumba.se\/wp-content\/uploads\/2020\/09\/tobias-cirkel-768x768.png 768w, https:\/\/centrumba.se\/wp-content\/uploads\/2020\/09\/tobias-cirkel-1536x1536.png 1536w, https:\/\/centrumba.se\/wp-content\/uploads\/2020\/09\/tobias-cirkel-2048x2048.png 2048w\" sizes=\"(max-width: 2347px) 100vw, 2347px\" \/><\/figure>\n\n\n\n<p><em>Tobias Rasmussen<\/em> is a licensed psychologist educated at Stockholm University. After graduating in 2011, he has used behavioral analysis in various contexts: <a href=\"https:\/\/centrumba.se\/en\/offentliga-intensiva-insatser-i-stockholm\/\">Autismcenter f\u00f6r sm\u00e5barn (Autism center f\u00e5r small children)<\/a>, Stockholms Stad PLUS, KBT-gruppen, Academedia and <a href=\"https:\/\/centrumba.se\/en\/offentliga-intensiva-insatser-i-stockholm\/\">Banyan Center<\/a>, Psykolog Partners. He has experience in supervising educators and parents in intensive interventions for young children with autism, working as a school psychologist and educating and supervising in parent training. As a behavioral psychologist, he also conducts therapy for anxiety, stress, worrying and depression.<\/p>\n\n\n\n<p>Besides consulting for CBA Tobias works at Vestigio with <a href=\"http:\/\/paxiskolan.se\/\">PAX Good Behavior Game<\/a> and has a blogg about behavior analysis at <a href=\"http:\/\/beteendeanalys.nu\/\">Beteendeanalys.nu<\/a>. He is also a boardmember of <a href=\"http:\/\/swaba.se\/\">the Swedish Association for Behavior Analysis (SWABA)<\/a>. Tobias is co-author of the books <a href=\"http:\/\/bit.ly\/kopBMA\">\"Children with autism\"<\/a> and <a href=\"https:\/\/www.nok.se\/titlar\/laromedel-b2\/vanskap-skola-familjeliv\/\">V\u00e4nskap, skola, familjeliv<\/a>.<br><em>E-mail: <\/em><a href=\"mailto:tobias@centrumba.se\">tobias@centrumba.se<\/a><\/p>\n\n\n\n<figure class=\"wp-block-image is-resized\"><img decoding=\"async\" width=\"679\" height=\"679\" src=\"https:\/\/centrumba.se\/wp-content\/uploads\/2021\/04\/Oscar-cirkel.png\" alt=\"Oscar Str\u00f6mberg, CBA\" class=\"wp-image-683\" style=\"width:150px;height:150px\" srcset=\"https:\/\/centrumba.se\/wp-content\/uploads\/2021\/04\/Oscar-cirkel.png 679w, https:\/\/centrumba.se\/wp-content\/uploads\/2021\/04\/Oscar-cirkel-300x300.png 300w, https:\/\/centrumba.se\/wp-content\/uploads\/2021\/04\/Oscar-cirkel-150x150.png 150w\" sizes=\"(max-width: 679px) 100vw, 679px\" \/><\/figure>\n\n\n\n<p><em>Oscar Str\u00f6mberg <\/em>is a <a href=\"https:\/\/centrumba.se\/en\/certifiering-i-beteendeanalys-bcba\/\">a Board Certified Behavior Analyst (BCBA)<\/a> and a certified speech language pathologist graduated from Ume\u00e5 University in 2015. He also has a master's degree in special education with a focus on autism and ABA from Stockholm University in 2021. He has worked at<a href=\"https:\/\/centrumba.se\/en\/offentliga-intensiva-insatser-i-stockholm\/\"> Autismcenter f\u00f6r Sm\u00e5 barn (Autism center for small children)<\/a> in Stockholm and <a href=\"https:\/\/centrumba.se\/en\/offentliga-intensiva-insatser-i-stockholm\/\">Banyan Center<\/a>, Psykologpartners with both intensive and targeted interventions for young children with autism.<\/p>\n\n\n\n<p>In addition to his position at CBA, Oscar works as a special education teacher within the City of Stockholm. There, Oscar supervises five different elementary special schools at J\u00e4rvaf\u00e4ltet in ABA. Oscar is co-author of the book <a href=\"http:\/\/bit.ly\/kopBMA\">\"Children with autism\"<\/a>.<br><em>E-mail:<\/em> <a href=\"mailto:oscar@centrumBA.se\">oscar@centrumBA.se<\/a><\/p>\n\n\n                <div class=\"ml-embedded\" data-form=\"nGNaEj\"><\/div>","protected":false},"excerpt":{"rendered":"<p>Kontakta oss g\u00e4rna f\u00f6r information om vad vi kan hj\u00e4lpa till med eller offert! Tobias Rasmussen \u00e4r leg. psykolog utbildad vid Stockholms universitet. Efter examen<\/p>","protected":false},"author":1,"featured_media":0,"parent":0,"menu_order":0,"comment_status":"closed","ping_status":"closed","template":"","meta":{"footnotes":""},"class_list":["post-182","page","type-page","status-publish","hentry"],"_links":{"self":[{"href":"https:\/\/centrumba.se\/en\/wp-json\/wp\/v2\/pages\/182","targetHints":{"allow":["GET"]}}],"collection":[{"href":"https:\/\/centrumba.se\/en\/wp-json\/wp\/v2\/pages"}],"about":[{"href":"https:\/\/centrumba.se\/en\/wp-json\/wp\/v2\/types\/page"}],"author":[{"embeddable":true,"href":"https:\/\/centrumba.se\/en\/wp-json\/wp\/v2\/users\/1"}],"replies":[{"embeddable":true,"href":"https:\/\/centrumba.se\/en\/wp-json\/wp\/v2\/comments?post=182"}],"version-history":[{"count":9,"href":"https:\/\/centrumba.se\/en\/wp-json\/wp\/v2\/pages\/182\/revisions"}],"predecessor-version":[{"id":6681,"href":"https:\/\/centrumba.se\/en\/wp-json\/wp\/v2\/pages\/182\/revisions\/6681"}],"wp:attachment":[{"href":"https:\/\/centrumba.se\/en\/wp-json\/wp\/v2\/media?parent=182"}],"curies":[{"name":"wp","href":"https:\/\/api.w.org\/{rel}","templated":true}]}}