{"id":4019,"date":"2023-06-12T11:23:44","date_gmt":"2023-06-12T11:23:44","guid":{"rendered":"https:\/\/centrumba.se\/?page_id=4019"},"modified":"2023-06-12T13:38:08","modified_gmt":"2023-06-12T13:38:08","slug":"info","status":"publish","type":"page","link":"https:\/\/centrumba.se\/en\/info\/","title":{"rendered":"Info"},"content":{"rendered":"<p>H\u00e4r finns information om till\u00e4mpad beteendeanalys (TBA) och insatser f\u00f6r barn med autism samt information till dig oms \u00e4r f\u00f6r\u00e4lder till barn med autism. Du hittar ocks\u00e5 en ordlista kring n\u00e5gra vanliga ord som anv\u00e4nds kring autism och TBA.<\/p>\n\n\n\n<p><a href=\"https:\/\/centrumba.se\/en\/tba\/\">Information om TBA<\/a><br><a href=\"https:\/\/centrumba.se\/en\/tba\/ordlista\/\">Ordlista kring autism och TBA<\/a><br><a href=\"https:\/\/centrumba.se\/en\/certifiering-i-beteendeanalys-bcba\/\">Information om certifiering i beteendeanalys (BCBA)<\/a><br><a href=\"https:\/\/centrumba.se\/en\/tjanster\/tidiga-insatser-for-sma-barn-med-autism\/\">Information om tidiga insatser f\u00f6r sm\u00e5 barn med autism (EIBI, IBT, MII)<\/a><br><a href=\"https:\/\/centrumba.se\/en\/foralder-till-barn-med-autism\/\">Information till dig som \u00e4r f\u00f6r\u00e4lder till ett barn med autism<\/a><br><\/p>","protected":false},"excerpt":{"rendered":"<p>H\u00e4r finns information om till\u00e4mpad beteendeanalys (TBA) och insatser f\u00f6r barn med autism samt information till dig oms \u00e4r f\u00f6r\u00e4lder till barn med autism. Du<\/p>","protected":false},"author":1,"featured_media":4085,"parent":0,"menu_order":0,"comment_status":"closed","ping_status":"closed","template":"","meta":{"footnotes":""},"class_list":["post-4019","page","type-page","status-publish","has-post-thumbnail","hentry"],"_links":{"self":[{"href":"https:\/\/centrumba.se\/en\/wp-json\/wp\/v2\/pages\/4019","targetHints":{"allow":["GET"]}}],"collection":[{"href":"https:\/\/centrumba.se\/en\/wp-json\/wp\/v2\/pages"}],"about":[{"href":"https:\/\/centrumba.se\/en\/wp-json\/wp\/v2\/types\/page"}],"author":[{"embeddable":true,"href":"https:\/\/centrumba.se\/en\/wp-json\/wp\/v2\/users\/1"}],"replies":[{"embeddable":true,"href":"https:\/\/centrumba.se\/en\/wp-json\/wp\/v2\/comments?post=4019"}],"version-history":[{"count":1,"href":"https:\/\/centrumba.se\/en\/wp-json\/wp\/v2\/pages\/4019\/revisions"}],"predecessor-version":[{"id":4022,"href":"https:\/\/centrumba.se\/en\/wp-json\/wp\/v2\/pages\/4019\/revisions\/4022"}],"wp:featuredmedia":[{"embeddable":true,"href":"https:\/\/centrumba.se\/en\/wp-json\/wp\/v2\/media\/4085"}],"wp:attachment":[{"href":"https:\/\/centrumba.se\/en\/wp-json\/wp\/v2\/media?parent=4019"}],"curies":[{"name":"wp","href":"https:\/\/api.w.org\/{rel}","templated":true}]}}