{"id":6,"date":"2020-09-29T07:36:08","date_gmt":"2020-09-29T07:36:08","guid":{"rendered":"http:\/\/centrumba.se\/colibri-wp\/"},"modified":"2025-12-09T13:11:28","modified_gmt":"2025-12-09T13:11:28","slug":"colibri-wp","status":"publish","type":"page","link":"https:\/\/centrumba.se\/en\/","title":{"rendered":"Welcome!"},"content":{"rendered":"<p>Jobbar du med eller handleder kring barn med intellektuell funktionsneds\u00e4ttning och\/eller autism? Vi ger professionella redskap f\u00f6r att skapa utveckling och livskvalitet. <a href=\"https:\/\/centrumba.se\/en\/utbildningar\/\" data-type=\"page\" data-id=\"6648\">Missa inte v\u00e5ra utbildningar!<\/a> Vi ger psykologspecialistkursen <em>handledarutbildning i f\u00e4rdighetstr\u00e4ning vid autism<\/em> och utbildningen <em>f\u00e4rdighetstr\u00e4ning f\u00f6r livskvalitet<\/em> som riktar sig till professionella som jobbar med barn med autism inom LSS, f\u00f6rskola, habilitering och anpassad grundskola. Utbildningarna uppskattas f\u00f6r att de inneh\u00e5ller b\u00e5de teoretisk kunskap och praktisk \u00f6vning.<\/p>\n\n\n\n<p>Vi \u00e4r f\u00f6rfattare till <a href=\"https:\/\/www.studentlitteratur.se\/kompetensutveckling\/forskola\/specialpedagogik\/barn-med-autism\">Barn med autism \u2013 En handledarguide f\u00f6r grundl\u00e4ggande f\u00e4rdighetstr\u00e4ning (Children with Autism \u2013 A guide for supervision )<\/a>.<\/p>\n\n\n\n<h2 class=\"wp-block-heading\">Organizations who hire us<\/h2>\n\n\n\n<div class=\"wp-block-columns is-layout-flex wp-container-core-columns-is-layout-9d6595d7 wp-block-columns-is-layout-flex\">\n<div class=\"wp-block-column is-layout-flow wp-block-column-is-layout-flow\" style=\"flex-basis:33.34%\">\n<p class=\"has-text-align-center\"><img decoding=\"async\" width=\"150\" height=\"26\" class=\"wp-image-4029\" style=\"width: 150px;\" src=\"https:\/\/centrumba.se\/wp-content\/uploads\/2023\/06\/Magelungen-Akademi-liggande.png\" alt=\"Akademi Magelungen\" srcset=\"https:\/\/centrumba.se\/wp-content\/uploads\/2023\/06\/Magelungen-Akademi-liggande.png 1119w, https:\/\/centrumba.se\/wp-content\/uploads\/2023\/06\/Magelungen-Akademi-liggande-300x52.png 300w, https:\/\/centrumba.se\/wp-content\/uploads\/2023\/06\/Magelungen-Akademi-liggande-1024x177.png 1024w, https:\/\/centrumba.se\/wp-content\/uploads\/2023\/06\/Magelungen-Akademi-liggande-768x132.png 768w, https:\/\/centrumba.se\/wp-content\/uploads\/2023\/06\/Magelungen-Akademi-liggande-18x3.png 18w\" sizes=\"(max-width: 150px) 100vw, 150px\" \/><br><br><a href=\"https:\/\/magelungen.com\/akademi\" target=\"_blank\" rel=\"noreferrer noopener\">Akademi Magelungen<\/a><br><\/p>\n\n\n<div class=\"wp-block-image\">\n<figure class=\"aligncenter size-full is-resized\"><img decoding=\"async\" width=\"400\" height=\"102\" src=\"https:\/\/centrumba.se\/wp-content\/uploads\/2024\/04\/Qaskad-forskolor.png\" alt=\"\" class=\"wp-image-5352\" style=\"width:153px;height:auto\" srcset=\"https:\/\/centrumba.se\/wp-content\/uploads\/2024\/04\/Qaskad-forskolor.png 400w, https:\/\/centrumba.se\/wp-content\/uploads\/2024\/04\/Qaskad-forskolor-300x77.png 300w, https:\/\/centrumba.se\/wp-content\/uploads\/2024\/04\/Qaskad-forskolor-18x5.png 18w\" sizes=\"(max-width: 400px) 100vw, 400px\" \/><\/figure>\n<\/div>\n\n\n<p class=\"has-text-align-center\"><a href=\"http:\/\/qaskad.se\">Qaskad f\u00f6rskolor<\/a><\/p>\n<\/div>\n\n\n\n<div class=\"wp-block-column is-layout-flow wp-block-column-is-layout-flow\" style=\"flex-basis:33.34%\">\n<p class=\"has-text-align-center\"><img decoding=\"async\" width=\"30\" height=\"27\" class=\"wp-image-4030\" style=\"width: 30px;\" src=\"https:\/\/centrumba.se\/wp-content\/uploads\/2023\/06\/Friskolan-Asken.png\" alt=\"Friskolan Asken\" srcset=\"https:\/\/centrumba.se\/wp-content\/uploads\/2023\/06\/Friskolan-Asken.png 1018w, https:\/\/centrumba.se\/wp-content\/uploads\/2023\/06\/Friskolan-Asken-300x265.png 300w, https:\/\/centrumba.se\/wp-content\/uploads\/2023\/06\/Friskolan-Asken-768x679.png 768w, https:\/\/centrumba.se\/wp-content\/uploads\/2023\/06\/Friskolan-Asken-14x12.png 14w\" sizes=\"(max-width: 30px) 100vw, 30px\" \/><br><br><a href=\"https:\/\/www.friskolanasken.se\/\" target=\"_blank\" rel=\"noreferrer noopener\">Friskolan Asken<\/a><\/p>\n<\/div>\n\n\n\n<div class=\"wp-block-column is-layout-flow wp-block-column-is-layout-flow\" style=\"flex-basis:33.33%\">\n<p class=\"has-text-align-center\"><img loading=\"lazy\" decoding=\"async\" width=\"70\" height=\"25\" class=\"wp-image-4033\" style=\"width: 70px;\" src=\"https:\/\/centrumba.se\/wp-content\/uploads\/2023\/06\/Stockholms-stad-e1686573861540.png\" alt=\"Stockholms stad\" srcset=\"https:\/\/centrumba.se\/wp-content\/uploads\/2023\/06\/Stockholms-stad-e1686573861540.png 544w, https:\/\/centrumba.se\/wp-content\/uploads\/2023\/06\/Stockholms-stad-e1686573861540-300x108.png 300w, https:\/\/centrumba.se\/wp-content\/uploads\/2023\/06\/Stockholms-stad-e1686573861540-18x6.png 18w\" sizes=\"(max-width: 70px) 100vw, 70px\" \/><br><br><a href=\"https:\/\/start.stockholm\/\" target=\"_blank\" rel=\"noreferrer noopener\">Stockholms Stad<\/a><\/p>\n<\/div>\n<\/div>\n\n\n\n<p><\/p>\n\n\n\n<h2 class=\"wp-block-heading\">H\u00e5ll dig uppdaterad om vad som h\u00e4nder p\u00e5 Centrum f\u00f6r beteendeanalys!<\/h2>\n\n\n                <div class=\"ml-embedded\" data-form=\"nGNaEj\"><\/div>\n            \n\n\n\n<p><\/p>","protected":false},"excerpt":{"rendered":"<p>Jobbar du med eller handleder kring barn med intellektuell funktionsneds\u00e4ttning och\/eller autism? Vi ger professionella redskap f\u00f6r att skapa utveckling och livskvalitet. Missa inte v\u00e5ra<\/p>","protected":false},"author":1,"featured_media":4421,"parent":0,"menu_order":0,"comment_status":"closed","ping_status":"closed","template":"","meta":{"footnotes":""},"class_list":["post-6","page","type-page","status-publish","has-post-thumbnail","hentry"],"_links":{"self":[{"href":"https:\/\/centrumba.se\/en\/wp-json\/wp\/v2\/pages\/6","targetHints":{"allow":["GET"]}}],"collection":[{"href":"https:\/\/centrumba.se\/en\/wp-json\/wp\/v2\/pages"}],"about":[{"href":"https:\/\/centrumba.se\/en\/wp-json\/wp\/v2\/types\/page"}],"author":[{"embeddable":true,"href":"https:\/\/centrumba.se\/en\/wp-json\/wp\/v2\/users\/1"}],"replies":[{"embeddable":true,"href":"https:\/\/centrumba.se\/en\/wp-json\/wp\/v2\/comments?post=6"}],"version-history":[{"count":93,"href":"https:\/\/centrumba.se\/en\/wp-json\/wp\/v2\/pages\/6\/revisions"}],"predecessor-version":[{"id":7886,"href":"https:\/\/centrumba.se\/en\/wp-json\/wp\/v2\/pages\/6\/revisions\/7886"}],"wp:featuredmedia":[{"embeddable":true,"href":"https:\/\/centrumba.se\/en\/wp-json\/wp\/v2\/media\/4421"}],"wp:attachment":[{"href":"https:\/\/centrumba.se\/en\/wp-json\/wp\/v2\/media?parent=6"}],"curies":[{"name":"wp","href":"https:\/\/api.w.org\/{rel}","templated":true}]}}