{"id":6648,"date":"2025-02-07T14:08:42","date_gmt":"2025-02-07T14:08:42","guid":{"rendered":"https:\/\/centrumba.se\/?page_id=6648"},"modified":"2026-05-04T14:27:56","modified_gmt":"2026-05-04T14:27:56","slug":"utbildningar","status":"publish","type":"page","link":"https:\/\/centrumba.se\/en\/utbildningar\/","title":{"rendered":"Courses"},"content":{"rendered":"<div data-elementor-type=\"wp-page\" data-elementor-id=\"6648\" class=\"elementor elementor-6648\">\n\t\t\t\t\t\t<section class=\"elementor-section elementor-top-section elementor-element elementor-element-ce9f13c elementor-section-boxed elementor-section-height-default elementor-section-height-default\" data-id=\"ce9f13c\" data-element_type=\"section\" data-e-type=\"section\">\n\t\t\t\t\t\t<div class=\"elementor-container elementor-column-gap-default\">\n\t\t\t\t\t<div class=\"elementor-column elementor-col-100 elementor-top-column elementor-element elementor-element-884b359\" data-id=\"884b359\" data-element_type=\"column\" data-e-type=\"column\">\n\t\t\t<div class=\"elementor-widget-wrap elementor-element-populated\">\n\t\t\t\t\t\t<div class=\"elementor-element elementor-element-d30e8a3 elementor-widget elementor-widget-text-editor\" data-id=\"d30e8a3\" data-element_type=\"widget\" data-e-type=\"widget\" data-widget_type=\"text-editor.default\">\n\t\t\t\t<div class=\"elementor-widget-container\">\n\t\t\t\t\t\t\t\t\t<p>Lunchwebbinarium 22 maj om tr\u00e4ning i vardagssituationer. <a href=\"https:\/\/forms.gle\/1SbzdrHW2wHAt1xc6\">Anm\u00e4l dig h\u00e4r!<\/a><\/p>\t\t\t\t\t\t\t\t<\/div>\n\t\t\t\t<\/div>\n\t\t\t\t\t<\/div>\n\t\t<\/div>\n\t\t\t\t\t<\/div>\n\t\t<\/section>\n\t\t\t\t<section class=\"elementor-section elementor-top-section elementor-element elementor-element-b684b72 elementor-section-boxed elementor-section-height-default elementor-section-height-default\" data-id=\"b684b72\" data-element_type=\"section\" data-e-type=\"section\">\n\t\t\t\t\t\t<div class=\"elementor-container elementor-column-gap-default\">\n\t\t\t\t\t<div class=\"elementor-column elementor-col-50 elementor-top-column elementor-element elementor-element-24f36dc\" data-id=\"24f36dc\" data-element_type=\"column\" data-e-type=\"column\">\n\t\t\t<div class=\"elementor-widget-wrap elementor-element-populated\">\n\t\t\t\t\t\t<div class=\"elementor-element elementor-element-cd2ad54 elementor-widget__width-initial elementor-widget elementor-widget-text-editor\" data-id=\"cd2ad54\" data-element_type=\"widget\" data-e-type=\"widget\" data-widget_type=\"text-editor.default\">\n\t\t\t\t<div class=\"elementor-widget-container\">\n\t\t\t\t\t\t\t\t\t<h2>RA2602: Handledarutbildning i f\u00e4rdighetstr\u00e4ning vid autism (psykologspecialistkurs)<\/h2>\n<p>Denna specialistkurs \u00e4r riktad till dig som handleder kring barn med autism inom olika verksamheter som habilitering, LSS, anpassad grundskola och f\u00f6rskola. Du f\u00e5r under utbildningen till\u00e4gna dig kunskaper i till\u00e4mpad beteendeanalys (TBA) och insatser kring barn med autism. Utbildningen ger dig f\u00e4rdigheter inom omr\u00e5den som beteendeinriktad handledning, planering och utv\u00e4rdering av insatser, livskvalitet och social validitet, samt forskning och evidensbaserad praktik f\u00f6r m\u00e5lgruppen. Kursen best\u00e5r av fem tillf\u00e4llen och \u00e4r ackrediterad f\u00f6r 1 f\u00f6rdjupningskurs inom pedagogisk psykologi samt funktionshindrens psykologi. Kursen godk\u00e4nns \u00e4ven som en breddkurs inom \u00f6vriga specialiteter. Det g\u00e5r ocks\u00e5 att g\u00e5 utbildningen utanf\u00f6r ramen f\u00f6r specialistordningen, men det g\u00e5r inte att tillgodor\u00e4kna sig den som specialistkurs i efterhand.<\/p>\n<p><img decoding=\"async\" src=\"https:\/\/centrumba.se\/wp-content\/uploads\/2025\/12\/Citat-specialist-HT25-02-300x51.avif\" alt=\"\" width=\"300\" height=\"51\" \/><\/p>\n<p><strong>Praktisk information<\/strong><\/p>\n<p><em>Plats:<\/em> Bj\u00f6rng\u00e5rdsgatan 1A, 118 52 Stockholm<br \/><em>Datum:<\/em> Fem heldagar: 3-4 september, 1-2 oktober, 23 oktober 2026<\/p>\n<p><em>Kurskod:<\/em> RA2602<br \/><a href=\"https:\/\/drive.google.com\/file\/d\/1HjQHMoY0BxwH7ZTGWUplDmaCxuOs91sJ\/view?usp=share_link\">Kursinformation<\/a><\/p>\n<p><em>Pris:<\/em> 21900 kr + moms f\u00f6r undervisning samt specialistexamination. 19900 kr + moms f\u00f6r undervisning samt vanlig examination.<\/p>\n<div>\u00a0<\/div>\n<div>\n<div class=\"wp-block-buttons\">\n<div class=\"wp-block-button\"><a class=\"wp-block-button__link has-background wp-element-button\" style=\"background-color: #586a9e;\" href=\"https:\/\/forms.gle\/FLikAcQrvLf3cekg6\">Anm\u00e4l dig till psykologspecialistkurs<\/a><\/div>\n<!-- \/wp:button --><\/div>\n<!-- \/wp:buttons --><!-- wp:buttons -->\n<div class=\"wp-block-buttons\"><!-- wp:button {\"style\":{\"color\":{\"background\":\"#586a9e\"}}} -->\n<div class=\"wp-block-button\"><a class=\"wp-block-button__link has-background wp-element-button\" style=\"background-color: #586a9e;\" href=\"https:\/\/forms.gle\/TdP83fAiqswXnWcUA\">Intresseanm\u00e4lan psykologspecialistkurs<\/a><\/div>\n<!-- \/wp:button --><\/div>\n<!-- \/wp:buttons --><!-- wp:paragraph -->\n<p>\u00a0<\/p>\n<\/div>\t\t\t\t\t\t\t\t<\/div>\n\t\t\t\t<\/div>\n\t\t\t\t\t<\/div>\n\t\t<\/div>\n\t\t\t\t<div class=\"elementor-column elementor-col-50 elementor-top-column elementor-element elementor-element-7203cf8\" data-id=\"7203cf8\" data-element_type=\"column\" data-e-type=\"column\">\n\t\t\t<div class=\"elementor-widget-wrap elementor-element-populated\">\n\t\t\t\t\t\t<div class=\"elementor-element elementor-element-4f31112 elementor-widget__width-initial elementor-widget elementor-widget-text-editor\" data-id=\"4f31112\" data-element_type=\"widget\" data-e-type=\"widget\" data-widget_type=\"text-editor.default\">\n\t\t\t\t<div class=\"elementor-widget-container\">\n\t\t\t\t\t\t\t\t\t<h2 id=\"FFL\" class=\"wp-block-heading\">Utbildningen F\u00e4rdighetstr\u00e4ning f\u00f6r livskvalitet<\/h2>\n<p><!-- \/wp:heading --><!-- wp:image {\"id\":7878,\"sizeSlug\":\"full\",\"linkDestination\":\"none\"} --><\/p>\n<p><!-- \/wp:image --><!-- wp:paragraph --><\/p>\n<p>Utbildning i f\u00e4rdighetstr\u00e4ning f\u00f6r barn med autism inom LSS, f\u00f6rskola och anpassad grundskola. Utbildningen riktar sig till professionella med ett handledande eller undervisande uppdrag kring barn och ungdomar med autism, med eller utan intellektuell<br>funktionsneds\u00e4ttning och bygger p\u00e5 till\u00e4mpad beteendeanalys (TBA). Vanliga yrkesgrupper f\u00f6r utbildningen \u00e4r specialpedagoger, speciall\u00e4rare, f\u00f6rskoll\u00e4rare, l\u00e4rare, arbetsterapeuter, logopeder, fysioterapeuter eller psykologer.<\/p>\n<p><!-- \/wp:paragraph --><!-- wp:paragraph --><\/p>\n<p><strong>Praktisk information<\/strong><\/p>\n<p><!-- \/wp:paragraph --><!-- wp:paragraph --><\/p>\n<p><em>Plats:<\/em> Bj\u00f6rng\u00e5rdsgatan 1A, 118 52 Stockholm<br><em>Datum:<\/em> Fem heldagar: 27 -28 augusti, 17-18 september, 16 oktober<br><a href=\"https:\/\/drive.google.com\/file\/d\/1DY7IaWMEH_0wFLc6nvuBUFrdzhhPrEX1\/view?usp=sharing\">kursinformation<\/a><\/p>\n<p><!-- \/wp:paragraph --><!-- wp:paragraph --><\/p>\n<p><em>Pris:<\/em> 19900 kr + moms<\/p>\n<p><!-- \/wp:paragraph --><!-- wp:paragraph --><\/p>\n<p><img data-dominant-color=\"eaebec\" data-has-transparency=\"false\" style=\"--dominant-color: #eaebec;\" decoding=\"async\" class=\"alignnone size-medium wp-image-7878 not-transparent\" src=\"https:\/\/centrumba.se\/wp-content\/uploads\/2025\/12\/Citat-FFl-HT25-300x51.avif\" alt=\"\" width=\"300\" height=\"51\" srcset=\"https:\/\/centrumba.se\/wp-content\/uploads\/2025\/12\/Citat-FFl-HT25-300x51.avif 300w, https:\/\/centrumba.se\/wp-content\/uploads\/2025\/12\/Citat-FFl-HT25-18x3.avif 18w, https:\/\/centrumba.se\/wp-content\/uploads\/2025\/12\/Citat-FFl-HT25.avif 726w\" sizes=\"(max-width: 300px) 100vw, 300px\" \/><\/p>\n<p><!-- \/wp:paragraph --><!-- wp:buttons --><\/p>\n<div class=\"wp-block-buttons\">\n<p><!-- wp:button {\"style\":{\"color\":{\"background\":\"#586a9e\"}}} --><\/p>\n<div class=\"wp-block-button\"><a class=\"wp-block-button__link has-background wp-element-button\" style=\"background-color: #586a9e;\" href=\"https:\/\/forms.gle\/m3r5earoa7CEpQny5\">Anm\u00e4l dig till F\u00e4rdighetstr\u00e4ning f\u00f6r livskvalitet<\/a><\/div>\n<p><!-- \/wp:button --><\/p>\n<\/div>\n<p><!-- \/wp:buttons --><!-- wp:buttons --><\/p>\n<div class=\"wp-block-buttons\">\n<p><!-- wp:button {\"style\":{\"color\":{\"background\":\"#586a9e\"}}} --><\/p>\n<div class=\"wp-block-button\"><a class=\"wp-block-button__link has-background wp-element-button\" style=\"background-color: #586a9e;\" href=\"https:\/\/forms.gle\/BXr4LqVALdT9PVNX7\">Intresseanm\u00e4lan F\u00e4rdighetstr\u00e4ning f\u00f6r livskvalitet<\/a><\/div>\n<div><em>Kursen kan ocks\u00e5 ges som uppdragsutbildning. Vi har t.ex. utbildat habilitering och specialpedagoger i central elevh\u00e4lsa f\u00f6r f\u00f6rskola. Vid uppdragsutbildningen kan utbildningen anpassas en del till era behov. h\u00f6r av dig med en intresseanm\u00e4lan om det kan vara intressant<\/em>!<\/div>\n<\/div>\t\t\t\t\t\t\t\t<\/div>\n\t\t\t\t<\/div>\n\t\t\t\t\t<\/div>\n\t\t<\/div>\n\t\t\t\t\t<\/div>\n\t\t<\/section>\n\t\t\t\t<section class=\"elementor-section elementor-top-section elementor-element elementor-element-d07e542 elementor-section-boxed elementor-section-height-default elementor-section-height-default\" data-id=\"d07e542\" data-element_type=\"section\" data-e-type=\"section\">\n\t\t\t\t\t\t<div class=\"elementor-container elementor-column-gap-default\">\n\t\t\t\t\t<div class=\"elementor-column elementor-col-50 elementor-top-column elementor-element elementor-element-5b94b90\" data-id=\"5b94b90\" data-element_type=\"column\" data-e-type=\"column\">\n\t\t\t<div class=\"elementor-widget-wrap elementor-element-populated\">\n\t\t\t\t\t\t<div class=\"elementor-element elementor-element-5cc33cf elementor-widget elementor-widget-text-editor\" data-id=\"5cc33cf\" data-element_type=\"widget\" data-e-type=\"widget\" data-widget_type=\"text-editor.default\">\n\t\t\t\t<div class=\"elementor-widget-container\">\n\t\t\t\t\t\t\t\t\t<h2>Utbildning i m\u00e5ngsidiga tidiga beteendeinsatser (MIB\/EIBI)<\/h2>\n<p><!-- \/wp:heading --><!-- wp:paragraph --><\/p>\n<p>Denna p\u00e5byggnadsutbildning riktar sig till dig som redan g\u00e5tt v\u00e5r psykologspecialistkurs i f\u00e4rdighetstr\u00e4ning eller F\u00e4rdighetstr\u00e4ning f\u00f6r livskvalitet. Den ger f\u00f6rdjupning kring forskningsst\u00f6d och hur man anv\u00e4nder kunskaper i f\u00e4rdighetstr\u00e4ning f\u00f6r att bygga m\u00e5ngsidiga tidiga beteendeinsatser. Den passar fr\u00e4mst dig vars verksamhet inte har rutiner f\u00f6r MIB\/EIBI \u00e4n. Socialstyrelsen rekommenderar MIB till barn 0-5 \u00e5r som diagnosticeras med autism.<\/p>\n<p><strong>Praktisk information<\/strong><\/p>\n<p>Utbildningen ges online via Zoom och \u00e4r tv\u00e5 dagar.\u00a0<strong>Utbildningen ges under f\u00f6ruts\u00e4ttning att vi f\u00e5r in tillr\u00e4ckligt m\u00e5nga intresseanm\u00e4lningar<\/strong>!<\/p>\n<p><!-- \/wp:paragraph --><!-- wp:paragraph --><\/p>\n<p><!-- \/wp:paragraph --><!-- wp:buttons --><\/p>\n<div class=\"wp-block-buttons\">\n<p><!-- wp:button {\"style\":{\"color\":{\"background\":\"#586a9e\"}}} --><\/p>\n<div class=\"wp-block-button\"><a class=\"wp-block-button__link has-background wp-element-button\" style=\"background-color: #586a9e;\" href=\"https:\/\/forms.gle\/TqUYbGKsu89uPEDh9\">Intresseanm\u00e4lan till EIBI\/MIB-utbildning<\/a><\/div>\n<\/div>\t\t\t\t\t\t\t\t<\/div>\n\t\t\t\t<\/div>\n\t\t\t\t\t<\/div>\n\t\t<\/div>\n\t\t\t\t<div class=\"elementor-column elementor-col-50 elementor-top-column elementor-element elementor-element-36146be\" data-id=\"36146be\" data-element_type=\"column\" data-e-type=\"column\">\n\t\t\t<div class=\"elementor-widget-wrap elementor-element-populated\">\n\t\t\t\t\t\t<div class=\"elementor-element elementor-element-4410422 elementor-widget elementor-widget-text-editor\" data-id=\"4410422\" data-element_type=\"widget\" data-e-type=\"widget\" data-widget_type=\"text-editor.default\">\n\t\t\t\t<div class=\"elementor-widget-container\">\n\t\t\t\t\t\t\t\t\t<h2 id=\"BMA\" class=\"wp-block-heading\">F\u00f6r\u00e4ldrautbildningen Barn med autism<\/h2>\n<p><!-- \/wp:heading --><!-- wp:paragraph --><\/p>\n<p>Vi ger vid tillr\u00e4ckligt intresse f\u00f6r\u00e4ldrautbildning i f\u00e4rdighetstr\u00e4ning utifr\u00e5n v\u00e5r bok <a href=\"https:\/\/bit.ly\/kopBMA\">\"Children with autism\"<\/a>. Denna ger kunskap kring hur du kan f\u00e4rdighetstr\u00e4na med ditt barn. Utbildningen f\u00f6ruts\u00e4tter att du har ett barn med autism eller autismliknande problem med kommunikation och samspel som du kan tr\u00e4na med mellan utbildningstillf\u00e4llena. Tveka inte att g\u00f6ra intresseanm\u00e4lan, d\u00e5 den \u00f6kar chansen att kursen ges utan att binda dig till n\u00e5got!<\/p>\n<p><!-- \/wp:paragraph --><!-- wp:paragraph --><\/p>\n<p><strong>Praktisk information<\/strong><\/p>\n<p><!-- \/wp:paragraph --><!-- wp:paragraph --><\/p>\n<p>Utbildningen sker online via Zoom under fyra tv\u00e5timmarstillf\u00e4llen under dagtid<br \/><em>Pris:<\/em> 3000 kr (+moms) per f\u00f6r\u00e4ldrapar<\/p>\n<p><!-- \/wp:paragraph --><!-- wp:buttons --><\/p>\n<div class=\"wp-block-buttons\">\n<p><!-- wp:button {\"style\":{\"color\":{\"background\":\"#586a9e\"}}} --><\/p>\n<div class=\"wp-block-button\"><a class=\"wp-block-button__link has-background wp-element-button\" style=\"background-color: #586a9e;\" href=\"https:\/\/forms.gle\/tuUUz1hoXtTKJQhMA\">Intresseanm\u00e4lan till f\u00f6r\u00e4ldrautbildning<\/a><\/div>\n<\/div>\t\t\t\t\t\t\t\t<\/div>\n\t\t\t\t<\/div>\n\t\t\t\t\t<\/div>\n\t\t<\/div>\n\t\t\t\t\t<\/div>\n\t\t<\/section>\n\t\t\t\t<section class=\"elementor-section elementor-top-section elementor-element elementor-element-5d038d08 elementor-section-boxed elementor-section-height-default elementor-section-height-default\" data-id=\"5d038d08\" data-element_type=\"section\" data-e-type=\"section\">\n\t\t\t\t\t\t<div class=\"elementor-container elementor-column-gap-default\">\n\t\t\t\t\t<div class=\"elementor-column elementor-col-100 elementor-top-column elementor-element elementor-element-7ac50f17\" data-id=\"7ac50f17\" data-element_type=\"column\" data-e-type=\"column\">\n\t\t\t<div class=\"elementor-widget-wrap elementor-element-populated\">\n\t\t\t\t\t\t<div class=\"elementor-element elementor-element-2c05ef37 elementor-widget elementor-widget-text-editor\" data-id=\"2c05ef37\" data-element_type=\"widget\" data-e-type=\"widget\" data-widget_type=\"text-editor.default\">\n\t\t\t\t<div class=\"elementor-widget-container\">\n\t\t\t\t\t\t\t\t\t<div class=\"wp-block-buttons\">\n<div class=\"wp-block-button\">\u00a0<\/div>\n<p><!-- \/wp:button --><\/p>\n<\/div>\n<p><!-- \/wp:buttons --><!-- wp:shortcode --><\/p>\n                <div class=\"ml-embedded\" data-form=\"nGNaEj\"><\/div>\n            \n<p><!-- \/wp:shortcode --><\/p>\t\t\t\t\t\t\t\t<\/div>\n\t\t\t\t<\/div>\n\t\t\t\t\t<\/div>\n\t\t<\/div>\n\t\t\t\t\t<\/div>\n\t\t<\/section>\n\t\t\t\t<\/div>","protected":false},"excerpt":{"rendered":"<p>Lunchwebbinarium 22 maj om tr\u00e4ning i vardagssituationer. Anm\u00e4l dig h\u00e4r! RA2602: Handledarutbildning i f\u00e4rdighetstr\u00e4ning vid autism (psykologspecialistkurs) Denna specialistkurs \u00e4r riktad till dig som handleder<\/p>","protected":false},"author":1,"featured_media":6830,"parent":0,"menu_order":0,"comment_status":"closed","ping_status":"closed","template":"","meta":{"footnotes":""},"class_list":["post-6648","page","type-page","status-publish","has-post-thumbnail","hentry"],"_links":{"self":[{"href":"https:\/\/centrumba.se\/en\/wp-json\/wp\/v2\/pages\/6648","targetHints":{"allow":["GET"]}}],"collection":[{"href":"https:\/\/centrumba.se\/en\/wp-json\/wp\/v2\/pages"}],"about":[{"href":"https:\/\/centrumba.se\/en\/wp-json\/wp\/v2\/types\/page"}],"author":[{"embeddable":true,"href":"https:\/\/centrumba.se\/en\/wp-json\/wp\/v2\/users\/1"}],"replies":[{"embeddable":true,"href":"https:\/\/centrumba.se\/en\/wp-json\/wp\/v2\/comments?post=6648"}],"version-history":[{"count":76,"href":"https:\/\/centrumba.se\/en\/wp-json\/wp\/v2\/pages\/6648\/revisions"}],"predecessor-version":[{"id":8397,"href":"https:\/\/centrumba.se\/en\/wp-json\/wp\/v2\/pages\/6648\/revisions\/8397"}],"wp:featuredmedia":[{"embeddable":true,"href":"https:\/\/centrumba.se\/en\/wp-json\/wp\/v2\/media\/6830"}],"wp:attachment":[{"href":"https:\/\/centrumba.se\/en\/wp-json\/wp\/v2\/media?parent=6648"}],"curies":[{"name":"wp","href":"https:\/\/api.w.org\/{rel}","templated":true}]}}