{"id":891,"date":"2021-10-26T11:49:54","date_gmt":"2021-10-26T11:49:54","guid":{"rendered":"https:\/\/centrumba.se\/?page_id=891"},"modified":"2021-11-29T13:07:20","modified_gmt":"2021-11-29T13:07:20","slug":"certifiering-i-beteendeanalys-bcba","status":"publish","type":"page","link":"https:\/\/centrumba.se\/en\/certifiering-i-beteendeanalys-bcba\/","title":{"rendered":"Certification in behavior analysis (BCBA)"},"content":{"rendered":"<p><a href=\"http:\/\/bacb.com\">Behavior Analyst Certification Board (BACB)<\/a> is an American association that certifies behavioral analysts. The purpose of the certification is to increase patient safety for behavioral analysis interventions. To become a certified behavioral analyst (BCBA) requires a master's in behavioral analysis, education or psychology as well as an approved course sequence on an accredited education in behavioral analysis and 1500 hours of behavioral analysis work under the supervision of a BCBA. When you have completed the course, you also need to pass an examination. In Sweden, there are 17 certified behavioral analysts. If you want to find a Swedish BCBA, go to&nbsp;<a href=\"https:\/\/www.bacb.com\/services\/o.php?page=100155\">BACB's search function<\/a>&nbsp;and select Sweden under International before applying. Our speech language pathologist <a href=\"https:\/\/centrumba.se\/en\/om-cba\/#oscar\" data-type=\"URL\" data-id=\"https:\/\/centrumba.se\/om-cba#oscar\">Oscar Str\u00f6mberg<\/a> is a BCBA.<\/p>","protected":false},"excerpt":{"rendered":"<p>Behavior Analyst Certification Board (BACB) \u00e4r en amerikansk f\u00f6rening som certifierar beteendeanalytiker. Tanken med certifieringen \u00e4r att \u00f6ka patients\u00e4kerheten f\u00f6r beteendeanalystiska interventioner. F\u00f6r att bli<\/p>","protected":false},"author":1,"featured_media":0,"parent":0,"menu_order":0,"comment_status":"closed","ping_status":"closed","template":"","meta":{"footnotes":""},"class_list":["post-891","page","type-page","status-publish","hentry"],"_links":{"self":[{"href":"https:\/\/centrumba.se\/en\/wp-json\/wp\/v2\/pages\/891","targetHints":{"allow":["GET"]}}],"collection":[{"href":"https:\/\/centrumba.se\/en\/wp-json\/wp\/v2\/pages"}],"about":[{"href":"https:\/\/centrumba.se\/en\/wp-json\/wp\/v2\/types\/page"}],"author":[{"embeddable":true,"href":"https:\/\/centrumba.se\/en\/wp-json\/wp\/v2\/users\/1"}],"replies":[{"embeddable":true,"href":"https:\/\/centrumba.se\/en\/wp-json\/wp\/v2\/comments?post=891"}],"version-history":[{"count":6,"href":"https:\/\/centrumba.se\/en\/wp-json\/wp\/v2\/pages\/891\/revisions"}],"predecessor-version":[{"id":1079,"href":"https:\/\/centrumba.se\/en\/wp-json\/wp\/v2\/pages\/891\/revisions\/1079"}],"wp:attachment":[{"href":"https:\/\/centrumba.se\/en\/wp-json\/wp\/v2\/media?parent=891"}],"curies":[{"name":"wp","href":"https:\/\/api.w.org\/{rel}","templated":true}]}}