{"id":96,"date":"2020-09-29T09:15:50","date_gmt":"2020-09-29T09:15:50","guid":{"rendered":"http:\/\/centrumba.se\/?page_id=96"},"modified":"2021-12-02T12:06:58","modified_gmt":"2021-12-02T12:06:58","slug":"foraldrastod","status":"publish","type":"page","link":"https:\/\/centrumba.se\/en\/tjanster\/foraldrastod\/","title":{"rendered":"Parent support and training"},"content":{"rendered":"<p>We offer parental support to you who need help with a child's problem behaviors, excessive fear, anxiety or other types of difficulties.<\/p>\n\n\n\n<p>F\u00f6r\u00e4ldrast\u00f6det kan best\u00e5 i att du som viktig vuxen f\u00e5r samtala om det som \u00e4r sv\u00e5rt. Vi hj\u00e4lper ocks\u00e5 g\u00e4rna till genom att vara med och coacha i de situationer som ofta blir sv\u00e5ra. Denna typ av direkt st\u00f6d \u00e4r ofta v\u00e4ldigt effektivt. Vi startat alltid med ett samtal utan barnet med f\u00f6r att ringa in vilket st\u00f6d som beh\u00f6vs. <a href=\"https:\/\/centrumba.se\/en\/kontakt\/\" data-type=\"page\" data-id=\"182\">Contact us<\/a> for information about how we can help you!<\/p>\n\n\n\n<div class=\"wp-block-image is-style-rounded\"><figure class=\"aligncenter size-medium\"><img fetchpriority=\"high\" decoding=\"async\" width=\"285\" height=\"300\" src=\"https:\/\/centrumba.se\/wp-content\/uploads\/2021\/02\/Skarmavbild-2019-06-02-kl.-12.09.51-285x300.png\" alt=\"\" class=\"wp-image-605\" srcset=\"https:\/\/centrumba.se\/wp-content\/uploads\/2021\/02\/Skarmavbild-2019-06-02-kl.-12.09.51-285x300.png 285w, https:\/\/centrumba.se\/wp-content\/uploads\/2021\/02\/Skarmavbild-2019-06-02-kl.-12.09.51-768x807.png 768w, https:\/\/centrumba.se\/wp-content\/uploads\/2021\/02\/Skarmavbild-2019-06-02-kl.-12.09.51.png 778w\" sizes=\"(max-width: 285px) 100vw, 285px\" \/><figcaption>We offer parental support for children from 2 years and up<\/figcaption><\/figure><\/div>","protected":false},"excerpt":{"rendered":"<p>Vi erbjuder f\u00f6r\u00e4ldrast\u00f6d till dig som beh\u00f6ver hj\u00e4lp med ett barns problembeteenden, \u00f6verdriven r\u00e4dsla, oro eller andra typer av sv\u00e5righeter. F\u00f6r\u00e4ldrast\u00f6det kan best\u00e5 i att<\/p>","protected":false},"author":1,"featured_media":0,"parent":100,"menu_order":0,"comment_status":"closed","ping_status":"closed","template":"","meta":{"footnotes":""},"class_list":["post-96","page","type-page","status-publish","hentry"],"_links":{"self":[{"href":"https:\/\/centrumba.se\/en\/wp-json\/wp\/v2\/pages\/96","targetHints":{"allow":["GET"]}}],"collection":[{"href":"https:\/\/centrumba.se\/en\/wp-json\/wp\/v2\/pages"}],"about":[{"href":"https:\/\/centrumba.se\/en\/wp-json\/wp\/v2\/types\/page"}],"author":[{"embeddable":true,"href":"https:\/\/centrumba.se\/en\/wp-json\/wp\/v2\/users\/1"}],"replies":[{"embeddable":true,"href":"https:\/\/centrumba.se\/en\/wp-json\/wp\/v2\/comments?post=96"}],"version-history":[{"count":6,"href":"https:\/\/centrumba.se\/en\/wp-json\/wp\/v2\/pages\/96\/revisions"}],"predecessor-version":[{"id":1106,"href":"https:\/\/centrumba.se\/en\/wp-json\/wp\/v2\/pages\/96\/revisions\/1106"}],"up":[{"embeddable":true,"href":"https:\/\/centrumba.se\/en\/wp-json\/wp\/v2\/pages\/100"}],"wp:attachment":[{"href":"https:\/\/centrumba.se\/en\/wp-json\/wp\/v2\/media?parent=96"}],"curies":[{"name":"wp","href":"https:\/\/api.w.org\/{rel}","templated":true}]}}