{"id":997,"date":"2021-11-22T12:01:35","date_gmt":"2021-11-22T12:01:35","guid":{"rendered":"https:\/\/centrumba.se\/?page_id=997"},"modified":"2021-12-02T12:18:05","modified_gmt":"2021-12-02T12:18:05","slug":"beteendeterapi","status":"publish","type":"page","link":"https:\/\/centrumba.se\/en\/tjanster\/beteendeterapi\/","title":{"rendered":"Behavior therapy (CBT)"},"content":{"rendered":"<p>We offer behavior therapy to adults and children. This type of therapy is effective for e.g. anxiety problems such as phobias, panic disorder, separation anxiety and anxiety problems as well as depressive difficulties. Behavior therapy is based on assessing what perpetuates difficulties and then trying to do things differently and evaluating how it affects life and the mind. <a href=\"https:\/\/centrumba.se\/en\/kontakt\/\" data-type=\"page\" data-id=\"182\">Contact us<\/a> to book an appointment or get more information!<\/p>","protected":false},"excerpt":{"rendered":"<p>Vi erbjuder beteendeterapi till vuxna och barn. Denna typ av terapi \u00e4r effektiv f\u00f6r bl.a. \u00e5ngestproblem s\u00e5som fobier, panik\u00e5ngest, separations\u00e5ngest och orosproblematik samt depressiva sv\u00e5righeter.<\/p>","protected":false},"author":1,"featured_media":0,"parent":100,"menu_order":0,"comment_status":"closed","ping_status":"closed","template":"","meta":{"footnotes":""},"class_list":["post-997","page","type-page","status-publish","hentry"],"_links":{"self":[{"href":"https:\/\/centrumba.se\/en\/wp-json\/wp\/v2\/pages\/997","targetHints":{"allow":["GET"]}}],"collection":[{"href":"https:\/\/centrumba.se\/en\/wp-json\/wp\/v2\/pages"}],"about":[{"href":"https:\/\/centrumba.se\/en\/wp-json\/wp\/v2\/types\/page"}],"author":[{"embeddable":true,"href":"https:\/\/centrumba.se\/en\/wp-json\/wp\/v2\/users\/1"}],"replies":[{"embeddable":true,"href":"https:\/\/centrumba.se\/en\/wp-json\/wp\/v2\/comments?post=997"}],"version-history":[{"count":3,"href":"https:\/\/centrumba.se\/en\/wp-json\/wp\/v2\/pages\/997\/revisions"}],"predecessor-version":[{"id":1123,"href":"https:\/\/centrumba.se\/en\/wp-json\/wp\/v2\/pages\/997\/revisions\/1123"}],"up":[{"embeddable":true,"href":"https:\/\/centrumba.se\/en\/wp-json\/wp\/v2\/pages\/100"}],"wp:attachment":[{"href":"https:\/\/centrumba.se\/en\/wp-json\/wp\/v2\/media?parent=997"}],"curies":[{"name":"wp","href":"https:\/\/api.w.org\/{rel}","templated":true}]}}