{"id":100,"date":"2020-09-29T09:19:01","date_gmt":"2020-09-29T09:19:01","guid":{"rendered":"http:\/\/centrumba.se\/?page_id=100"},"modified":"2021-11-29T13:09:50","modified_gmt":"2021-11-29T13:09:50","slug":"tjanster","status":"publish","type":"page","link":"https:\/\/centrumba.se\/sv\/tjanster\/","title":{"rendered":"Tj\u00e4nster"},"content":{"rendered":"\n<p>Vi p\u00e5 CBA har legitimation inom n\u00e5got v\u00e5rdyrke (psykolog, logoped) och m\u00e5ng\u00e5rig erfarenhet av tj\u00e4nsterna vi erbjuder, nedan f\u00f6ljer exempel p\u00e5 vad vi kan hj\u00e4lpa till med. Vid tj\u00e4nster som definieras som v\u00e5rd skriver vi journal. I andra fall kan vi komma \u00f6verens hur dokumentation av insatserna sker.<\/p>\n\n\n\n<ul class=\"wp-block-list\"><li><a href=\"http:\/\/centrumba.se\/tjanster\/foraldrastod\/\">F\u00f6r\u00e4ldrast\u00f6d<\/a><\/li><li><a href=\"http:\/\/centrumba.se\/tjanster\/utbildning\/\">Utbildning<\/a><\/li><li><a href=\"http:\/\/centrumba.se\/tjanster\/handledning\/\">Handledning<\/a><\/li><li><a href=\"http:\/\/centrumba.se\/tjanster\/hantering-och-forebyggande-av-beteendeproblem\/\">Hantering och f\u00f6rebyggande av beteendeproblem<\/a><\/li><li><a href=\"http:\/\/centrumba.se\/tjanster\/anpassning-av-larmiljo\/\">Anpassning av l\u00e4rmilj\u00f6<\/a><\/li><li><a href=\"http:\/\/centrumba.se\/tjanster\/skolpsykologtjanster\/\">Skolpsykologtj\u00e4nster<\/a><\/li><li><a href=\"https:\/\/centrumba.se\/tidiga-insatser-for-sma-barn-med-autism\/\" data-type=\"page\" data-id=\"486\">Tidiga insatser f\u00f6r sm\u00e5 barn med autism<\/a><\/li><li><a href=\"https:\/\/centrumba.se\/fardighetstraning-for-barn-med-eller-utan-npf\/\" data-type=\"page\" data-id=\"490\">F\u00e4rdighetstr\u00e4ning f\u00f6r barn med eller utan neuropsykiatrisk diagnos<\/a><\/li><li><a href=\"https:\/\/centrumba.se\/tjanster\/beteendeterapi\/\" data-type=\"page\" data-id=\"997\">Beteendeterapi (KBT)<\/a><\/li><\/ul>\n\n\n\n<p>Vi handleder och utbildar b\u00e5de p\u00e5 plats och p\u00e5 distans. Vid intresse, <a href=\"mailto:tobias@centrumba.se\">maila g\u00e4rna och beskriv ditt behov!<\/a><\/p>\n","protected":false},"excerpt":{"rendered":"<p>Vi p\u00e5 CBA har legitimation inom n\u00e5got v\u00e5rdyrke (psykolog, logoped) och m\u00e5ng\u00e5rig erfarenhet av tj\u00e4nsterna vi erbjuder, nedan f\u00f6ljer exempel p\u00e5 vad vi kan hj\u00e4lpa<\/p>\n","protected":false},"author":1,"featured_media":0,"parent":0,"menu_order":0,"comment_status":"closed","ping_status":"closed","template":"","meta":{"footnotes":""},"class_list":["post-100","page","type-page","status-publish","hentry"],"_links":{"self":[{"href":"https:\/\/centrumba.se\/sv\/wp-json\/wp\/v2\/pages\/100","targetHints":{"allow":["GET"]}}],"collection":[{"href":"https:\/\/centrumba.se\/sv\/wp-json\/wp\/v2\/pages"}],"about":[{"href":"https:\/\/centrumba.se\/sv\/wp-json\/wp\/v2\/types\/page"}],"author":[{"embeddable":true,"href":"https:\/\/centrumba.se\/sv\/wp-json\/wp\/v2\/users\/1"}],"replies":[{"embeddable":true,"href":"https:\/\/centrumba.se\/sv\/wp-json\/wp\/v2\/comments?post=100"}],"version-history":[{"count":6,"href":"https:\/\/centrumba.se\/sv\/wp-json\/wp\/v2\/pages\/100\/revisions"}],"predecessor-version":[{"id":1003,"href":"https:\/\/centrumba.se\/sv\/wp-json\/wp\/v2\/pages\/100\/revisions\/1003"}],"wp:attachment":[{"href":"https:\/\/centrumba.se\/sv\/wp-json\/wp\/v2\/media?parent=100"}],"curies":[{"name":"wp","href":"https:\/\/api.w.org\/{rel}","templated":true}]}}