{"id":1010,"date":"2021-11-24T09:28:11","date_gmt":"2021-11-24T09:28:11","guid":{"rendered":"https:\/\/centrumba.se\/?page_id=1010"},"modified":"2025-04-24T08:39:41","modified_gmt":"2025-04-24T08:39:41","slug":"foralder-till-barn-med-autism","status":"publish","type":"page","link":"https:\/\/centrumba.se\/sv\/foralder-till-barn-med-autism\/","title":{"rendered":"F\u00f6r\u00e4lder till barn med autism"},"content":{"rendered":"\n<p><em>Som f\u00f6r\u00e4lder till ett barn med autism kan det vara sv\u00e5rt b\u00e5de att hitta r\u00e4tt information och f\u00e5 insatser. Kanske misst\u00e4nker du diagnos eller s\u00e5 har barnet redan en. Nedan f\u00f6ljer information om autism och vilket st\u00f6d som finns.<\/em><\/p>\n\n\n\n<h4 class=\"wp-block-heading\">Diagnosen och utredning<\/h4>\n\n\n\n<p>Autism \u00e4r en diagnos som st\u00e4lls om n\u00e5gon har s\u00e5 stora sv\u00e5righeter med socialt samspel och kommunikation att det blir ett hinder i vardagen. Diagnosen r\u00e4knas som en neuropsykiatrisk funktionsneds\u00e4ttning (NPF) och betyder att det \u00e4r sv\u00e5rt f\u00f6r personen att klara sin vardag. Ibland kallas diagnosen f\u00f6r autismspektrumtillst\u00e5nd. F\u00f6r att f\u00e5 diagnosen g\u00f6rs en utredning efter att exempelvis f\u00f6r\u00e4ldrar eller pedagoger upplevt att barnet har sv\u00e5rt. Ett f\u00f6rsta steg mot att f\u00e5 en utredning \u00e4r att kontakta v\u00e5rdcentral. Utredningen kan sedan g\u00f6ras av <a href=\"https:\/\/www.1177.se\/Stockholm\/barn--gravid\/vard-och-stod-for-barn\/bup--barn--och-ungdomspsykiatrin\/\">BUP<\/a>, <a href=\"https:\/\/www.1177.se\/Stockholm\/barn--gravid\/vard-och-stod-for-barn\/funktionsnedsattning-hos-barn\/habilitering\/\">habilitering<\/a> eller barnmedicinsk mottagning. <a href=\"https:\/\/www.1177.se\/Stockholm\/hitta-vard\">P\u00e5 1177 kan du s\u00f6ka efter mottagningar n\u00e4ra dig<\/a>.<\/p>\n\n\n\n<h4 class=\"wp-block-heading\">Habiliteringen ger insatser f\u00f6r att hj\u00e4lpa er och barnet<\/h4>\n\n\n\n<p>Om ditt barn har sv\u00e5righeter inom autismspektrum \u00e4r det viktigt att g\u00f6ra tv\u00e5 saker. Dels ge anpassningar s\u00e5 att barnet klarar sin vardag b\u00e4ttre och dels hj\u00e4lpa barnet att utvecklas. Det finns s\u00e4tt att g\u00f6ra detta och har ditt barn diagnos har du r\u00e4tt till st\u00f6d fr\u00e5n <a href=\"https:\/\/www.1177.se\/Stockholm\/barn--gravid\/vard-och-stod-for-barn\/funktionsnedsattning-hos-barn\/habilitering\/\">habiliteringen<\/a>. Habiliteringen kan hj\u00e4lpa till genom att coacha er f\u00f6r\u00e4ldrar och f\u00f6rskolan\/skolan i strategier f\u00f6r att anpassa och \u00f6va med barnet.<\/p>\n\n\n\n<p>Autismdiagnos ger ocks\u00e5 r\u00e4tt till st\u00f6d enligt lagen om st\u00f6d och service till vissa funktionshindrade &#8211; LSS. <a href=\"https:\/\/www.autism.se\/stod-och-rattigheter\/lss-vad-ar-det\/insatser-enligt-lss\/\">L\u00e4s mer om detta p\u00e5 Autism och Aspergerf\u00f6rundet<\/a>.<\/p>\n\n\n\n<h4 class=\"wp-block-heading\">Vilka insatser ditt barn beh\u00f6ver<\/h4>\n\n\n\n<p>De insatser som har effekt g\u00e5r ut p\u00e5 att anpassa milj\u00f6n och \u00f6va viktiga f\u00e4rdigheter som barnet beh\u00f6ver kunna. Hur st\u00f6det ser ut beror p\u00e5 vad du och ditt barn skulle m\u00e5 b\u00e4ttre av att det fungerar. Ju fler saker barnet har sv\u00e5rt med desto mer insatser beh\u00f6vs. Det har visat sig att insatserna fungerar b\u00e4ttre ju tidigare de ges och ju mer tid som anv\u00e4nds till dem. Det viktigaste med insatserna \u00e4r att de fokuserar p\u00e5 r\u00e4tt saker och att de utf\u00f6rs p\u00e5 ett bra s\u00e4tt. D\u00e4rf\u00f6r \u00e4r det v\u00e4ldigt viktigt att f\u00e5 ordentligt med handledning.<\/p>\n\n\n\n<h4 class=\"wp-block-heading\">Riktade eller m\u00e5ngsidiga insatser<\/h4>\n\n\n\n<p>M\u00e5nga barn f\u00e5r enskilda insatser kring specifika sv\u00e5righeter, t.ex. en \u00f6vning i kommunikation om barnet beh\u00f6ver \u00f6va p\u00e5 det eller en insats f\u00f6r att minska problembeteenden om barnet skadar sig sj\u00e4lv eller andra. Om ditt barn har mycket sv\u00e5righeter r\u00e4cker det inte med insatser kring en sv\u00e5righet utan d\u00e5 beh\u00f6vs m\u00e5ngsidiga intensiva insatser. D\u00e5 jobbar hemmet och pedagoger med m\u00e5nga olika omr\u00e5den med st\u00f6d fr\u00e5n en handledare. Omr\u00e5dena \u00e4r ofta exempelvis kommunikation, samspel, vardagsf\u00e4rdigheter, motorik. Denna typ av insatser kallas olika saker, kanske kallar din habilitering insatserna f\u00f6r MIB, IBT, EIBI, MII eller TIBI. Alla dessa f\u00f6rkortningar betyder samma sak: tidiga m\u00e5ngsidiga beteendeinriktade insatser som bygger p\u00e5 <a href=\"https:\/\/centrumba.se\/tba\/\">TBA<\/a>. Bor du i Stockholm kan du <a href=\"https:\/\/centrumba.se\/offentliga-intensiva-insatser-i-stockholm\/\">l\u00e4sa mer om  habiliteringens m\u00e5ngsidiga insatser h\u00e4r<\/a>.<\/p>\n\n\n\n<h4 class=\"wp-block-heading\">M\u00e5let med insatser<\/h4>\n\n\n\n<p>Insatser b\u00f6r alltid ha fokus p\u00e5 att \u00f6ka sj\u00e4lvst\u00e4ndighet och livskvalitet. Syftet med st\u00f6der \u00e4r att din barn ska m\u00e5 s\u00e5 bra som m\u00f6jligt och kunna g\u00f6ra s\u00e5 mycket som m\u00f6jligt i sitt liv. Det viktigaste \u00e4r ofta att l\u00e4ra barnet att kommunicera och olika s\u00e4tt att samspela. En viktig del i att bli s\u00e5 sj\u00e4lvst\u00e4ndig som m\u00f6jligt \u00e4r att kunna ber\u00e4tta vad man tycker och k\u00e4nner, vilket ofta \u00e4r sv\u00e5rt f\u00f6r barn med autism.<\/p>\n\n\n\n<h4 class=\"wp-block-heading\">F\u00f6ruts\u00e4ttningar f\u00f6r intensiva insatser<\/h4>\n\n\n\n<p>Det \u00e4r du som f\u00f6r\u00e4lder och f\u00f6rskolan som anpassar och \u00f6var med barnet med handledning fr\u00e5n habiliteringen. F\u00f6r att f\u00e5 till insatserna beh\u00f6ver f\u00f6rskolan ha en resursperson som har ansvar f\u00f6r just ditt barn. Ofta beh\u00f6ver f\u00f6rskolan g\u00f6ra en ans\u00f6kan till kommunen f\u00f6r att f\u00e5 extra pengar till det (deta brukar kallas till\u00e4ggsbelopp eller verksamhetsst\u00f6d). Habiliteringen brukar kr\u00e4va att f\u00f6rskola och f\u00f6r\u00e4ldrar totalt \u00f6var ett visst antal timmar i veckan (oftast mellan 15 och 30). Det kan l\u00e5ta mycket, men kom ih\u00e5g att det handlar om tid som viktiga vuxna \u00e4nd\u00e5 spenderar med barnet! \u00d6vningstid kan exempelvis best\u00e5 i att barnet f\u00e5r \u00f6va p\u00e5 att ta p\u00e5 sig kl\u00e4der n\u00e4r det \u00e4r dags att g\u00e5 ut, be om n\u00e5got i matsituationen och \u00f6va p\u00e5 att leka med andra barn. Kom \u00e4ven ih\u00e5g att det g\u00e5r att<a href=\"https:\/\/www.forsakringskassan.se\/privatpers\/funktionsnedsattning\/om-ditt-barn-har-en-funktionsnedsattning\"> ans\u00f6ka om ekonomiskt st\u00f6d fr\u00e5n F\u00f6rs\u00e4kringskassan<\/a>.<\/p>\n\n\n\n<h4 class=\"wp-block-heading\">Om ni inte kan f\u00e5 hj\u00e4lp av habiliteringen<\/h4>\n\n\n\n<p>Om det av olika sk\u00e4l \u00e4r sv\u00e5rt att f\u00e5 st\u00f6d av Habiliteringen g\u00e5r det att anlita privata akt\u00f6rer. Vid tillr\u00e4ckligt intresse h\u00e5ller vi p\u00e5 CBA  <a href=\"https:\/\/centrumba.se\/utbildningar\/\" data-type=\"page\" data-id=\"4015\">f\u00f6r\u00e4ldrautbildningar kring f\u00e4rdighetstr\u00e4ning<\/a> utifr\u00e5n v\u00e5r bok <a href=\"https:\/\/bit.ly\/kopBMA\">Barn med autism<\/a>. Vi har kompetens att handleda pedagoger och f\u00f6r\u00e4ldrar utifr\u00e5n behov. Om det skulle vara aktuellt, <a href=\"mailto:info@centrumba.se\">maila oss f\u00f6r f\u00f6rslag p\u00e5 uppl\u00e4gg och pris!<\/a> Vi Du kan ocks\u00e5 \u00f6va p\u00e5 egen hand exempelvis med st\u00f6d i boken <a href=\"https:\/\/www.nok.se\/titlar\/akademisk-psykologi\/leka-prata-ata\/\">Leka, prata \u00e4ta &#8211; \u00d6vningar f\u00f6r barn med s\u00e4rskilda behov<\/a> eller v\u00e5r bok <a href=\"https:\/\/bit.ly\/kopBMA\">Barn med autism<\/a>.<\/p>\n\n\n\n<p>Vill du komma i kontakt med andra f\u00f6r\u00e4ldrar som sysslar med tidiga intensiva insatser finns <a href=\"https:\/\/sv-se.facebook.com\/groups\/550360054977054\/\">Facebookgruppen IBT-tr\u00e4ning f\u00f6r barn med autism<\/a>.<\/p>\n\n\n\n<figure class=\"wp-block-image size-full is-style-rounded\"><img fetchpriority=\"high\" decoding=\"async\" width=\"640\" height=\"426\" src=\"https:\/\/centrumba.se\/wp-content\/uploads\/2021\/07\/barn-leker.jpg\" alt=\"Barn som leker\" class=\"wp-image-781\" srcset=\"https:\/\/centrumba.se\/wp-content\/uploads\/2021\/07\/barn-leker.jpg 640w, https:\/\/centrumba.se\/wp-content\/uploads\/2021\/07\/barn-leker-300x200.jpg 300w, https:\/\/centrumba.se\/wp-content\/uploads\/2021\/07\/barn-leker-272x182.jpg 272w\" sizes=\"(max-width: 640px) 100vw, 640px\" \/><\/figure>\n","protected":false},"excerpt":{"rendered":"<p>Som f\u00f6r\u00e4lder till ett barn med autism kan det vara sv\u00e5rt b\u00e5de att hitta r\u00e4tt information och f\u00e5 insatser. Kanske misst\u00e4nker du diagnos eller s\u00e5<\/p>\n","protected":false},"author":1,"featured_media":0,"parent":0,"menu_order":0,"comment_status":"open","ping_status":"closed","template":"","meta":{"footnotes":""},"class_list":["post-1010","page","type-page","status-publish","hentry"],"_links":{"self":[{"href":"https:\/\/centrumba.se\/sv\/wp-json\/wp\/v2\/pages\/1010","targetHints":{"allow":["GET"]}}],"collection":[{"href":"https:\/\/centrumba.se\/sv\/wp-json\/wp\/v2\/pages"}],"about":[{"href":"https:\/\/centrumba.se\/sv\/wp-json\/wp\/v2\/types\/page"}],"author":[{"embeddable":true,"href":"https:\/\/centrumba.se\/sv\/wp-json\/wp\/v2\/users\/1"}],"replies":[{"embeddable":true,"href":"https:\/\/centrumba.se\/sv\/wp-json\/wp\/v2\/comments?post=1010"}],"version-history":[{"count":34,"href":"https:\/\/centrumba.se\/sv\/wp-json\/wp\/v2\/pages\/1010\/revisions"}],"predecessor-version":[{"id":7081,"href":"https:\/\/centrumba.se\/sv\/wp-json\/wp\/v2\/pages\/1010\/revisions\/7081"}],"wp:attachment":[{"href":"https:\/\/centrumba.se\/sv\/wp-json\/wp\/v2\/media?parent=1010"}],"curies":[{"name":"wp","href":"https:\/\/api.w.org\/{rel}","templated":true}]}}