{"id":105,"date":"2020-09-29T09:22:53","date_gmt":"2020-09-29T09:22:53","guid":{"rendered":"http:\/\/centrumba.se\/?page_id=105"},"modified":"2025-10-03T14:17:09","modified_gmt":"2025-10-03T14:17:09","slug":"handledning","status":"publish","type":"page","link":"https:\/\/centrumba.se\/sv\/tjanster\/handledning\/","title":{"rendered":"Handledning"},"content":{"rendered":"\n<p><em>Vi handleder fr\u00e4mst professionella, men ibland \u00e4ven f\u00f6r\u00e4ldrar. Handledning kan ske b\u00e5de indirekt (prata om hur man kan g\u00f6ra) och direkt (coaching i faktiska situationer). Vi v\u00e4xlar ofta mellan indirekt och direkt handledning. Vi str\u00e4var efter att handledning s\u00e5 ofta som m\u00f6jligt ska leda till praktiska strategier som fungerar. <\/em><\/p>\n\n\n\n<h3 class=\"wp-block-heading\">Skol- och f\u00f6rskolehandledning<\/h3>\n\n\n\n<h5 class=\"wp-block-heading\">Fr\u00e4mjande och \u00e5tg\u00e4rdande<\/h5>\n\n\n\n<p>I handledning kring skolans och elevh\u00e4lsans uppdrag hj\u00e4lps vi \u00e5t att reflektera \u00f6ver flera niv\u00e5er, med start i den generella studiemilj\u00f6n.<\/p>\n\n\n\n<div class=\"wp-block-columns is-layout-flex wp-container-core-columns-is-layout-9d6595d7 wp-block-columns-is-layout-flex\">\n<div class=\"wp-block-column is-layout-flow wp-block-column-is-layout-flow\">\n<ul class=\"wp-block-list\">\n<li>Vilka pedagogiska och psykologiska strategier skulle \u00f6ka chanserna att fler i just denna klass klarar att bidra till studiero?<\/li>\n\n\n\n<li>Vilka extra anpassningar och s\u00e4rskilt st\u00f6d beh\u00f6vs sedan?<\/li>\n\n\n\n<li>Vad skulle eleven beh\u00f6va l\u00e4ra sig f\u00f6r f\u00e4rdigheter f\u00f6r att klara av skolan?<\/li>\n<\/ul>\n<\/div>\n\n\n\n<div class=\"wp-block-column is-layout-flow wp-block-column-is-layout-flow\">\n<figure class=\"wp-block-image size-large is-resized\"><img data-dominant-color=\"e0e3ec\" data-has-transparency=\"true\" fetchpriority=\"high\" decoding=\"async\" width=\"1024\" height=\"673\" src=\"https:\/\/centrumba.se\/wp-content\/uploads\/2025\/04\/Stodnivaer-1024x673.avif\" alt=\"\" class=\"wp-image-7045 has-transparency\" style=\"--dominant-color: #e0e3ec; width:300px\" srcset=\"https:\/\/centrumba.se\/wp-content\/uploads\/2025\/04\/Stodnivaer-1024x673.avif 1024w, https:\/\/centrumba.se\/wp-content\/uploads\/2025\/04\/Stodnivaer-300x197.avif 300w, https:\/\/centrumba.se\/wp-content\/uploads\/2025\/04\/Stodnivaer-768x505.avif 768w, https:\/\/centrumba.se\/wp-content\/uploads\/2025\/04\/Stodnivaer-18x12.avif 18w, https:\/\/centrumba.se\/wp-content\/uploads\/2025\/04\/Stodnivaer.avif 1305w\" sizes=\"(max-width: 1024px) 100vw, 1024px\" \/><\/figure>\n<\/div>\n<\/div>\n\n\n\n<p>Vi har kompetens kring positivt beteendest\u00f6d (PBS), till\u00e4mpad beteendeanalys (TBA) och neuropsykiatriska funktions-neds\u00e4ttningar (NPF). Vi utg\u00e5r alltid fr\u00e5n att beteenden uppst\u00e5r i sitt sammanhang och att det \u00e4r sammanhanget vi kan f\u00f6r\u00e4ndra.<\/p>\n\n\n\n<h5 class=\"wp-block-heading\">H\u00e4nsyn till akademiska och sociala utmaningar<\/h5>\n\n\n\n<div class=\"wp-block-columns is-layout-flex wp-container-core-columns-is-layout-9d6595d7 wp-block-columns-is-layout-flex\">\n<div class=\"wp-block-column is-layout-flow wp-block-column-is-layout-flow\">\n<p>Vi fokuserar b\u00e5de p\u00e5 hur vi kan \u00f6ka elevens m\u00f6jligheter att klara de akademiska kraven i klassrummet och hur vi kan minska eventuella problem-beteenden. Det \u00e4r v\u00e5r \u00f6vertygelse att v\u00e5rt ansvar som vucxna att skapa god studiemilj\u00f6, inte att l\u00e4ra elever att acceptera en f\u00f6r utmanande milj\u00f6. Detta g\u00e4ller oavsett vilken skolform barnet befinner sig i. <a href=\"https:\/\/centrumba.se\/kontakt\/\" data-type=\"page\" data-id=\"182\">Kontakta oss om din organisation \u00e4r intresserad av handledning.<\/a><\/p>\n\n\n\n<div class=\"wp-block-buttons is-layout-flex wp-block-buttons-is-layout-flex\">\n<div class=\"wp-block-button\"><a class=\"wp-block-button__link has-background wp-element-button\" href=\"mailto:info@centrumBA.se?Subject=Handledning%20skola\/f\u00f6rskola\" style=\"background-color:#56699d\">Maila oss f\u00f6rfr\u00e5gan om handledning inom anpassad skola, f\u00f6rskola eller skola!<\/a><\/div>\n<\/div>\n<\/div>\n\n\n\n<div class=\"wp-block-column is-layout-flow wp-block-column-is-layout-flow\">\n<p><img data-dominant-color=\"e9ebf0\" data-has-transparency=\"false\" decoding=\"async\" width=\"300\" height=\"300\" class=\"wp-image-7044 not-transparent\" style=\"--dominant-color: #e9ebf0; width: 300px;\" src=\"https:\/\/centrumba.se\/wp-content\/uploads\/2025\/04\/akademiska-svarigheter.avif\" alt=\"akademiska sv\u00e5righeter\" srcset=\"https:\/\/centrumba.se\/wp-content\/uploads\/2025\/04\/akademiska-svarigheter.avif 1785w, https:\/\/centrumba.se\/wp-content\/uploads\/2025\/04\/akademiska-svarigheter-300x300.avif 300w, https:\/\/centrumba.se\/wp-content\/uploads\/2025\/04\/akademiska-svarigheter-1024x1024.avif 1024w, https:\/\/centrumba.se\/wp-content\/uploads\/2025\/04\/akademiska-svarigheter-150x150.avif 150w, https:\/\/centrumba.se\/wp-content\/uploads\/2025\/04\/akademiska-svarigheter-768x768.avif 768w, https:\/\/centrumba.se\/wp-content\/uploads\/2025\/04\/akademiska-svarigheter-1536x1536.avif 1536w, https:\/\/centrumba.se\/wp-content\/uploads\/2025\/04\/akademiska-svarigheter-12x12.avif 12w, https:\/\/centrumba.se\/wp-content\/uploads\/2025\/04\/akademiska-svarigheter-800x800.avif 800w\" sizes=\"(max-width: 300px) 100vw, 300px\" \/><\/p>\n<\/div>\n<\/div>\n\n\n\n<h3 class=\"wp-block-heading\">Handledning kring barn med autism<\/h3>\n\n\n\n<p>Vi handleder ibland pedagoger i f\u00e4rdighetstr\u00e4ning till barn med autism. Vi tr\u00e4ffas d\u00e5 tillsammans, b\u00e5de vuxna och barn. Handledningen best\u00e5r i att vi tillsammans hittar fokusomr\u00e5den, handledaren visar f\u00e4rdighetstr\u00e4ning och f\u00f6r\u00e4ldrar och pedagoger f\u00e5r tr\u00e4na barnet med direkt feedback av sin handledare.<\/p>\n\n\n\n<p>Vi erbjuder <strong>inte<\/strong> tj\u00e4nsten att tr\u00e4na med ert barn m\u00e5nga timmar per vecka. Vi fokuserar p\u00e5 att hj\u00e4lpa er att l\u00e4gga upp program och att handleda er som tr\u00e4ffar barnet till vardags. Tr\u00e4nar m\u00e5nga timmar i veckan g\u00f6r oftast f\u00f6r\u00e4ldrar, pedagoger och i vissa fall till exempel avl\u00f6sare. P\u00e5 detta vis kan ni f\u00e5 ihop tr\u00e4ningstid med barnet till l\u00e4gre kostnad och dessutom i barnets naturliga milj\u00f6.<\/p>\n\n\n\n<p>F\u00f6r\u00e4ldrar och f\u00f6rskolorkan v\u00e4nda sig till oss f\u00f6r denna typ av handledning n\u00e4r det av olika anledningar inte \u00e4r m\u00f6jligt att samarbeta kring insatser med habiliteringen. Vi har ocks\u00e5 <a href=\"https:\/\/centrumba.se\/utbildningar\/\" data-type=\"page\" data-id=\"4015\">uppskattade utbildningar f\u00f6r verksamheter som vill komma ig\u00e5ng med f\u00e4rdighetstr\u00e4ning<\/a> och vid tillr\u00e4ckligt intresse h\u00e5ller vi ibland f\u00f6r\u00e4ldrautbildningar i grupp online.<\/p>\n\n\n\n<div class=\"wp-block-buttons is-layout-flex wp-block-buttons-is-layout-flex\">\n<div class=\"wp-block-button\"><a class=\"wp-block-button__link has-background wp-element-button\" href=\"mailto:info@centrumBA.se?Subject=Handledning%20kring%20barn%20med%20autism\" style=\"background-color:#56699d\">Maila oss f\u00f6rfr\u00e5gan om handledning kring barn med autism!<\/a><\/div>\n<\/div>\n\n\n\n<p><\/p>\n","protected":false},"excerpt":{"rendered":"<p>Vi handleder fr\u00e4mst professionella, men ibland \u00e4ven f\u00f6r\u00e4ldrar. Handledning kan ske b\u00e5de indirekt (prata om hur man kan g\u00f6ra) och direkt (coaching i faktiska situationer).<\/p>\n","protected":false},"author":1,"featured_media":4086,"parent":100,"menu_order":0,"comment_status":"closed","ping_status":"closed","template":"","meta":{"footnotes":""},"class_list":["post-105","page","type-page","status-publish","has-post-thumbnail","hentry"],"_links":{"self":[{"href":"https:\/\/centrumba.se\/sv\/wp-json\/wp\/v2\/pages\/105","targetHints":{"allow":["GET"]}}],"collection":[{"href":"https:\/\/centrumba.se\/sv\/wp-json\/wp\/v2\/pages"}],"about":[{"href":"https:\/\/centrumba.se\/sv\/wp-json\/wp\/v2\/types\/page"}],"author":[{"embeddable":true,"href":"https:\/\/centrumba.se\/sv\/wp-json\/wp\/v2\/users\/1"}],"replies":[{"embeddable":true,"href":"https:\/\/centrumba.se\/sv\/wp-json\/wp\/v2\/comments?post=105"}],"version-history":[{"count":18,"href":"https:\/\/centrumba.se\/sv\/wp-json\/wp\/v2\/pages\/105\/revisions"}],"predecessor-version":[{"id":7679,"href":"https:\/\/centrumba.se\/sv\/wp-json\/wp\/v2\/pages\/105\/revisions\/7679"}],"up":[{"embeddable":true,"href":"https:\/\/centrumba.se\/sv\/wp-json\/wp\/v2\/pages\/100"}],"wp:featuredmedia":[{"embeddable":true,"href":"https:\/\/centrumba.se\/sv\/wp-json\/wp\/v2\/media\/4086"}],"wp:attachment":[{"href":"https:\/\/centrumba.se\/sv\/wp-json\/wp\/v2\/media?parent=105"}],"curies":[{"name":"wp","href":"https:\/\/api.w.org\/{rel}","templated":true}]}}