{"id":107,"date":"2020-09-29T09:24:48","date_gmt":"2020-09-29T09:24:48","guid":{"rendered":"http:\/\/centrumba.se\/?page_id=107"},"modified":"2021-12-02T12:16:40","modified_gmt":"2021-12-02T12:16:40","slug":"hantering-och-forebyggande-av-beteendeproblem","status":"publish","type":"page","link":"https:\/\/centrumba.se\/sv\/tjanster\/hantering-och-forebyggande-av-beteendeproblem\/","title":{"rendered":"Hantering och f\u00f6rebyggande av beteendeproblem"},"content":{"rendered":"\n<p>Beteendeproblem \u00e4r beteenden som \u00e4r farliga eller leder till negativ utveckling f\u00f6r n\u00e5gon, exempelvis sj\u00e4lvskadande, sl\u00e5ss eller att skrika. Det g\u00e5r att f\u00f6rst\u00e5 beteendeproblem utifr\u00e5n sammanhanget de sker i. Vi kan hj\u00e4lpa till att kartl\u00e4gga problembeteenden. En kartl\u00e4ggning guidar hur vi kan f\u00f6r\u00e4ndra milj\u00f6n f\u00f6r att minimera beteendeproblem.<\/p>\n\n\n\n<p>Detta kan ske i form av\u00a0<a href=\"https:\/\/centrumba.se\/handledning\">handledning<\/a>,\u00a0<a href=\"https:\/\/centrumba.se\/f\u00f6r\u00e4ldrast\u00f6d\">f\u00f6r\u00e4ldrast\u00f6d<\/a>\u00a0eller som en skolinsats. Vi kan ocks\u00e5\u00a0<a href=\"https:\/\/centrumba.se\/utbildning\">utbilda<\/a>\u00a0i generella strategier f\u00f6r att minska risken f\u00f6r problembeteenden i exempelvis en skolklass.<a href=\"https:\/\/centrumba.se\/kontakt\/\" data-type=\"page\" data-id=\"182\"> Kontakta oss <\/a>f\u00f6r mer information!<\/p>\n","protected":false},"excerpt":{"rendered":"<p>Beteendeproblem \u00e4r beteenden som \u00e4r farliga eller leder till negativ utveckling f\u00f6r n\u00e5gon, exempelvis sj\u00e4lvskadande, sl\u00e5ss eller att skrika. Det g\u00e5r att f\u00f6rst\u00e5 beteendeproblem utifr\u00e5n<\/p>\n","protected":false},"author":1,"featured_media":0,"parent":100,"menu_order":0,"comment_status":"closed","ping_status":"closed","template":"","meta":{"footnotes":""},"class_list":["post-107","page","type-page","status-publish","hentry"],"_links":{"self":[{"href":"https:\/\/centrumba.se\/sv\/wp-json\/wp\/v2\/pages\/107","targetHints":{"allow":["GET"]}}],"collection":[{"href":"https:\/\/centrumba.se\/sv\/wp-json\/wp\/v2\/pages"}],"about":[{"href":"https:\/\/centrumba.se\/sv\/wp-json\/wp\/v2\/types\/page"}],"author":[{"embeddable":true,"href":"https:\/\/centrumba.se\/sv\/wp-json\/wp\/v2\/users\/1"}],"replies":[{"embeddable":true,"href":"https:\/\/centrumba.se\/sv\/wp-json\/wp\/v2\/comments?post=107"}],"version-history":[{"count":3,"href":"https:\/\/centrumba.se\/sv\/wp-json\/wp\/v2\/pages\/107\/revisions"}],"predecessor-version":[{"id":1122,"href":"https:\/\/centrumba.se\/sv\/wp-json\/wp\/v2\/pages\/107\/revisions\/1122"}],"up":[{"embeddable":true,"href":"https:\/\/centrumba.se\/sv\/wp-json\/wp\/v2\/pages\/100"}],"wp:attachment":[{"href":"https:\/\/centrumba.se\/sv\/wp-json\/wp\/v2\/media?parent=107"}],"curies":[{"name":"wp","href":"https:\/\/api.w.org\/{rel}","templated":true}]}}