{"id":111,"date":"2020-09-29T09:34:28","date_gmt":"2020-09-29T09:34:28","guid":{"rendered":"http:\/\/centrumba.se\/?page_id=111"},"modified":"2021-12-02T12:04:43","modified_gmt":"2021-12-02T12:04:43","slug":"anpassning-av-larmiljo","status":"publish","type":"page","link":"https:\/\/centrumba.se\/sv\/tjanster\/anpassning-av-larmiljo\/","title":{"rendered":"Anpassning av l\u00e4rmilj\u00f6"},"content":{"rendered":"\n<p>L\u00e4rande sker alltid i ett sammanhang, och vi l\u00e4r oss saker hela tiden i de situationer vi vistas i. I olika milj\u00f6er har vi olika beteenden som \u00e4r viktiga. Vi f\u00f6rv\u00e4ntas exempelvis g\u00f6ra olika saker i hemmet, p\u00e5 jobbet och i skolan. Vi kan med forsknings hj\u00e4lp st\u00f6dja er att utforma milj\u00f6er f\u00f6r att underl\u00e4tta l\u00e4rande. T.ex. har vi kunskap om hur klassrum kan utformas och hur man g\u00f6r funktionella analyser kring beteenden i olika milj\u00f6er. <a href=\"https:\/\/centrumba.se\/kontakt\/\" data-type=\"page\" data-id=\"182\">H\u00f6r av er <\/a>om ni vill ha st\u00f6d kring detta!<\/p>\n\n\n\n<figure class=\"wp-block-image size-medium is-style-rounded\"><img fetchpriority=\"high\" decoding=\"async\" width=\"300\" height=\"192\" src=\"https:\/\/centrumba.se\/wp-content\/uploads\/2021\/02\/abc-alphabet-art-1337387-300x192.jpg\" alt=\"\" class=\"wp-image-611\" srcset=\"https:\/\/centrumba.se\/wp-content\/uploads\/2021\/02\/abc-alphabet-art-1337387-300x192.jpg 300w, https:\/\/centrumba.se\/wp-content\/uploads\/2021\/02\/abc-alphabet-art-1337387-1024x656.jpg 1024w, https:\/\/centrumba.se\/wp-content\/uploads\/2021\/02\/abc-alphabet-art-1337387-768x492.jpg 768w, https:\/\/centrumba.se\/wp-content\/uploads\/2021\/02\/abc-alphabet-art-1337387.jpg 1280w\" sizes=\"(max-width: 300px) 100vw, 300px\" \/><\/figure>\n","protected":false},"excerpt":{"rendered":"<p>L\u00e4rande sker alltid i ett sammanhang, och vi l\u00e4r oss saker hela tiden i de situationer vi vistas i. I olika milj\u00f6er har vi olika<\/p>\n","protected":false},"author":1,"featured_media":0,"parent":100,"menu_order":0,"comment_status":"closed","ping_status":"closed","template":"","meta":{"footnotes":""},"class_list":["post-111","page","type-page","status-publish","hentry"],"_links":{"self":[{"href":"https:\/\/centrumba.se\/sv\/wp-json\/wp\/v2\/pages\/111","targetHints":{"allow":["GET"]}}],"collection":[{"href":"https:\/\/centrumba.se\/sv\/wp-json\/wp\/v2\/pages"}],"about":[{"href":"https:\/\/centrumba.se\/sv\/wp-json\/wp\/v2\/types\/page"}],"author":[{"embeddable":true,"href":"https:\/\/centrumba.se\/sv\/wp-json\/wp\/v2\/users\/1"}],"replies":[{"embeddable":true,"href":"https:\/\/centrumba.se\/sv\/wp-json\/wp\/v2\/comments?post=111"}],"version-history":[{"count":3,"href":"https:\/\/centrumba.se\/sv\/wp-json\/wp\/v2\/pages\/111\/revisions"}],"predecessor-version":[{"id":1115,"href":"https:\/\/centrumba.se\/sv\/wp-json\/wp\/v2\/pages\/111\/revisions\/1115"}],"up":[{"embeddable":true,"href":"https:\/\/centrumba.se\/sv\/wp-json\/wp\/v2\/pages\/100"}],"wp:attachment":[{"href":"https:\/\/centrumba.se\/sv\/wp-json\/wp\/v2\/media?parent=111"}],"curies":[{"name":"wp","href":"https:\/\/api.w.org\/{rel}","templated":true}]}}