{"id":113,"date":"2020-09-29T09:36:02","date_gmt":"2020-09-29T09:36:02","guid":{"rendered":"http:\/\/centrumba.se\/?page_id=113"},"modified":"2021-12-02T12:07:59","modified_gmt":"2021-12-02T12:07:59","slug":"skolpsykologtjanster","status":"publish","type":"page","link":"https:\/\/centrumba.se\/sv\/tjanster\/skolpsykologtjanster\/","title":{"rendered":"Skolpsykologtj\u00e4nster"},"content":{"rendered":"\n<p>Vi kan bidra med skolpsykologkompetens till elevh\u00e4lsan (EHT). Vi prioriterar framf\u00f6rallt fokusera p\u00e5 f\u00f6rebyggande och fr\u00e4mjande arbete. F\u00f6r en s\u00e5 effektiv elevh\u00e4lsa som m\u00f6jligt bidrar alla elevh\u00e4lsans professioner med kompetens p\u00e5 alla niv\u00e5er. P\u00e5 gruppniv\u00e5 med ledning och stimulans, p\u00e5 individniv\u00e5 kring extra anpassningar samt s\u00e4rskilt st\u00f6d. Psykologi och forskning om beteenden kan informera alla dessa niv\u00e5er f\u00f6r att skapa en s\u00e5 inkluderande skola som m\u00f6jligt.<\/p>\n\n\n\n<p>Vi handleder g\u00e4rna pedagoger och \u00f6vrig personal kring olika utmaningar, t.ex. studiero, eller \u00f6kad inl\u00e4rning i klassrummet. <a href=\"https:\/\/centrumba.se\/kontakt\/\" data-type=\"page\" data-id=\"182\">Kontakta oss<\/a> f\u00f6r information eller offert!<\/p>\n","protected":false},"excerpt":{"rendered":"<p>Vi kan bidra med skolpsykologkompetens till elevh\u00e4lsan (EHT). Vi prioriterar framf\u00f6rallt fokusera p\u00e5 f\u00f6rebyggande och fr\u00e4mjande arbete. F\u00f6r en s\u00e5 effektiv elevh\u00e4lsa som m\u00f6jligt bidrar<\/p>\n","protected":false},"author":1,"featured_media":0,"parent":100,"menu_order":0,"comment_status":"closed","ping_status":"closed","template":"","meta":{"footnotes":""},"class_list":["post-113","page","type-page","status-publish","hentry"],"_links":{"self":[{"href":"https:\/\/centrumba.se\/sv\/wp-json\/wp\/v2\/pages\/113","targetHints":{"allow":["GET"]}}],"collection":[{"href":"https:\/\/centrumba.se\/sv\/wp-json\/wp\/v2\/pages"}],"about":[{"href":"https:\/\/centrumba.se\/sv\/wp-json\/wp\/v2\/types\/page"}],"author":[{"embeddable":true,"href":"https:\/\/centrumba.se\/sv\/wp-json\/wp\/v2\/users\/1"}],"replies":[{"embeddable":true,"href":"https:\/\/centrumba.se\/sv\/wp-json\/wp\/v2\/comments?post=113"}],"version-history":[{"count":3,"href":"https:\/\/centrumba.se\/sv\/wp-json\/wp\/v2\/pages\/113\/revisions"}],"predecessor-version":[{"id":1118,"href":"https:\/\/centrumba.se\/sv\/wp-json\/wp\/v2\/pages\/113\/revisions\/1118"}],"up":[{"embeddable":true,"href":"https:\/\/centrumba.se\/sv\/wp-json\/wp\/v2\/pages\/100"}],"wp:attachment":[{"href":"https:\/\/centrumba.se\/sv\/wp-json\/wp\/v2\/media?parent=113"}],"curies":[{"name":"wp","href":"https:\/\/api.w.org\/{rel}","templated":true}]}}