{"id":182,"date":"2020-10-02T16:11:44","date_gmt":"2020-10-02T16:11:44","guid":{"rendered":"http:\/\/centrumba.se\/?page_id=182"},"modified":"2025-02-10T15:04:54","modified_gmt":"2025-02-10T15:04:54","slug":"kontakt","status":"publish","type":"page","link":"https:\/\/centrumba.se\/sv\/kontakt\/","title":{"rendered":"Kontakt"},"content":{"rendered":"\n<p>Kontakta oss g\u00e4rna f\u00f6r information om vad vi kan hj\u00e4lpa till med eller offert!<\/p>\n\n\n\n<div class=\"wp-block-contact-form-7-contact-form-selector\">\n<div class=\"wpcf7 no-js\" id=\"wpcf7-f4125-o1\" lang=\"en-US\" dir=\"ltr\" data-wpcf7-id=\"4125\">\n<div class=\"screen-reader-response\"><p role=\"status\" aria-live=\"polite\" aria-atomic=\"true\"><\/p> <ul><\/ul><\/div>\n<form action=\"\/sv\/wp-json\/wp\/v2\/pages\/182#wpcf7-f4125-o1\" method=\"post\" class=\"wpcf7-form init\" aria-label=\"Contact form\" novalidate=\"novalidate\" data-status=\"init\">\n<fieldset class=\"hidden-fields-container\"><input type=\"hidden\" name=\"_wpcf7\" value=\"4125\" \/><input type=\"hidden\" name=\"_wpcf7_version\" value=\"6.1.5\" \/><input type=\"hidden\" name=\"_wpcf7_locale\" value=\"en_US\" \/><input type=\"hidden\" name=\"_wpcf7_unit_tag\" value=\"wpcf7-f4125-o1\" \/><input type=\"hidden\" name=\"_wpcf7_container_post\" value=\"0\" \/><input type=\"hidden\" name=\"_wpcf7_posted_data_hash\" value=\"\" \/>\n<\/fieldset>\n<p><label> Namn (*)<br \/>\n<span class=\"wpcf7-form-control-wrap\" data-name=\"your-name\"><input size=\"40\" maxlength=\"400\" class=\"wpcf7-form-control wpcf7-text wpcf7-validates-as-required\" aria-required=\"true\" aria-invalid=\"false\" value=\"\" type=\"text\" name=\"your-name\" \/><\/span> <\/label>\n<\/p>\n<p><label> Din e-post (*)<br \/>\n<span class=\"wpcf7-form-control-wrap\" data-name=\"your-email\"><input size=\"40\" maxlength=\"400\" class=\"wpcf7-form-control wpcf7-email wpcf7-validates-as-required wpcf7-text wpcf7-validates-as-email\" aria-required=\"true\" aria-invalid=\"false\" value=\"\" type=\"email\" name=\"your-email\" \/><\/span> <\/label>\n<\/p>\n<p>\u00c4mne\n<\/p>\n<p><span class=\"wpcf7-form-control-wrap\" data-name=\"your-subject\"><select class=\"wpcf7-form-control wpcf7-select wpcf7-validates-as-required\" aria-required=\"true\" aria-invalid=\"false\" multiple=\"multiple\" name=\"your-subject[]\"><option value=\"Handledning\">Handledning<\/option><option value=\"Utbildning\">Utbildning<\/option><option value=\"Annat\">Annat<\/option><\/select><\/span>\n<\/p>\n<p><label> Ditt meddelande<br \/>\n<span class=\"wpcf7-form-control-wrap\" data-name=\"your-message\"><textarea cols=\"40\" rows=\"10\" maxlength=\"2000\" class=\"wpcf7-form-control wpcf7-textarea\" aria-invalid=\"false\" name=\"your-message\"><\/textarea><\/span> <\/label>\n<\/p>\n<p><input class=\"wpcf7-form-control wpcf7-submit has-spinner\" type=\"submit\" value=\"Skicka\" \/>\n<\/p><div class=\"wpcf7-response-output\" aria-hidden=\"true\"><\/div>\n<\/form>\n<\/div>\n<\/div>\n\n\n\n<figure class=\"wp-block-image is-resized\"><img fetchpriority=\"high\" decoding=\"async\" width=\"2347\" height=\"2347\" src=\"https:\/\/centrumba.se\/wp-content\/uploads\/2020\/09\/tobias-cirkel.png\" alt=\"\" class=\"wp-image-119\" style=\"width:150px;height:150px\" srcset=\"https:\/\/centrumba.se\/wp-content\/uploads\/2020\/09\/tobias-cirkel.png 2347w, https:\/\/centrumba.se\/wp-content\/uploads\/2020\/09\/tobias-cirkel-300x300.png 300w, https:\/\/centrumba.se\/wp-content\/uploads\/2020\/09\/tobias-cirkel-1024x1024.png 1024w, https:\/\/centrumba.se\/wp-content\/uploads\/2020\/09\/tobias-cirkel-150x150.png 150w, https:\/\/centrumba.se\/wp-content\/uploads\/2020\/09\/tobias-cirkel-768x768.png 768w, https:\/\/centrumba.se\/wp-content\/uploads\/2020\/09\/tobias-cirkel-1536x1536.png 1536w, https:\/\/centrumba.se\/wp-content\/uploads\/2020\/09\/tobias-cirkel-2048x2048.png 2048w\" sizes=\"(max-width: 2347px) 100vw, 2347px\" \/><\/figure>\n\n\n\n<p><em>Tobias Rasmussen<\/em> \u00e4r leg. psykolog utbildad vid Stockholms universitet. Efter examen 2011 har han jobbat p\u00e5 med beteendeanalys i olika verksamheter: <a href=\"https:\/\/centrumba.se\/offentliga-intensiva-insatser-i-stockholm\/\">Autismcenter f\u00f6r sm\u00e5barn<\/a>, Stockholms Stad PLUS, KBT-gruppen, Academedia och <a href=\"https:\/\/centrumba.se\/offentliga-intensiva-insatser-i-stockholm\/\">Banyan Center<\/a>, Psykologpartners. Han har erfarenhet av att handleda pedagoger och f\u00f6r\u00e4ldrar inom intensiva insatser f\u00f6r sm\u00e5barn med autism, att arbeta som skolpsykolog och att utbilda och handleda inom f\u00f6r\u00e4ldrast\u00f6d. Som beteendeanalytiskt inriktad psykolog bedriver han ocks\u00e5 terapi f\u00f6r exempelvis \u00e5ngest, stress, oro och depression.<\/p>\n\n\n\n<p>F\u00f6rutom att han \u00e4r konsult p\u00e5 CBA \u00e4r Tobias aktiv inom <a href=\"http:\/\/paxiskolan.se\/\">Pax i Skolan<\/a> och bloggar p\u00e5 <a href=\"http:\/\/beteendeanalys.nu\/\">Beteendeanalys.nu<\/a>. Han sitter ocks\u00e5 i styrelsen f\u00f6r <a href=\"http:\/\/swaba.se\/\">Svenska f\u00f6reningen f\u00f6r beteendeanalys (SWABA)<\/a>. Tobias \u00e4r \u00e4r medf\u00f6rfattare till b\u00f6ckerna <a href=\"http:\/\/bit.ly\/kopBMA\">Barn med autism<\/a> samt <a href=\"https:\/\/www.nok.se\/titlar\/laromedel-b2\/vanskap-skola-familjeliv\/\">V\u00e4nskap, skola, familjeliv<\/a>.<br><em>E-mail: <\/em><a href=\"mailto:tobias@centrumba.se\">tobias@centrumba.se<\/a><\/p>\n\n\n\n<figure class=\"wp-block-image is-resized\"><img decoding=\"async\" width=\"679\" height=\"679\" src=\"https:\/\/centrumba.se\/wp-content\/uploads\/2021\/04\/Oscar-cirkel.png\" alt=\"Oscar Str\u00f6mberg, CBA\" class=\"wp-image-683\" style=\"width:150px;height:150px\" srcset=\"https:\/\/centrumba.se\/wp-content\/uploads\/2021\/04\/Oscar-cirkel.png 679w, https:\/\/centrumba.se\/wp-content\/uploads\/2021\/04\/Oscar-cirkel-300x300.png 300w, https:\/\/centrumba.se\/wp-content\/uploads\/2021\/04\/Oscar-cirkel-150x150.png 150w\" sizes=\"(max-width: 679px) 100vw, 679px\" \/><\/figure>\n\n\n\n<p><em>Oscar Str\u00f6mberg <\/em>\u00e4r <a href=\"https:\/\/centrumba.se\/certifiering-i-beteendeanalys-bcba\/\">certifierad beteendeanalytiker (BCBA)<\/a> och leg. logoped examinerad fr\u00e5n Ume\u00e5 universitet 2015. Han har ocks\u00e5 en masterexamen i&nbsp; specialpedagogik med inriktning autism och TBA fr\u00e5n Stockholms universitet, 2021. Han har jobbat p\u00e5<a href=\"https:\/\/centrumba.se\/offentliga-intensiva-insatser-i-stockholm\/\"> Autismcenter f\u00f6r Sm\u00e5 barn<\/a> i Stockholm och <a href=\"https:\/\/centrumba.se\/offentliga-intensiva-insatser-i-stockholm\/\">Banyan Center<\/a>, Psykologpartners med b\u00e5de intensiva och riktade insatser f\u00f6r sm\u00e5 barn med autism.<\/p>\n\n\n\n<p>F\u00f6rutom sin tj\u00e4nst p\u00e5 CBA jobbar Oscar som specialpedagog inom Stockholms stad. D\u00e4r handleder Oscar fem olika grunds\u00e4rskolor p\u00e5 J\u00e4rvaf\u00e4ltet i TBA. Oscar \u00e4r medf\u00f6rfattare till boken <a href=\"http:\/\/bit.ly\/kopBMA\">Barn med autism<\/a>.<br><em>E-mail:<\/em> <a href=\"mailto:oscar@centrumBA.se\">oscar@centrumBA.se<\/a><\/p>\n\n\n                <div class=\"ml-embedded\" data-form=\"nGNaEj\"><\/div>\n            \n","protected":false},"excerpt":{"rendered":"<p>Kontakta oss g\u00e4rna f\u00f6r information om vad vi kan hj\u00e4lpa till med eller offert! Tobias Rasmussen \u00e4r leg. psykolog utbildad vid Stockholms universitet. Efter examen<\/p>\n","protected":false},"author":1,"featured_media":0,"parent":0,"menu_order":0,"comment_status":"closed","ping_status":"closed","template":"","meta":{"footnotes":""},"class_list":["post-182","page","type-page","status-publish","hentry"],"_links":{"self":[{"href":"https:\/\/centrumba.se\/sv\/wp-json\/wp\/v2\/pages\/182","targetHints":{"allow":["GET"]}}],"collection":[{"href":"https:\/\/centrumba.se\/sv\/wp-json\/wp\/v2\/pages"}],"about":[{"href":"https:\/\/centrumba.se\/sv\/wp-json\/wp\/v2\/types\/page"}],"author":[{"embeddable":true,"href":"https:\/\/centrumba.se\/sv\/wp-json\/wp\/v2\/users\/1"}],"replies":[{"embeddable":true,"href":"https:\/\/centrumba.se\/sv\/wp-json\/wp\/v2\/comments?post=182"}],"version-history":[{"count":9,"href":"https:\/\/centrumba.se\/sv\/wp-json\/wp\/v2\/pages\/182\/revisions"}],"predecessor-version":[{"id":6681,"href":"https:\/\/centrumba.se\/sv\/wp-json\/wp\/v2\/pages\/182\/revisions\/6681"}],"wp:attachment":[{"href":"https:\/\/centrumba.se\/sv\/wp-json\/wp\/v2\/media?parent=182"}],"curies":[{"name":"wp","href":"https:\/\/api.w.org\/{rel}","templated":true}]}}