{"id":2,"date":"2020-09-29T07:19:49","date_gmt":"2020-09-29T07:19:49","guid":{"rendered":"http:\/\/centrumba.se\/?page_id=2"},"modified":"2025-04-24T13:02:25","modified_gmt":"2025-04-24T13:02:25","slug":"om-cba","status":"publish","type":"page","link":"https:\/\/centrumba.se\/sv\/om-cba\/","title":{"rendered":"Om CBA"},"content":{"rendered":"\n<p>Hej! Vi heter Oscar och Tobias och <a href=\"https:\/\/centrumba.se\/tjanster\/handledning\/\" data-type=\"page\" data-id=\"105\">handleder<\/a> och <a href=\"https:\/\/centrumba.se\/tjanster\/utbildning\/\" data-type=\"page\" data-id=\"103\">utbildar<\/a> kring f\u00e4rdighetstr\u00e4ning f\u00f6r barn med autism. P\u00e5 senaste tiden har vi till exempel utbildat personal p\u00e5 habiliteringen i V\u00e4strag\u00f6talandsregionen, specialpedagoger i elevh\u00e4lsa och l\u00e4rare i anpassad grundskola i f\u00e4rdighetstr\u00e4ning. V\u00e5ra deltagare beskriver att de blir tryggare b\u00e5de i hur de kan l\u00e4ra barn viktiga f\u00e4rdigheter och hur de kan handleda annan personal.<\/p>\n\n\n\n<p>V\u00e5rt m\u00e5l \u00e4r att \u00f6ka individers livskvalitet och l\u00e4rande oavsett funktionsvariation. Vi kan ge dig st\u00f6d som f\u00f6r\u00e4lder, pedagog, habiliteringspersonal, organisation och privatperson. Vi kan hj\u00e4lpa dig om ett \u00e4gnar sig \u00e5t problembeteenden, det \u00e4r sv\u00e5rt att l\u00e4ra ett barn n\u00e5gonting, eller om du beh\u00f6ver st\u00f6d att utvecklas i n\u00e5got omr\u00e5de i livet. Vi utg\u00e5r fr\u00e5n\u00a0<a href=\"https:\/\/centrumba.se\/TBA\/\">till\u00e4mpad beteendeanalys (TBA)<\/a>\u00a0och har b\u00e5de logoped- och psykologkompetens. Vi \u00e4r har ocks\u00e5 skrivit boken\u00a0<a href=\"https:\/\/www.studentlitteratur.se\/kompetensutveckling\/forskola\/specialpedagogik\/barn-med-autism\">Barn med autism \u2013 En handledarguide f\u00f6r grundl\u00e4ggande f\u00e4dighetstr\u00e4ning<\/a>.\u00a0<a href=\"https:\/\/centrumba.se\/utbildningar\/\">L\u00e4s g\u00e4rna om v\u00e5ra utbildningar!<\/a><\/p>\n\n\n\n<p>Medarbetare:<\/p>\n\n\n\n<figure class=\"wp-block-image is-resized\"><img fetchpriority=\"high\" decoding=\"async\" width=\"2347\" height=\"2347\" src=\"https:\/\/centrumba.se\/wp-content\/uploads\/2020\/09\/tobias-cirkel.png\" alt=\"\" class=\"wp-image-119\" style=\"width:150px;height:150px\" srcset=\"https:\/\/centrumba.se\/wp-content\/uploads\/2020\/09\/tobias-cirkel.png 2347w, https:\/\/centrumba.se\/wp-content\/uploads\/2020\/09\/tobias-cirkel-300x300.png 300w, https:\/\/centrumba.se\/wp-content\/uploads\/2020\/09\/tobias-cirkel-1024x1024.png 1024w, https:\/\/centrumba.se\/wp-content\/uploads\/2020\/09\/tobias-cirkel-150x150.png 150w, https:\/\/centrumba.se\/wp-content\/uploads\/2020\/09\/tobias-cirkel-768x768.png 768w, https:\/\/centrumba.se\/wp-content\/uploads\/2020\/09\/tobias-cirkel-1536x1536.png 1536w, https:\/\/centrumba.se\/wp-content\/uploads\/2020\/09\/tobias-cirkel-2048x2048.png 2048w\" sizes=\"(max-width: 2347px) 100vw, 2347px\" \/><\/figure>\n\n\n\n<p><em>Tobias Rasmussen<\/em> \u00e4r leg. psykolog utbildad vid Stockholms universitet. Efter examen 2011 har han jobbat p\u00e5 med beteendeanalys i olika verksamheter: <a href=\"https:\/\/centrumba.se\/offentliga-intensiva-insatser-i-stockholm\/\">Autismcenter f\u00f6r sm\u00e5barn<\/a>, Stockholms Stad PLUS, KBT-gruppen, Academedia och <a href=\"https:\/\/centrumba.se\/offentliga-intensiva-insatser-i-stockholm\/\">Banyan Center<\/a>, Psykologpartners. Han har erfarenhet av att handleda pedagoger och f\u00f6r\u00e4ldrar inom intensiva insatser f\u00f6r sm\u00e5barn med autism, att arbeta som skolpsykolog och att utbilda och handleda inom f\u00f6r\u00e4ldrast\u00f6d. Som beteendeanalytiskt inriktad psykolog bedriver han ocks\u00e5 terapi f\u00f6r exempelvis \u00e5ngest, stress, oro och depression.<\/p>\n\n\n\n<p>F\u00f6rutom att Tobias \u00e4r konsult p\u00e5 CBA bloggar han p\u00e5 <a href=\"http:\/\/beteendeanalys.nu\/\">Beteendeanalys.nu<\/a>. Han sitter ocks\u00e5 i styrelsen f\u00f6r <a href=\"http:\/\/swaba.se\/\">Svenska f\u00f6reningen f\u00f6r beteendeanalys (SWABA)<\/a>. Tobias \u00e4r \u00e4r medf\u00f6rfattare till b\u00f6ckerna <a href=\"http:\/\/bit.ly\/kopBMA\">Barn med autism<\/a> samt <a href=\"https:\/\/www.nok.se\/titlar\/laromedel-b2\/vanskap-skola-familjeliv\/\">V\u00e4nskap, skola, familjeliv<\/a>.<br><em>E-mail: <\/em><a href=\"mailto:tobias@centrumba.se\">tobias@centrumba.se<\/a><\/p>\n\n\n\n<figure class=\"wp-block-image is-resized\"><img decoding=\"async\" width=\"679\" height=\"679\" src=\"https:\/\/centrumba.se\/wp-content\/uploads\/2021\/04\/Oscar-cirkel.png\" alt=\"Oscar Str\u00f6mberg, CBA\" class=\"wp-image-683\" style=\"width:150px;height:150px\" srcset=\"https:\/\/centrumba.se\/wp-content\/uploads\/2021\/04\/Oscar-cirkel.png 679w, https:\/\/centrumba.se\/wp-content\/uploads\/2021\/04\/Oscar-cirkel-300x300.png 300w, https:\/\/centrumba.se\/wp-content\/uploads\/2021\/04\/Oscar-cirkel-150x150.png 150w\" sizes=\"(max-width: 679px) 100vw, 679px\" \/><\/figure>\n\n\n\n<p><em>Oscar Str\u00f6mberg <\/em>\u00e4r <a href=\"https:\/\/centrumba.se\/certifiering-i-beteendeanalys-bcba\/\">certifierad beteendeanalytiker (BCBA)<\/a> och leg. logoped examinerad fr\u00e5n Ume\u00e5 universitet 2015. Han har ocks\u00e5 en masterexamen i&nbsp; specialpedagogik med inriktning autism och TBA fr\u00e5n Stockholms universitet, 2021. Han har jobbat p\u00e5<a href=\"https:\/\/centrumba.se\/offentliga-intensiva-insatser-i-stockholm\/\"> Autismcenter f\u00f6r Sm\u00e5 barn<\/a> i Stockholm och <a href=\"https:\/\/centrumba.se\/offentliga-intensiva-insatser-i-stockholm\/\">Banyan Center<\/a>, Psykologpartners med b\u00e5de intensiva och riktade insatser f\u00f6r sm\u00e5 barn med autism.<\/p>\n\n\n\n<p>F\u00f6rutom sin tj\u00e4nst p\u00e5 CBA jobbar Oscar som specialpedagog inom Stockholms stad. D\u00e4r handleder Oscar fem olika grunds\u00e4rskolor p\u00e5 J\u00e4rvaf\u00e4ltet i TBA. Oscar \u00e4r medf\u00f6rfattare till boken <a href=\"http:\/\/bit.ly\/kopBMA\">Barn med autism<\/a>.<br><em>E-mail:<\/em> <a href=\"mailto:oscar@centrumBA.se\">oscar@centrumBA.se<\/a><\/p>\n\n\n\n<p><\/p>\n\n\n                <div class=\"ml-embedded\" data-form=\"nGNaEj\"><\/div>\n            \n","protected":false},"excerpt":{"rendered":"<p>Hej! Vi heter Oscar och Tobias och handleder och utbildar kring f\u00e4rdighetstr\u00e4ning f\u00f6r barn med autism. P\u00e5 senaste tiden har vi till exempel utbildat personal<\/p>\n","protected":false},"author":1,"featured_media":0,"parent":0,"menu_order":1,"comment_status":"closed","ping_status":"open","template":"","meta":{"footnotes":""},"class_list":["post-2","page","type-page","status-publish","hentry"],"_links":{"self":[{"href":"https:\/\/centrumba.se\/sv\/wp-json\/wp\/v2\/pages\/2","targetHints":{"allow":["GET"]}}],"collection":[{"href":"https:\/\/centrumba.se\/sv\/wp-json\/wp\/v2\/pages"}],"about":[{"href":"https:\/\/centrumba.se\/sv\/wp-json\/wp\/v2\/types\/page"}],"author":[{"embeddable":true,"href":"https:\/\/centrumba.se\/sv\/wp-json\/wp\/v2\/users\/1"}],"replies":[{"embeddable":true,"href":"https:\/\/centrumba.se\/sv\/wp-json\/wp\/v2\/comments?post=2"}],"version-history":[{"count":46,"href":"https:\/\/centrumba.se\/sv\/wp-json\/wp\/v2\/pages\/2\/revisions"}],"predecessor-version":[{"id":7103,"href":"https:\/\/centrumba.se\/sv\/wp-json\/wp\/v2\/pages\/2\/revisions\/7103"}],"wp:attachment":[{"href":"https:\/\/centrumba.se\/sv\/wp-json\/wp\/v2\/media?parent=2"}],"curies":[{"name":"wp","href":"https:\/\/api.w.org\/{rel}","templated":true}]}}