{"id":243,"date":"2020-10-16T16:37:21","date_gmt":"2020-10-16T16:37:21","guid":{"rendered":"https:\/\/centrumba.se\/?page_id=243"},"modified":"2026-03-23T09:45:05","modified_gmt":"2026-03-23T09:45:05","slug":"material","status":"publish","type":"page","link":"https:\/\/centrumba.se\/sv\/material\/","title":{"rendered":"Material och litteratur"},"content":{"rendered":"\n<h3 class=\"wp-block-heading\">Litteratur<\/h3>\n\n\n\n<div class=\"wp-block-columns is-layout-flex wp-container-core-columns-is-layout-9d6595d7 wp-block-columns-is-layout-flex\">\n<div class=\"wp-block-column is-layout-flow wp-block-column-is-layout-flow\">\n<p><strong>Barn med autism<\/strong><br>Tobias och Oscar p\u00e5 CBA har tillsammans skrivit boken&nbsp;<em>Barn med autism \u2013 En handledarguide f\u00f6r grundl\u00e4ggande f\u00e4rdighetstr\u00e4ning<\/em>. Den riktar sig till dem som handleder pedagoger eller f\u00f6r\u00e4ldrar kring barn med autism. Boken \u00e4r nu publicerad och finns att best\u00e4lla <a href=\"https:\/\/www.studentlitteratur.se\/kompetensutveckling\/forskola\/specialpedagogik\/barn-med-autism\/\">bland annat p\u00e5 Studentlitteratur<\/a>. Letar du efter bokens formul\u00e4r finns de under fliken \u201dboken barn med autism\u201d<\/p>\n<\/div>\n\n\n\n<div class=\"wp-block-column is-vertically-aligned-center is-layout-flow wp-block-column-is-layout-flow\">\n<p> <img decoding=\"async\" width=\"120\" height=\"172\" class=\"wp-image-3285\" style=\"width: 120px;\" src=\"https:\/\/centrumba.se\/wp-content\/uploads\/2022\/08\/Barn-med-autism.png\" alt=\"Boken Barn med autism\" srcset=\"https:\/\/centrumba.se\/wp-content\/uploads\/2022\/08\/Barn-med-autism.png 1122w, https:\/\/centrumba.se\/wp-content\/uploads\/2022\/08\/Barn-med-autism-209x300.png 209w, https:\/\/centrumba.se\/wp-content\/uploads\/2022\/08\/Barn-med-autism-713x1024.png 713w, https:\/\/centrumba.se\/wp-content\/uploads\/2022\/08\/Barn-med-autism-768x1103.png 768w, https:\/\/centrumba.se\/wp-content\/uploads\/2022\/08\/Barn-med-autism-1069x1536.png 1069w, https:\/\/centrumba.se\/wp-content\/uploads\/2022\/08\/Barn-med-autism-8x12.png 8w\" sizes=\"(max-width: 120px) 100vw, 120px\" \/><\/p>\n<\/div>\n<\/div>\n\n\n\n<div class=\"wp-block-columns is-layout-flex wp-container-core-columns-is-layout-9d6595d7 wp-block-columns-is-layout-flex\">\n<div class=\"wp-block-column is-layout-flow wp-block-column-is-layout-flow\">\n<p><strong>V\u00e4nskap, skola, familjeliv<\/strong><br>Tobias Rasmussen p\u00e5 CBA har skrivit ett kapitel i boken <em>V\u00e4nskap, skola, familjeliv: Anpassningar och f\u00e4rdigheter f\u00f6r barn med autism<\/em>. Boken riktar sig till f\u00f6r\u00e4ldrar till barn 6-9 \u00e5r med autism. Tobias kapitel handlar om att skapa en meningsfull fritid f\u00f6r barn med autism. <a href=\"https:\/\/www.nok.se\/titlar\/laromedel-b2\/vanskap-skola-familjeliv\/\">L\u00e4s mer h\u00e4r<\/a><\/p>\n<\/div>\n\n\n\n<div class=\"wp-block-column is-vertically-aligned-center is-layout-flow wp-block-column-is-layout-flow\">\n<p> <img decoding=\"async\" width=\"120\" height=\"166\" class=\"wp-image-3402\" style=\"width: 120px;\" src=\"https:\/\/centrumba.se\/wp-content\/uploads\/2022\/10\/Vanskap_-skola_-familjeliv_omslag.jpeg\" alt=\"V\u00e4nskap, skola, familjeliv\" srcset=\"https:\/\/centrumba.se\/wp-content\/uploads\/2022\/10\/Vanskap_-skola_-familjeliv_omslag.jpeg 280w, https:\/\/centrumba.se\/wp-content\/uploads\/2022\/10\/Vanskap_-skola_-familjeliv_omslag-217x300.jpeg 217w, https:\/\/centrumba.se\/wp-content\/uploads\/2022\/10\/Vanskap_-skola_-familjeliv_omslag-9x12.jpeg 9w\" sizes=\"(max-width: 120px) 100vw, 120px\" \/><\/p>\n<\/div>\n<\/div>\n\n\n\n<div class=\"wp-block-columns is-layout-flex wp-container-core-columns-is-layout-9d6595d7 wp-block-columns-is-layout-flex\">\n<div class=\"wp-block-column is-layout-flow wp-block-column-is-layout-flow\">\n<p><strong>Pivotal Response Training (PRT)<\/strong><br><a href=\"https:\/\/centrumba.se\/wp-content\/uploads\/2022\/12\/Oscar-Stromberg-PRT.pdf\" data-type=\"attachment\" data-id=\"3586\" target=\"_blank\" rel=\"noreferrer noopener\">L\u00e4s om hur v\u00e5r logoped Oscar l\u00e4rt ut strategier fr\u00e5n Pivotal Response Training (PRT) till en pedagog i anpassad grundskola<\/a>. strategierna anv\u00e4ndes med ett barn med autism och \u00f6kade barnets kommunikation.<\/p>\n<\/div>\n\n\n\n<div class=\"wp-block-column is-vertically-aligned-center is-layout-flow wp-block-column-is-layout-flow\">\n<p> <img decoding=\"async\" width=\"150\" height=\"112\" class=\"wp-image-3585\" style=\"width: 150px;\" src=\"https:\/\/centrumba.se\/wp-content\/uploads\/2022\/12\/Oscar-Stromberg-PRT.png\" alt=\"PRT-poster\" srcset=\"https:\/\/centrumba.se\/wp-content\/uploads\/2022\/12\/Oscar-Stromberg-PRT.png 1584w, https:\/\/centrumba.se\/wp-content\/uploads\/2022\/12\/Oscar-Stromberg-PRT-300x225.png 300w, https:\/\/centrumba.se\/wp-content\/uploads\/2022\/12\/Oscar-Stromberg-PRT-1024x767.png 1024w, https:\/\/centrumba.se\/wp-content\/uploads\/2022\/12\/Oscar-Stromberg-PRT-768x575.png 768w, https:\/\/centrumba.se\/wp-content\/uploads\/2022\/12\/Oscar-Stromberg-PRT-1536x1150.png 1536w, https:\/\/centrumba.se\/wp-content\/uploads\/2022\/12\/Oscar-Stromberg-PRT-16x12.png 16w\" sizes=\"(max-width: 150px) 100vw, 150px\" \/><\/p>\n<\/div>\n<\/div>\n\n\n\n<h3 class=\"wp-block-heading\">Material<\/h3>\n\n\n\n<div class=\"wp-block-columns is-layout-flex wp-container-core-columns-is-layout-9d6595d7 wp-block-columns-is-layout-flex\">\n<div class=\"wp-block-column is-layout-flow wp-block-column-is-layout-flow\" style=\"flex-basis:33.33%\">\n<p>Tabell \u00f6ver evidensbaserade insatser vid autism.<br><\/p>\n<\/div>\n\n\n\n<div class=\"wp-block-column is-layout-flow wp-block-column-is-layout-flow\" style=\"flex-basis:66.66%\">\n<div class=\"wp-block-buttons is-layout-flex wp-block-buttons-is-layout-flex\">\n<div class=\"wp-block-button\"><a class=\"wp-block-button__link has-background wp-element-button\" href=\"https:\/\/centrumba.se\/wp-content\/uploads\/2025\/09\/EBP-autism-Steinbrenner-2020.pdf\" style=\"background:linear-gradient(135deg,rgb(82,106,161) 0%,rgb(82,106,161) 100%)\">Ladda ned<\/a><\/div>\n<\/div>\n<\/div>\n<\/div>\n\n\n\n<h4 class=\"wp-block-heading\">Relationsbyggande<\/h4>\n\n\n\n<div class=\"wp-block-columns is-layout-flex wp-container-core-columns-is-layout-9d6595d7 wp-block-columns-is-layout-flex\">\n<div class=\"wp-block-column is-layout-flow wp-block-column-is-layout-flow\" style=\"flex-basis:33.33%\">\n<p><strong>Barnstyrd tid<\/strong><br>En blankett med instruktioner f\u00f6r hur du kan anv\u00e4nda barnstyrd tid f\u00f6r att st\u00e4rka din relation med ett barn.<\/p>\n<\/div>\n\n\n\n<div class=\"wp-block-column is-vertically-aligned-center is-layout-flow wp-block-column-is-layout-flow\" style=\"flex-basis:66.66%\">\n<div class=\"wp-block-buttons is-layout-flex wp-block-buttons-is-layout-flex\">\n<div class=\"wp-block-button\"><a class=\"wp-block-button__link has-background wp-element-button\" href=\"https:\/\/centrumba.se\/wp-content\/uploads\/2023\/09\/Barnstyrd-tid-CBA.pdf\" style=\"background-color:#56699d\">Ladda ned<\/a><\/div>\n<\/div>\n<\/div>\n<\/div>\n\n\n\n<div class=\"wp-block-columns is-layout-flex wp-container-core-columns-is-layout-9d6595d7 wp-block-columns-is-layout-flex\">\n<div class=\"wp-block-column is-layout-flow wp-block-column-is-layout-flow\" style=\"flex-basis:33.33%\">\n<p><strong>Elevens stund<\/strong><br>En blankett med instruktioner f\u00f6r hur du kan anv\u00e4nda st\u00e4rka relationen med barn\/elever i grundskolan.<\/p>\n<\/div>\n\n\n\n<div class=\"wp-block-column is-vertically-aligned-center is-layout-flow wp-block-column-is-layout-flow\" style=\"flex-basis:66.66%\">\n<div class=\"wp-block-buttons is-layout-flex wp-block-buttons-is-layout-flex\">\n<div class=\"wp-block-button\"><a class=\"wp-block-button__link has-background wp-element-button\" href=\"https:\/\/centrumba.se\/wp-content\/uploads\/2025\/04\/Elevens-stund.pdf\" style=\"background-color:#56699d\">Ladda ned<\/a><\/div>\n<\/div>\n<\/div>\n<\/div>\n\n\n\n<h4 class=\"wp-block-heading\">Lek<\/h4>\n\n\n\n<div class=\"wp-block-columns is-layout-flex wp-container-core-columns-is-layout-9d6595d7 wp-block-columns-is-layout-flex\">\n<div class=\"wp-block-column is-layout-flow wp-block-column-is-layout-flow\" style=\"flex-basis:33.33%\">\n<p><strong>Strukturerad lekgrupp<\/strong><br>Ett arbetsblad f\u00f6r att planera strukturerad lekgrupp d\u00e4r ett barn med autism f\u00f6r \u00f6va p\u00e5 att leka med kamrater<\/p>\n<\/div>\n\n\n\n<div class=\"wp-block-column is-vertically-aligned-center is-layout-flow wp-block-column-is-layout-flow\" style=\"flex-basis:66.6%\">\n<div class=\"wp-block-buttons is-layout-flex wp-block-buttons-is-layout-flex\">\n<div class=\"wp-block-button\"><a class=\"wp-block-button__link has-background wp-element-button\" href=\"https:\/\/centrumba.se\/wp-content\/uploads\/2026\/03\/Strukturerad-lekgrupp.pdf\" style=\"background-color:#56699d\">Ladda ned<\/a><\/div>\n<\/div>\n<\/div>\n<\/div>\n\n\n\n<h4 class=\"wp-block-heading\">Tydligg\u00f6rande<\/h4>\n\n\n\n<div class=\"wp-block-columns is-layout-flex wp-container-core-columns-is-layout-9d6595d7 wp-block-columns-is-layout-flex\">\n<div class=\"wp-block-column is-layout-flow wp-block-column-is-layout-flow\" style=\"flex-basis:33.33%\">\n<p><strong>Veckoschema<\/strong><br>Ett veckoschema att skriva ut f\u00f6r att anv\u00e4nda som st\u00f6d till personer med t.ex. NPF eller intellektuell funktionsneds\u00e4ttning, eller som av andra sk\u00e4l beh\u00f6ver extra tydlighet.<\/p>\n<\/div>\n\n\n\n<div class=\"wp-block-column is-vertically-aligned-center is-layout-flow wp-block-column-is-layout-flow\" style=\"flex-basis:66.6%\">\n<div class=\"wp-block-buttons is-layout-flex wp-block-buttons-is-layout-flex\">\n<div class=\"wp-block-button\"><a class=\"wp-block-button__link has-background wp-element-button\" href=\"https:\/\/centrumba.se\/wp-content\/uploads\/2021\/01\/bildstod-veckoschema.pdf\" style=\"background-color:#56699d\">Ladda ned<\/a><\/div>\n<\/div>\n<\/div>\n<\/div>\n\n\n\n<h4 class=\"wp-block-heading\">Kravk\u00e4nslighet<\/h4>\n\n\n\n<div class=\"wp-block-columns is-layout-flex wp-container-core-columns-is-layout-9d6595d7 wp-block-columns-is-layout-flex\">\n<div class=\"wp-block-column is-layout-flow wp-block-column-is-layout-flow\" style=\"flex-basis:33.33%\">\n<p><strong>Fl\u00f6desschema f\u00f6r problembeteenden vid krav<\/strong><br>Ett fl\u00f6desschema f\u00f6r hur insatser f\u00f6r problembeteende b\u00f6r prioriteras i ett inl\u00e4rningsprogram. Fr\u00e4mst f\u00f6r professionella!<\/p>\n<\/div>\n\n\n\n<div class=\"wp-block-column is-vertically-aligned-center is-layout-flow wp-block-column-is-layout-flow\" style=\"flex-basis:66.66%\">\n<div class=\"wp-block-buttons is-content-justification-left is-layout-flex wp-container-core-buttons-is-layout-fdcfc74e wp-block-buttons-is-layout-flex\">\n<div class=\"wp-block-button\"><a class=\"wp-block-button__link has-background wp-element-button\" href=\"https:\/\/centrumba.se\/wp-content\/uploads\/2023\/09\/Flodesschema-problembeteenden-med-funktion-flykt-CBA.pdf\" style=\"background-color:#56699d\">Ladda ned<\/a><\/div>\n<\/div>\n<\/div>\n<\/div>\n\n\n\n<div class=\"wp-block-columns is-layout-flex wp-container-core-columns-is-layout-9d6595d7 wp-block-columns-is-layout-flex\">\n<div class=\"wp-block-column is-layout-flow wp-block-column-is-layout-flow\" style=\"flex-basis:33.33%\">\n<p><strong>Gradvis introducerande av krav<\/strong><br>En instruktion f\u00f6r problembeteende kring strategin att f\u00f6rst minimera krav och sedan gradvis \u00e5terintroducera dem. Fr\u00e4mst f\u00f6r professionella!<\/p>\n\n\n\n<p><\/p>\n<\/div>\n\n\n\n<div class=\"wp-block-column is-vertically-aligned-center is-layout-flow wp-block-column-is-layout-flow\" style=\"flex-basis:66.66%\">\n<div class=\"wp-block-buttons is-layout-flex wp-block-buttons-is-layout-flex\">\n<div class=\"wp-block-button\"><a class=\"wp-block-button__link has-background wp-element-button\" href=\"https:\/\/centrumba.se\/wp-content\/uploads\/2021\/02\/gradvis-introducerande-av-krav.pdf\" style=\"background-color:#56699d\">Ladda ned<\/a><\/div>\n<\/div>\n<\/div>\n<\/div>\n\n\n\n<h4 class=\"wp-block-heading\">Omfattande st\u00f6dmaterial kring autism<\/h4>\n\n\n\n<div class=\"wp-block-columns is-layout-flex wp-container-core-columns-is-layout-9d6595d7 wp-block-columns-is-layout-flex\">\n<div class=\"wp-block-column is-layout-flow wp-block-column-is-layout-flow\" style=\"flex-basis:33.33%\">\n<p><strong>Att st\u00f6dja personer med autism genom oroliga tider<\/strong><br>En handbok f\u00f6r hur f\u00f6r\u00e4ldrar kan st\u00f6dja personer med autism genom annorlunda situationer, som t.ex. coronapandemin. \u00d6vers\u00e4ttning av material fr\u00e5n NPDC.<\/p>\n\n\n\n<p><\/p>\n<\/div>\n\n\n\n<div class=\"wp-block-column is-vertically-aligned-center is-layout-flow wp-block-column-is-layout-flow\" style=\"flex-basis:66.66%\">\n<div class=\"wp-block-buttons is-layout-flex wp-block-buttons-is-layout-flex\">\n<div class=\"wp-block-button\"><a class=\"wp-block-button__link has-background wp-element-button\" href=\"https:\/\/centrumba.se\/wp-content\/uploads\/2020\/10\/Att-stodja-personer-med-autism-genom-oroliga-tider.pdf\" style=\"background-color:#56699d\">Ladda ned<\/a><\/div>\n<\/div>\n<\/div>\n<\/div>\n\n\n\n<h4 class=\"wp-block-heading\">Medveten n\u00e4rvaro<\/h4>\n\n\n\n<div class=\"wp-block-columns is-layout-flex wp-container-core-columns-is-layout-9d6595d7 wp-block-columns-is-layout-flex\">\n<div class=\"wp-block-column is-layout-flow wp-block-column-is-layout-flow\" style=\"flex-basis:33.33%\">\n<p><strong>Fokusskiftes\u00f6vning<\/strong><br>Ett youtubeklipp med en guidad \u00f6vning i fokusskifte. Att \u00f6va p\u00e5 att skifta fokus \u00e4r vanligt i olika typer av beteendeterapi och \u00e4r en viktig f\u00e4rdighet f\u00f6r att \u00f6ka chansen att agera \u00e4ndam\u00e5lsenligt i olika situationer.<\/p>\n<\/div>\n\n\n\n<div class=\"wp-block-column is-vertically-aligned-center is-layout-flow wp-block-column-is-layout-flow\" style=\"flex-basis:66.66%\">\n<div class=\"wp-block-buttons is-layout-flex wp-block-buttons-is-layout-flex\">\n<div class=\"wp-block-button\"><a class=\"wp-block-button__link has-background wp-element-button\" href=\"https:\/\/youtu.be\/g5uTN9GRbAw\" style=\"background-color:#56699d\">Ladda ned<\/a><\/div>\n<\/div>\n<\/div>\n<\/div>\n","protected":false},"excerpt":{"rendered":"<p>Litteratur Barn med autismTobias och Oscar p\u00e5 CBA har tillsammans skrivit boken&nbsp;Barn med autism \u2013 En handledarguide f\u00f6r grundl\u00e4ggande f\u00e4rdighetstr\u00e4ning. Den riktar sig till dem<\/p>\n","protected":false},"author":1,"featured_media":0,"parent":0,"menu_order":0,"comment_status":"closed","ping_status":"closed","template":"","meta":{"footnotes":""},"class_list":["post-243","page","type-page","status-publish","hentry"],"_links":{"self":[{"href":"https:\/\/centrumba.se\/sv\/wp-json\/wp\/v2\/pages\/243","targetHints":{"allow":["GET"]}}],"collection":[{"href":"https:\/\/centrumba.se\/sv\/wp-json\/wp\/v2\/pages"}],"about":[{"href":"https:\/\/centrumba.se\/sv\/wp-json\/wp\/v2\/types\/page"}],"author":[{"embeddable":true,"href":"https:\/\/centrumba.se\/sv\/wp-json\/wp\/v2\/users\/1"}],"replies":[{"embeddable":true,"href":"https:\/\/centrumba.se\/sv\/wp-json\/wp\/v2\/comments?post=243"}],"version-history":[{"count":58,"href":"https:\/\/centrumba.se\/sv\/wp-json\/wp\/v2\/pages\/243\/revisions"}],"predecessor-version":[{"id":8254,"href":"https:\/\/centrumba.se\/sv\/wp-json\/wp\/v2\/pages\/243\/revisions\/8254"}],"wp:attachment":[{"href":"https:\/\/centrumba.se\/sv\/wp-json\/wp\/v2\/media?parent=243"}],"curies":[{"name":"wp","href":"https:\/\/api.w.org\/{rel}","templated":true}]}}