{"id":3444,"date":"2022-11-02T12:42:49","date_gmt":"2022-11-02T12:42:49","guid":{"rendered":"https:\/\/centrumba.se\/?page_id=3444"},"modified":"2025-12-09T13:13:05","modified_gmt":"2025-12-09T13:13:05","slug":"bma","status":"publish","type":"page","link":"https:\/\/centrumba.se\/sv\/bma\/","title":{"rendered":"Boken Barn med autism"},"content":{"rendered":"\n<h2 class=\"wp-block-heading\">\u2013 En handledarguide f\u00f6r grundl\u00e4ggande f\u00e4rdighetstr\u00e4ning, arbetsmaterial<\/h2>\n\n\n\n<div class=\"wp-block-columns is-layout-flex wp-container-core-columns-is-layout-9d6595d7 wp-block-columns-is-layout-flex\">\n<div class=\"wp-block-column is-layout-flow wp-block-column-is-layout-flow\" style=\"flex-basis:100%\">\n<div class=\"wp-block-columns is-layout-flex wp-container-core-columns-is-layout-47d8061b wp-block-columns-is-layout-flex\" style=\"border-style:none;border-width:0px;border-radius:0px;padding-top:0;padding-bottom:0\">\n<div class=\"wp-block-column is-vertically-aligned-center is-layout-flow wp-block-column-is-layout-flow\">\n<p><a href=\"https:\/\/www.studentlitteratur.se\/kompetensutveckling\/forskola\/specialpedagogik\/barn-med-autism\/\">Barn med autism<\/a> \u00e4r en bok om f\u00e4rdighetstr\u00e4ning riktad fr\u00e4mst till handledare, till exempel psykologer, logopeder och specialpedagoger. Den kan ocks\u00e5 vara anv\u00e4ndbar f\u00f6r pedagoger och f\u00f6r\u00e4ldrar. Nedan hittar du arbetsblad som h\u00f6r till boken, inkluderande \u00f6versikt av alla \u00f6vningar i boken (fl\u00f6desschemat), de tre relationsbyggande strategierna och arbetsblad f\u00f6r att planera tr\u00e4ningen. Information kring hur arbetsbladen anv\u00e4nds finns i boken <em><a href=\"https:\/\/www.studentlitteratur.se\/kompetensutveckling\/forskola\/specialpedagogik\/barn-med-autism\/\">Barn med autism<\/a><\/em>.<\/p>\n<\/div>\n\n\n\n<div class=\"wp-block-column is-layout-flow wp-block-column-is-layout-flow\">\n<figure class=\"wp-block-image size-medium is-resized\"><img fetchpriority=\"high\" decoding=\"async\" width=\"209\" height=\"300\" src=\"https:\/\/centrumba.se\/wp-content\/uploads\/2022\/08\/Barn-med-autism-209x300.png\" alt=\"Framsida f\u00f6r boken Barn med autism\" class=\"wp-image-3285\" style=\"width:200px\" srcset=\"https:\/\/centrumba.se\/wp-content\/uploads\/2022\/08\/Barn-med-autism-209x300.png 209w, https:\/\/centrumba.se\/wp-content\/uploads\/2022\/08\/Barn-med-autism-713x1024.png 713w, https:\/\/centrumba.se\/wp-content\/uploads\/2022\/08\/Barn-med-autism-768x1103.png 768w, https:\/\/centrumba.se\/wp-content\/uploads\/2022\/08\/Barn-med-autism-1069x1536.png 1069w, https:\/\/centrumba.se\/wp-content\/uploads\/2022\/08\/Barn-med-autism-8x12.png 8w, https:\/\/centrumba.se\/wp-content\/uploads\/2022\/08\/Barn-med-autism.png 1122w\" sizes=\"(max-width: 209px) 100vw, 209px\" \/><\/figure>\n<\/div>\n<\/div>\n<\/div>\n<\/div>\n\n\n\n<h2 class=\"wp-block-heading\">Arbetsblad till <em>handledarutbildning i f\u00e4rdighetstr\u00e4ning<\/em><\/h2>\n\n\n\n<div class=\"wp-block-file\"><a id=\"wp-block-file--media-9a688fff-faf4-4085-a3ad-0c3aa72de338\" href=\"https:\/\/centrumba.se\/wp-content\/uploads\/2024\/10\/Tranarfardigheter-for-ovning.pdf\">Tr\u00e4narf\u00e4rdigheter f\u00f6r \u00f6vning<\/a><\/div>\n\n\n\n<h2 class=\"wp-block-heading\">Arbetsblad till <em>&#8221;Barn med autism&#8221;<\/em><\/h2>\n\n\n\n<div class=\"wp-block-file\"><a id=\"wp-block-file--media-8c24564c-a2cd-4fdb-825a-bb37269e63d6\" href=\"https:\/\/centrumba.se\/wp-content\/uploads\/2022\/11\/BMA-_-Arbetsblad-_-Flodesschemat-1.pdf\">Arbetsblad \u2013 Fl\u00f6desschemat<\/a><\/div>\n\n\n\n<div class=\"wp-block-file\"><a id=\"wp-block-file--media-29252eca-8cf7-46ec-8bf3-b26a763bd846\" href=\"https:\/\/centrumba.se\/wp-content\/uploads\/2022\/11\/BMA-_-Ovning-1-\u2013-Barnstyrd-tid.pdf\">\u00d6vning 1 \u2013 Barnstyrd-tid<\/a><\/div>\n\n\n\n<div class=\"wp-block-file\"><a id=\"wp-block-file--media-1949bad6-5bf5-4f57-8bb9-3dbf72ad6a08\" href=\"https:\/\/centrumba.se\/wp-content\/uploads\/2022\/11\/BMA-_-Ovning-2-\u2013-Utforska-intressen.pdf\">\u00d6vning 2 \u2013 Utforska intressen<\/a><\/div>\n\n\n\n<div class=\"wp-block-file\"><a id=\"wp-block-file--media-0ef4c4da-252f-4065-aed0-26d064d6ec22\" href=\"https:\/\/centrumba.se\/wp-content\/uploads\/2022\/11\/BMA-_-Ovning-3-_-Fokuserad-uppmuntran.pdf\">\u00d6vning 3 \u2013 Fokuserad uppmuntran<\/a><\/div>\n\n\n\n<div class=\"wp-block-file\"><a id=\"wp-block-file--media-e04c4b9e-8020-414a-b8e9-eebaf50a3957\" href=\"https:\/\/centrumba.se\/wp-content\/uploads\/2024\/02\/BMA_Ovning_04-Grundlaggande-samspel.pdf\">\u00d6vning 4 &#8211; Grundl\u00e4ggande samspel<\/a><\/div>\n\n\n\n<div class=\"wp-block-file\"><a id=\"wp-block-file--media-7c9b4dba-631b-40ee-8066-43b762ee13f5\" href=\"https:\/\/centrumba.se\/wp-content\/uploads\/2024\/02\/BMA_Ovning_05-Begara-foremal.pdf\">\u00d6vning 5 &#8211; Beg\u00e4ra f\u00f6rem\u00e5l<\/a><\/div>\n\n\n\n<div class=\"wp-block-file\"><a id=\"wp-block-file--media-ba74d012-2e50-4d44-bcdd-788980d1597d\" href=\"https:\/\/centrumba.se\/wp-content\/uploads\/2024\/02\/BMA_Ovning_06-Lyssna-till-sitt-namn.pdf\">\u00d6vning 6 &#8211; Lyssna till sitt namn<\/a><\/div>\n\n\n\n<div class=\"wp-block-file\"><a id=\"wp-block-file--media-1878fa09-f68d-451d-b3c3-dedd9d16c0c3\" href=\"https:\/\/centrumba.se\/wp-content\/uploads\/2024\/02\/BMA_Ovning_07-Enkla-instruktioner.pdf\">\u00d6vning 7 &#8211; Enkla instruktioner<\/a><\/div>\n\n\n\n<div class=\"wp-block-file\"><a id=\"wp-block-file--media-86433225-68d1-4811-abd6-1f1d35ee2a96\" href=\"https:\/\/centrumba.se\/wp-content\/uploads\/2024\/02\/BMA_Ovning_08-Imitera-rorelser.pdf\">\u00d6vning 8 &#8211; Imitera r\u00f6relser<\/a><\/div>\n\n\n\n<div class=\"wp-block-file\"><a id=\"wp-block-file--media-79f2c6ae-e9b1-44b9-8696-e69cc3a02d35\" href=\"https:\/\/centrumba.se\/wp-content\/uploads\/2024\/02\/BMA_Ovning_09-Be-om-hjalp.pdf\">\u00d6vning 9 &#8211; Be om hj\u00e4lp<\/a><\/div>\n\n\n\n<div class=\"wp-block-file\"><a id=\"wp-block-file--media-d9e1223e-e172-4a49-bc42-8f2113a23498\" href=\"https:\/\/centrumba.se\/wp-content\/uploads\/2024\/02\/BMA_Ovning_10-Svara-nej-och-ja.pdf\">\u00d6vning 10 &#8211; Svara nej och ja<\/a><\/div>\n\n\n\n<div class=\"wp-block-file\"><a id=\"wp-block-file--media-1d9081a1-6729-4b3f-ba74-bb281a5d6ad5\" href=\"https:\/\/centrumba.se\/wp-content\/uploads\/2024\/02\/BMA_Ovning_11-Be-om-saker-utom-synhall.pdf\">\u00d6vning 11 \u2013  Be om saker utom synh\u00e5ll<\/a><\/div>\n\n\n\n<div class=\"wp-block-file\"><a id=\"wp-block-file--media-fa7ab434-a87c-4839-8e90-0177df10cb9c\" href=\"https:\/\/centrumba.se\/wp-content\/uploads\/2024\/02\/BMA_Ovning_12-Svara-pa-halsning.pdf\">\u00d6vning 12 \u2013 Svara p\u00e5 h\u00e4lsning<\/a><\/div>\n\n\n\n<div class=\"wp-block-file\"><a id=\"wp-block-file--media-87ba54a2-b636-4154-8191-07f1885add9e\" href=\"https:\/\/centrumba.se\/wp-content\/uploads\/2024\/02\/BMA_Ovning_13-Begara-uppmarksamhet.pdf\">\u00d6vning 13 \u2013 Beg\u00e4ra uppm\u00e4rksamhet<\/a><\/div>\n\n\n\n<div class=\"wp-block-file\"><a id=\"wp-block-file--media-3acbfd57-ae03-4bf8-8af1-d829c463fc6c\" href=\"https:\/\/centrumba.se\/wp-content\/uploads\/2024\/02\/BMA_Ovning_14-Fylla-i-ramsa.pdf\">\u00d6vning 14 \u2013 Fylla i ramsa<\/a><\/div>\n\n\n\n<div class=\"wp-block-file\"><a id=\"wp-block-file--media-1dca01ba-818e-46c5-97e1-96e9a191aa3a\" href=\"https:\/\/centrumba.se\/wp-content\/uploads\/2024\/02\/BMA_Ovning_15-Vanta-en-kort-stund-1.pdf\">\u00d6vning 15 \u2013 V\u00e4nta en kort stund<\/a><\/div>\n\n\n\n<div class=\"wp-block-file\"><a id=\"wp-block-file--media-99ec3178-1720-4904-84f2-b9cabdb76824\" href=\"https:\/\/centrumba.se\/wp-content\/uploads\/2024\/02\/BMA_Ovning_16-identifiera-substantiv.pdf\">\u00d6vning 16 \u2013 Identifiera substantiv<\/a><\/div>\n\n\n\n<div class=\"wp-block-file\"><a id=\"wp-block-file--media-3530131e-01f8-4d26-b05c-59c7183065de\" href=\"https:\/\/centrumba.se\/wp-content\/uploads\/2024\/02\/BMA_Ovning_17-Identifiera-personer.pdf\">\u00d6vning 17 \u2013 Identifiera personer<\/a><\/div>\n\n\n\n<div class=\"wp-block-file\"><a id=\"wp-block-file--media-017903a9-46ca-4df4-980f-888d6d8b1dcc\" href=\"https:\/\/centrumba.se\/wp-content\/uploads\/2024\/03\/BMA_Ovning_18-Folja-pekning.pdf\">\u00d6vning 18 \u2013 F\u00f6lja pekning<\/a><\/div>\n\n\n\n<div class=\"wp-block-file\"><a id=\"wp-block-file--media-06e725da-3056-4e85-89e0-96d6cf26d725\" href=\"https:\/\/centrumba.se\/wp-content\/uploads\/2024\/03\/BMA_Ovning_19-Turtagning.pdf\">\u00d6vning 19 \u2013 Turtagning<\/a><\/div>\n\n\n\n<div class=\"wp-block-file\"><a id=\"wp-block-file--media-347dfa53-e170-4994-b319-cac0ed6152ea\" href=\"https:\/\/centrumba.se\/wp-content\/uploads\/2025\/01\/BMA-_Ovning_20-imitera-leksekvenser.pdf\">\u00d6vning 20 \u2013 Imitera leksekvenser<\/a><\/div>\n\n\n\n<div class=\"wp-block-file\"><a id=\"wp-block-file--media-8fc9120c-384a-4c5b-8897-f67188f651d4\" href=\"https:\/\/centrumba.se\/wp-content\/uploads\/2025\/01\/BMA-_-Ovning_21-verbal-imitation.pdf\">\u00d6vning 21 \u2013 Verbal imitation<\/a><\/div>\n\n\n\n<div class=\"wp-block-file\"><a id=\"wp-block-file--media-8d09b70e-4176-464b-91c2-cdca7d9b353c\" href=\"https:\/\/centrumba.se\/wp-content\/uploads\/2025\/01\/BMA_Ovning_22-protestera.pdf\">\u00d6vning 22 \u2013 Protestera<\/a><\/div>\n\n\n\n<div class=\"wp-block-file\"><a id=\"wp-block-file--media-8eef3cad-7be6-4c4e-af9f-4654e04cac5c\" href=\"https:\/\/centrumba.se\/wp-content\/uploads\/2025\/01\/BMA_Ovning_23-Stalla-fragor.pdf\">\u00d6vning 23 \u2013 St\u00e4lla fr\u00e5gor<\/a><\/div>\n\n\n\n<div class=\"wp-block-file\"><a id=\"wp-block-file--media-0dfbca58-d9af-4719-a0db-78899a449585\" href=\"https:\/\/centrumba.se\/wp-content\/uploads\/2025\/01\/BMA_Ovning_24-Begara-foremal-med-adjektiv.pdf\">\u00d6vning 24 \u2013 Beg\u00e4ra f\u00f6rem\u00e5l med adjektiv<\/a><\/div>\n\n\n\n<div class=\"wp-block-file\"><a id=\"wp-block-file--media-a29cde6f-31a5-42ca-a85d-17c6ab0a177e\" href=\"https:\/\/centrumba.se\/wp-content\/uploads\/2025\/01\/BMA_Ovning_25-Halsa-pa-andra.pdf\">\u00d6vning 25 \u2013 H\u00e4lsa p\u00e5 andra<\/a><\/div>\n\n\n\n<div class=\"wp-block-file\"><a id=\"wp-block-file--media-2f4b9733-8108-4a24-951e-9f2d811d913d\" href=\"https:\/\/centrumba.se\/wp-content\/uploads\/2025\/01\/BMA_Ovning_26-Svara-pa-sociala-fasta-fragor.pdf\">\u00d6vning 26 \u2013 Svara p\u00e5 sociala fasta fr\u00e5gor<\/a><\/div>\n\n\n\n<div class=\"wp-block-file\"><a id=\"wp-block-file--media-0f6e59ff-c986-4fff-adb6-204707b44096\" href=\"https:\/\/centrumba.se\/wp-content\/uploads\/2025\/01\/BMA_Ovning_27-Vanta-en-langre-stund-med-aktivitet.pdf\">\u00d6vning 27 \u2013 V\u00e4nta en l\u00e4ngre stund med aktivitet<\/a><\/div>\n\n\n\n<div class=\"wp-block-file\"><a id=\"wp-block-file--media-5235d3fd-db7d-4d69-80ef-7d8005cdcfac\" href=\"https:\/\/centrumba.se\/wp-content\/uploads\/2025\/01\/BMA_Ovning_28-Acceptera-nekad-begaran.pdf\">\u00d6vning 28 \u2013 Acceptera nekad beg\u00e4ran<\/a><\/div>\n\n\n\n<div class=\"wp-block-file\"><a id=\"wp-block-file--media-4825ea1d-7279-488e-a8f6-6e64d4243e69\" href=\"https:\/\/centrumba.se\/wp-content\/uploads\/2025\/01\/BMA_Ovning_29-Forst-sen.pdf\">\u00d6vning 29 \u2013 F\u00f6rst &#8211; sen<\/a><\/div>\n\n\n\n<div class=\"wp-block-file\"><a id=\"wp-block-file--media-449880dd-e6e6-4556-a4b0-dc18c58a38dd\" href=\"https:\/\/centrumba.se\/wp-content\/uploads\/2025\/01\/BMA_Ovning_30-Indentifiera-verb.pdf\">\u00d6vning 30 \u2013 Indentifiera verb<\/a><\/div>\n\n\n\n<div class=\"wp-block-file\"><a id=\"wp-block-file--media-f2718dda-0e25-4d7d-9b10-5c9f62096a3c\" href=\"https:\/\/centrumba.se\/wp-content\/uploads\/2025\/01\/BMA_Ovning_31-Identifiera-adjektiv.pdf\">O\u0308vning 31 \u2013 Identifiera adjektiv<\/a><\/div>\n\n\n\n<div class=\"wp-block-file\"><a id=\"wp-block-file--media-07ceec97-6b76-4e91-9f8d-631290af041a\" href=\"https:\/\/centrumba.se\/wp-content\/uploads\/2025\/01\/BMA_Ovning_32-Folja-ogonpekning.pdf\">O\u0308vning 32 \u2013 Fo\u0308lja o\u0308gonpekning<\/a><\/div>\n\n\n\n<div class=\"wp-block-file\"><a id=\"wp-block-file--media-75b2d4e7-2a71-4c2b-b432-432cb2f70a5d\" href=\"https:\/\/centrumba.se\/wp-content\/uploads\/2025\/01\/BMA_Ovning_33-Benamna-substantiv.pdf\">O\u0308vning 33 Bena\u0308mna substantiv<\/a><\/div>\n\n\n\n<div class=\"wp-block-file\"><a id=\"wp-block-file--media-726d128c-5e91-4fea-8a23-0ae2777be47d\" href=\"https:\/\/centrumba.se\/wp-content\/uploads\/2025\/01\/BMA_Ovning_34-Benamna-personer.pdf\">O\u0308vning 34 \u2013 Bena\u0308mna personer<\/a><\/div>\n\n\n\n<div class=\"wp-block-file\"><a id=\"wp-block-file--media-acb1cbce-9846-4fb8-92f4-7c7abeb58015\" href=\"https:\/\/centrumba.se\/wp-content\/uploads\/2025\/01\/BMA_Ovning_35-Pastaende-\u2013-pastaende.pdf\">O\u0308vning 35 \u2013 Pa\u030asta\u030aende \u2013 pa\u030asta\u030aende<\/a><\/div>\n\n\n\n<div class=\"wp-block-file\"><a id=\"wp-block-file--media-6f33be1d-f787-48a0-8cb8-e621244444f5\" href=\"https:\/\/centrumba.se\/wp-content\/uploads\/2025\/01\/BMA_Ovning_36-Folja-bilder.pdf\">O\u0308vning 36 \u2013 Fo\u0308lja bilder<\/a><\/div>\n\n\n\n<div class=\"wp-block-file\"><a id=\"wp-block-file--media-cd019079-8a66-4d63-be57-ace425f4d99b\" href=\"https:\/\/centrumba.se\/wp-content\/uploads\/2025\/01\/BMA_Ovning_37-Identifiera-person-och-verb.pdf\">O\u0308vning 37 \u2013 Identifiera person och verb<\/a><\/div>\n\n\n\n<div class=\"wp-block-file\"><a id=\"wp-block-file--media-1521ea9d-3aba-419e-b97c-607843a9585f\" href=\"https:\/\/centrumba.se\/wp-content\/uploads\/2025\/01\/BMA_Ovning_38-Identtifiera-adjektiv-och-substantiv.pdf\">O\u0308vning 38 \u2013 Identtifiera adjektiv och substantiv<\/a><\/div>\n\n\n\n<div class=\"wp-block-file\"><a id=\"wp-block-file--media-a6058608-da74-4617-a3a2-e9fc509d8845\" href=\"https:\/\/centrumba.se\/wp-content\/uploads\/2025\/01\/BMA_Ovning_39-Rollekar.pdf\">O\u0308vning 39 \u2013 Rollekar<\/a><\/div>\n\n\n\n<div class=\"wp-block-file\"><a id=\"wp-block-file--media-7dd2d5ae-0026-44b6-87cf-5ae777d8fcc0\" href=\"https:\/\/centrumba.se\/wp-content\/uploads\/2025\/01\/BMA_Ovning_40-Regellekar.pdf\">O\u0308vning 40 \u2013 Regellekar<\/a><\/div>\n\n\n\n<div class=\"wp-block-file\"><a id=\"wp-block-file--media-1a7846e0-682b-45eb-9b80-3bf448e30003\" href=\"https:\/\/centrumba.se\/wp-content\/uploads\/2025\/01\/BMA_Ovning_41-Sjalvstandig-lek.pdf\">O\u0308vning 41 Sja\u0308lvsta\u0308ndig lek<\/a><\/div>\n\n\n\n<div class=\"wp-block-file\"><a id=\"wp-block-file--media-414aad38-6ed1-4a4d-8da6-c9223390d70b\" href=\"https:\/\/centrumba.se\/wp-content\/uploads\/2025\/01\/BMA_Ovning_42-Benamna-verb.pdf\">O\u0308vning 42 \u2013 Bena\u0308mna verb<\/a><\/div>\n\n\n\n<div class=\"wp-block-file\"><a id=\"wp-block-file--media-a2f09a8c-c826-4473-9971-4207931d32fc\" href=\"https:\/\/centrumba.se\/wp-content\/uploads\/2025\/01\/BMA_Ovning_43-\u2013-Benamna-adjektiv.pdf\">O\u0308vning 43 \u2013 Bena\u0308mna adjektiv<\/a><\/div>\n\n\n\n<div class=\"wp-block-file\"><a id=\"wp-block-file--media-3247655e-b498-4763-bee7-7f2eb94a64dc\" href=\"https:\/\/centrumba.se\/wp-content\/uploads\/2025\/01\/BMA_Ovning_44-Benamna-person-och-verb.pdf\">O\u0308vning 44 \u2013 Bena\u0308mna person och verb<\/a><\/div>\n\n\n\n<div class=\"wp-block-file\"><a id=\"wp-block-file--media-ce678d64-f007-4a66-abec-7517ec4492fb\" href=\"https:\/\/centrumba.se\/wp-content\/uploads\/2025\/01\/BMA_Ovning_45-Benama-adjektiv-och-substantiv.pdf\">O\u0308vning 45 \u2013 Bena\u0308ma adjektiv och substantiv<\/a><\/div>\n\n\n\n<div class=\"wp-block-file\"><a id=\"wp-block-file--media-c3709d82-73be-48ea-89c8-253831d4e646\" href=\"https:\/\/centrumba.se\/wp-content\/uploads\/2022\/11\/BMA-_-Arbetsblad-_-Ovning.pdf\">Arbetsblad \u2013 Egen \u00f6vning<\/a><\/div>\n\n\n\n<div class=\"wp-block-file\"><a id=\"wp-block-file--media-05843fbf-ba9e-43e4-b580-5f8b8e5ec487\" href=\"https:\/\/centrumba.se\/wp-content\/uploads\/2022\/11\/BMA-_-Arbetsblad-_-Matrisovning.pdf\">Arbetsblad \u2013 Egen matris\u00f6vning<\/a><\/div>\n\n\n\n<div class=\"wp-block-file\"><a id=\"wp-block-file--media-43e54919-69c6-4cd7-b397-8f623854514d\" href=\"https:\/\/centrumba.se\/wp-content\/uploads\/2022\/11\/BMA-_-Arbetsblad-_-Aktivitetsschema.pdf\">Arbetsblad \u2013 Aktivitetsschema<\/a><\/div>\n\n\n\n<div class=\"wp-block-file\"><a id=\"wp-block-file--media-ebb6e92f-5372-4031-ae30-d047ca0aae58\" href=\"https:\/\/centrumba.se\/wp-content\/uploads\/2022\/11\/BMA-_-Arbetsblad-\u2013-Generalisering.pdf\">Arbetsblad Respons- och situationsgeneralisering<\/a><\/div>\n\n\n\n<div class=\"wp-block-file\"><a id=\"wp-block-file--media-67680f85-508d-4575-a2a1-3202883d693c\" href=\"https:\/\/centrumba.se\/wp-content\/uploads\/2022\/11\/BMA-_-Mall-\u2013-Forst-sen-2.pdf\">Mall \u2013 F\u00f6rst &#8211; sen<\/a><\/div>\n\n\n\n<div class=\"wp-block-file\"><a id=\"wp-block-file--media-1b24ae80-237d-448a-8826-b9e731489636\" href=\"https:\/\/centrumba.se\/wp-content\/uploads\/2022\/11\/BMA-Arbetsblad-Ovning-for-digital-ifyllning.pdf\">Arbetsblad f\u00f6r egen \u00f6vning som g\u00e5r att editera direkt i datorn <\/a><\/div>\n\n\n\n<p>Nedan ser du en instruktion hur du fyller i egen \u00f6vning direkt p\u00e5 datorn!<\/p>\n\n\n\n<figure class=\"wp-block-embed is-type-rich is-provider-embed-handler wp-block-embed-embed-handler wp-embed-aspect-16-9 wp-has-aspect-ratio\"><div class=\"wp-block-embed__wrapper\">\n<iframe title=\"Go\u0308ra egen o\u0308vning utifr\u00e5n boken Barn med autism\" width=\"640\" height=\"360\" src=\"https:\/\/www.youtube.com\/embed\/Ec_RWJC30wQ?feature=oembed\" frameborder=\"0\" allow=\"accelerometer; autoplay; clipboard-write; encrypted-media; gyroscope; picture-in-picture; web-share\" referrerpolicy=\"strict-origin-when-cross-origin\" allowfullscreen><\/iframe>\n<\/div><\/figure>\n\n\n\n<h2 class=\"wp-block-heading\">Introduktion till boken<\/h2>\n\n\n\n<p>En halvtimmas webbinarium fr\u00e5n den 10 november som introducerar bokens syfte och uppl\u00e4gg:<\/p>\n\n\n\n<iframe width=\"560\" height=\"315\" src=\"https:\/\/www.youtube.com\/embed\/jNwbrH5pgYA\" title=\"YouTube video player\" frameborder=\"0\" allow=\"accelerometer; autoplay; clipboard-write; encrypted-media; gyroscope; picture-in-picture\" allowfullscreen=\"\"><\/iframe>\n\n\n\n<p><a href=\"https:\/\/bit.ly\/3Ekro68\"><strong>Tryck h\u00e4r f\u00f6r att ladda ner presentationsbilderna som PDF<\/strong><\/a><\/p>\n","protected":false},"excerpt":{"rendered":"<p>\u2013 En handledarguide f\u00f6r grundl\u00e4ggande f\u00e4rdighetstr\u00e4ning, arbetsmaterial Barn med autism \u00e4r en bok om f\u00e4rdighetstr\u00e4ning riktad fr\u00e4mst till handledare, till exempel psykologer, logopeder och specialpedagoger.<\/p>\n","protected":false},"author":1,"featured_media":0,"parent":0,"menu_order":0,"comment_status":"closed","ping_status":"closed","template":"","meta":{"footnotes":""},"class_list":["post-3444","page","type-page","status-publish","hentry"],"_links":{"self":[{"href":"https:\/\/centrumba.se\/sv\/wp-json\/wp\/v2\/pages\/3444","targetHints":{"allow":["GET"]}}],"collection":[{"href":"https:\/\/centrumba.se\/sv\/wp-json\/wp\/v2\/pages"}],"about":[{"href":"https:\/\/centrumba.se\/sv\/wp-json\/wp\/v2\/types\/page"}],"author":[{"embeddable":true,"href":"https:\/\/centrumba.se\/sv\/wp-json\/wp\/v2\/users\/1"}],"replies":[{"embeddable":true,"href":"https:\/\/centrumba.se\/sv\/wp-json\/wp\/v2\/comments?post=3444"}],"version-history":[{"count":60,"href":"https:\/\/centrumba.se\/sv\/wp-json\/wp\/v2\/pages\/3444\/revisions"}],"predecessor-version":[{"id":7887,"href":"https:\/\/centrumba.se\/sv\/wp-json\/wp\/v2\/pages\/3444\/revisions\/7887"}],"wp:attachment":[{"href":"https:\/\/centrumba.se\/sv\/wp-json\/wp\/v2\/media?parent=3444"}],"curies":[{"name":"wp","href":"https:\/\/api.w.org\/{rel}","templated":true}]}}