{"id":490,"date":"2021-01-06T16:23:54","date_gmt":"2021-01-06T16:23:54","guid":{"rendered":"https:\/\/centrumba.se\/?page_id=490"},"modified":"2021-01-06T16:28:47","modified_gmt":"2021-01-06T16:28:47","slug":"fardighetstraning-for-barn-med-eller-utan-npf","status":"publish","type":"page","link":"https:\/\/centrumba.se\/sv\/tjanster\/fardighetstraning-for-barn-med-eller-utan-npf\/","title":{"rendered":"F\u00e4rdighetstr\u00e4ning f\u00f6r barn med eller utan NPF"},"content":{"rendered":"\n<p>Barn kan ibland ha sv\u00e5rt att l\u00e4ra sig viktiga f\u00e4rdigheter. Viktiga f\u00e4rdigheter kan vara t.ex. att kommunicera sina behov, syssels\u00e4tta sig, g\u00e5 p\u00e5 toa eller att s\u00e4ga ifr\u00e5n. Barn som har stora sv\u00e5righeter f\u00e5r ibland n\u00e5gon diagnos. Oavsett om ett barn f\u00e5tt diagnos eller inte g\u00e5r det att tr\u00e4na p\u00e5 viktiga f\u00e4rdigheter. Vi kan hj\u00e4lpa dig genom att coacha er vuxna hur ni kan \u00f6va p\u00e5 viktiga f\u00e4rdigheter med barnet.<\/p>\n","protected":false},"excerpt":{"rendered":"<p>Barn kan ibland ha sv\u00e5rt att l\u00e4ra sig viktiga f\u00e4rdigheter. Viktiga f\u00e4rdigheter kan vara t.ex. att kommunicera sina behov, syssels\u00e4tta sig, g\u00e5 p\u00e5 toa eller<\/p>\n","protected":false},"author":1,"featured_media":0,"parent":100,"menu_order":0,"comment_status":"closed","ping_status":"closed","template":"","meta":{"footnotes":""},"class_list":["post-490","page","type-page","status-publish","hentry"],"_links":{"self":[{"href":"https:\/\/centrumba.se\/sv\/wp-json\/wp\/v2\/pages\/490","targetHints":{"allow":["GET"]}}],"collection":[{"href":"https:\/\/centrumba.se\/sv\/wp-json\/wp\/v2\/pages"}],"about":[{"href":"https:\/\/centrumba.se\/sv\/wp-json\/wp\/v2\/types\/page"}],"author":[{"embeddable":true,"href":"https:\/\/centrumba.se\/sv\/wp-json\/wp\/v2\/users\/1"}],"replies":[{"embeddable":true,"href":"https:\/\/centrumba.se\/sv\/wp-json\/wp\/v2\/comments?post=490"}],"version-history":[{"count":1,"href":"https:\/\/centrumba.se\/sv\/wp-json\/wp\/v2\/pages\/490\/revisions"}],"predecessor-version":[{"id":492,"href":"https:\/\/centrumba.se\/sv\/wp-json\/wp\/v2\/pages\/490\/revisions\/492"}],"up":[{"embeddable":true,"href":"https:\/\/centrumba.se\/sv\/wp-json\/wp\/v2\/pages\/100"}],"wp:attachment":[{"href":"https:\/\/centrumba.se\/sv\/wp-json\/wp\/v2\/media?parent=490"}],"curies":[{"name":"wp","href":"https:\/\/api.w.org\/{rel}","templated":true}]}}