{"id":6648,"date":"2025-02-07T14:08:42","date_gmt":"2025-02-07T14:08:42","guid":{"rendered":"https:\/\/centrumba.se\/?page_id=6648"},"modified":"2026-04-16T09:39:02","modified_gmt":"2026-04-16T09:39:02","slug":"utbildningar","status":"publish","type":"page","link":"https:\/\/centrumba.se\/sv\/utbildningar\/","title":{"rendered":"Utbildningar"},"content":{"rendered":"\n<p><a href=\"https:\/\/centrumba.se\/sv\/ny-chans-webbinarium-beteendeinriktad-handledning-bst-kring-fardighetstraning\/\">G\u00e5 p\u00e5 v\u00e5rt gratis lunchwebbinarium om beteendeinriktad handledning kring f\u00e4rdighetstr\u00e4ning!<\/a><\/p>\n\n\n\n<p>Nedan hittar du info om v\u00e5ra l\u00f6pande \u00f6ppna utbildningar:<br><a href=\"#Specialist\" data-type=\"internal\" data-id=\"#specialist\">Handledarutbildning i f\u00e4rdighetstr\u00e4ning vid autism (psykologspecialistkurs) Ny omg\u00e5ng h\u00f6sten 26!<\/a><br><a href=\"#FFL\" data-type=\"internal\" data-id=\"#FFL\">F\u00e4rdighetstr\u00e4ning f\u00f6r livskvalitet<\/a><br><a href=\"#EIBI\">Utbildning i m\u00e5ngsidiga intensiva beteendensatser (MIB\/EIBI)<\/a><br><a href=\"#BMA\">F\u00f6r\u00e4ldrautbildningen Barn med autism<\/a><\/p>\n\n\n\n<h2 class=\"wp-block-heading\" id=\"Specialist\">RA2602: Handledarutbildning i f\u00e4rdighetstr\u00e4ning vid autism (psykologspecialistkurs)<br><mark style=\"background-color:rgba(0, 0, 0, 0);color:#14ae00\" class=\"has-inline-color\">NU \u00c4R VI REACKREDITERADE! KURSSTART I  SEPTEMBER<\/mark><\/h2>\n\n\n\n<figure class=\"wp-block-image size-full\"><img data-dominant-color=\"e9eaeb\" data-has-transparency=\"false\" style=\"--dominant-color: #e9eaeb;\" fetchpriority=\"high\" decoding=\"async\" width=\"726\" height=\"124\" src=\"https:\/\/centrumba.se\/wp-content\/uploads\/2025\/12\/Citat-specialist-HT25-02.avif\" alt=\"\" class=\"wp-image-7880 not-transparent\" srcset=\"https:\/\/centrumba.se\/wp-content\/uploads\/2025\/12\/Citat-specialist-HT25-02.avif 726w, https:\/\/centrumba.se\/wp-content\/uploads\/2025\/12\/Citat-specialist-HT25-02-300x51.avif 300w, https:\/\/centrumba.se\/wp-content\/uploads\/2025\/12\/Citat-specialist-HT25-02-18x3.avif 18w\" sizes=\"(max-width: 726px) 100vw, 726px\" \/><\/figure>\n\n\n\n<p>Denna specialistkurs \u00e4r riktad till dig som handleder kring barn med autism inom olika verksamheter som habilitering, LSS, anpassad grundskola och f\u00f6rskola. Du f\u00e5r under utbildningen till\u00e4gna dig kunskaper i till\u00e4mpad beteendeanalys (TBA) och insatser kring barn med autism. Utbildningen ger dig f\u00e4rdigheter inom omr\u00e5den som beteendeinriktad handledning, planering och utv\u00e4rdering av insatser, livskvalitet och social validitet, samt forskning och evidensbaserad praktik f\u00f6r m\u00e5lgruppen. Kursen best\u00e5r av fem tillf\u00e4llen och \u00e4r ackrediterad f\u00f6r 1 f\u00f6rdjupningskurs inom pedagogisk psykologi samt funktionshindrens psykologi. Kursen godk\u00e4nns \u00e4ven som en breddkurs inom \u00f6vriga specialiteter. Det g\u00e5r ocks\u00e5 att g\u00e5 utbildningen utanf\u00f6r ramen f\u00f6r specialistordningen, men det g\u00e5r inte att tillgodor\u00e4kna sig den som specialistkurs i efterhand.<\/p>\n\n\n\n<p><strong>Praktisk information<\/strong><\/p>\n\n\n\n<p>Utbildningen sker p\u00e5 plats i Stockholm<br>Fem heldagar: 3-4 september, 1-2 oktober, 23 oktober 2026<br>Kurskod: RA2602<br><a href=\"https:\/\/drive.google.com\/file\/d\/1HjQHMoY0BxwH7ZTGWUplDmaCxuOs91sJ\/view?usp=share_link\">Kursinformation<\/a><\/p>\n\n\n\n<p>Pris: 21900 kr + moms f\u00f6r undervisning samt specialistexamination. 19900 kr + moms f\u00f6r undervisning samt vanlig examination.<\/p>\n\n\n\n<div class=\"wp-block-buttons is-layout-flex wp-block-buttons-is-layout-flex\">\n<div class=\"wp-block-button\"><a class=\"wp-block-button__link has-background wp-element-button\" href=\"https:\/\/forms.gle\/FLikAcQrvLf3cekg6\" style=\"background-color:#586a9e\">Anm\u00e4l dig till utbildningen<\/a><\/div>\n<\/div>\n\n\n\n<div class=\"wp-block-buttons is-layout-flex wp-block-buttons-is-layout-flex\">\n<div class=\"wp-block-button\"><a class=\"wp-block-button__link has-background wp-element-button\" href=\"https:\/\/forms.gle\/TdP83fAiqswXnWcUA\" style=\"background-color:#586a9e\">Intresseanm\u00e4lan till utbildningen<\/a><\/div>\n<\/div>\n\n\n\n<p><\/p>\n\n\n\n<p><\/p>\n\n\n\n<h2 class=\"wp-block-heading\" id=\"FFL\">Utbildningen F\u00e4rdighetstr\u00e4ning f\u00f6r livskvalitet<\/h2>\n\n\n\n<figure class=\"wp-block-image size-full\"><img data-dominant-color=\"eaebec\" data-has-transparency=\"false\" style=\"--dominant-color: #eaebec;\" decoding=\"async\" width=\"726\" height=\"124\" src=\"https:\/\/centrumba.se\/wp-content\/uploads\/2025\/12\/Citat-FFl-HT25.avif\" alt=\"\" class=\"wp-image-7878 not-transparent\" srcset=\"https:\/\/centrumba.se\/wp-content\/uploads\/2025\/12\/Citat-FFl-HT25.avif 726w, https:\/\/centrumba.se\/wp-content\/uploads\/2025\/12\/Citat-FFl-HT25-300x51.avif 300w, https:\/\/centrumba.se\/wp-content\/uploads\/2025\/12\/Citat-FFl-HT25-18x3.avif 18w\" sizes=\"(max-width: 726px) 100vw, 726px\" \/><\/figure>\n\n\n\n<p>Utbildning i f\u00e4rdighetstr\u00e4ning f\u00f6r barn med autism inom LSS, f\u00f6rskola och anpassad grundskola. Utbildningen riktar sig till professionella med ett handledande eller undervisande uppdrag kring barn och ungdomar med autism, med eller utan intellektuell<br>funktionsneds\u00e4ttning och bygger p\u00e5 till\u00e4mpad beteendeanalys (TBA). Vanliga yrkesgrupper f\u00f6r utbildningen \u00e4r specialpedagoger, speciall\u00e4rare, f\u00f6rskoll\u00e4rare, l\u00e4rare, arbetsterapeuter, logopeder, fysioterapeuter eller psykologer.<\/p>\n\n\n\n<p><strong>Praktisk information<\/strong><\/p>\n\n\n\n<p>Utbildningen sker p\u00e5 plats p\u00e5 S\u00f6dermalm i Stockholm<br>Fem heldagar: 27 -28 augusti, 17-18 september, 16 mars oktober<br><a href=\"https:\/\/drive.google.com\/file\/d\/1DY7IaWMEH_0wFLc6nvuBUFrdzhhPrEX1\/view?usp=sharing\">kursinformation<\/a><\/p>\n\n\n\n<p>Pris: 19900 kr + moms<br><em>Kursen kan ocks\u00e5 ges som uppdragsutbildning. Vi har t.ex. utbildat habilitering och specialpedagoger i central elevh\u00e4lsa f\u00f6r f\u00f6rskola. Vid uppdragsutbildningen kan utbildningen anpassas en del till era behov. h\u00f6r av dig med en intresseanm\u00e4lan om det kan vara intressant<\/em>!<\/p>\n\n\n\n<p><\/p>\n\n\n\n<div class=\"wp-block-buttons is-layout-flex wp-block-buttons-is-layout-flex\">\n<div class=\"wp-block-button\"><a class=\"wp-block-button__link has-background wp-element-button\" href=\"https:\/\/forms.gle\/m3r5earoa7CEpQny5\" style=\"background-color:#586a9e\">Anm\u00e4l dig till utbildningen<\/a><\/div>\n<\/div>\n\n\n\n<div class=\"wp-block-buttons is-layout-flex wp-block-buttons-is-layout-flex\">\n<div class=\"wp-block-button\"><a class=\"wp-block-button__link has-background wp-element-button\" href=\"https:\/\/forms.gle\/BXr4LqVALdT9PVNX7\" style=\"background-color:#586a9e\">Intresseanm\u00e4lan till utbildningen<\/a><\/div>\n<\/div>\n\n\n\n<h2 class=\"wp-block-heading\" id=\"EIBI\">Utbildning i m\u00e5ngsidiga tidiga beteendeinsatser (MIB\/EIBI)<\/h2>\n\n\n\n<p>Denna p\u00e5byggnadsutbildning riktar sig till dig som redan g\u00e5tt v\u00e5r psykologspecialistkurs i f\u00e4rdighetstr\u00e4ning eller F\u00e4rdighetstr\u00e4ning f\u00f6r livskvalitet. Den ger f\u00f6rdjupning kring forskningsst\u00f6d och hur man anv\u00e4nder kunskaper i f\u00e4rdighetstr\u00e4ning f\u00f6r att bygga m\u00e5ngsidiga tidiga beteendeinsatser. Den passar fr\u00e4mst dig vars verksamhet inte har rutiner f\u00f6r MIB\/EIBI \u00e4n. Utbildningen ges online via Zoom och \u00e4r tv\u00e5 dagar. Socialstyrelsen rekommenderar MIB till barn 0-5 \u00e5r som diagnosticeras med autism.<\/p>\n\n\n\n<p><strong>Utbildningen ges under f\u00f6ruts\u00e4ttning att vi f\u00e5r in tillr\u00e4ckligt m\u00e5nga intresseanm\u00e4lningar<\/strong>!<\/p>\n\n\n\n<div class=\"wp-block-buttons is-layout-flex wp-block-buttons-is-layout-flex\">\n<div class=\"wp-block-button\"><a class=\"wp-block-button__link has-background wp-element-button\" href=\"https:\/\/forms.gle\/TqUYbGKsu89uPEDh9\" style=\"background-color:#586a9e\">Intresseanm\u00e4lan till utbildningen<\/a><\/div>\n<\/div>\n\n\n\n<p><\/p>\n\n\n\n<h2 class=\"wp-block-heading\" id=\"BMA\">F\u00f6r\u00e4ldrautbildningen Barn med autism<\/h2>\n\n\n\n<p>Vi ger vid tillr\u00e4ckligt intresse utbildning i f\u00e4rdighetstr\u00e4ning utifr\u00e5n v\u00e5r bok <a href=\"https:\/\/bit.ly\/kopBMA\">Barn med autism<\/a> till f\u00f6r\u00e4ldrar. Denna ger kunskap kring hur du kan f\u00e4rdighetstr\u00e4na med ditt barn. Utbildningen f\u00f6ruts\u00e4tter att du har ett barn med autism eller autismliknande problem med kommunikation och samspel som du kan tr\u00e4na med mellan utbildningstillf\u00e4llena. Tveka inte att g\u00f6ra intresseanm\u00e4lan, d\u00e5 den \u00f6kar chansen att kursen ges utan att binda dig till n\u00e5got!<\/p>\n\n\n\n<p><strong>Praktisk informatio<\/strong>n<\/p>\n\n\n\n<p>Utbildningen sker online via Zoom<br>Fyra tv\u00e5timmarstillf\u00e4llen, under dagtid<br>Pris: 3000 kr (+moms) per f\u00f6r\u00e4ldrapar<\/p>\n\n\n\n<div class=\"wp-block-buttons is-layout-flex wp-block-buttons-is-layout-flex\">\n<div class=\"wp-block-button\"><a class=\"wp-block-button__link has-background wp-element-button\" href=\"https:\/\/forms.gle\/tuUUz1hoXtTKJQhMA\" style=\"background-color:#586a9e\">Intresseanm\u00e4lan till f\u00f6r\u00e4ldrautbildning<\/a><\/div>\n<\/div>\n\n\n                <div class=\"ml-embedded\" data-form=\"nGNaEj\"><\/div>\n            \n","protected":false},"excerpt":{"rendered":"<p>G\u00e5 p\u00e5 v\u00e5rt gratis lunchwebbinarium om beteendeinriktad handledning kring f\u00e4rdighetstr\u00e4ning! Nedan hittar du info om v\u00e5ra l\u00f6pande \u00f6ppna utbildningar:Handledarutbildning i f\u00e4rdighetstr\u00e4ning vid autism (psykologspecialistkurs) Ny<\/p>\n","protected":false},"author":1,"featured_media":6830,"parent":0,"menu_order":0,"comment_status":"closed","ping_status":"closed","template":"","meta":{"footnotes":""},"class_list":["post-6648","page","type-page","status-publish","has-post-thumbnail","hentry"],"_links":{"self":[{"href":"https:\/\/centrumba.se\/sv\/wp-json\/wp\/v2\/pages\/6648","targetHints":{"allow":["GET"]}}],"collection":[{"href":"https:\/\/centrumba.se\/sv\/wp-json\/wp\/v2\/pages"}],"about":[{"href":"https:\/\/centrumba.se\/sv\/wp-json\/wp\/v2\/types\/page"}],"author":[{"embeddable":true,"href":"https:\/\/centrumba.se\/sv\/wp-json\/wp\/v2\/users\/1"}],"replies":[{"embeddable":true,"href":"https:\/\/centrumba.se\/sv\/wp-json\/wp\/v2\/comments?post=6648"}],"version-history":[{"count":53,"href":"https:\/\/centrumba.se\/sv\/wp-json\/wp\/v2\/pages\/6648\/revisions"}],"predecessor-version":[{"id":8334,"href":"https:\/\/centrumba.se\/sv\/wp-json\/wp\/v2\/pages\/6648\/revisions\/8334"}],"wp:featuredmedia":[{"embeddable":true,"href":"https:\/\/centrumba.se\/sv\/wp-json\/wp\/v2\/media\/6830"}],"wp:attachment":[{"href":"https:\/\/centrumba.se\/sv\/wp-json\/wp\/v2\/media?parent=6648"}],"curies":[{"name":"wp","href":"https:\/\/api.w.org\/{rel}","templated":true}]}}