{"id":780,"date":"2021-07-11T19:57:53","date_gmt":"2021-07-11T19:57:53","guid":{"rendered":"https:\/\/centrumba.se\/?page_id=780"},"modified":"2021-12-02T12:14:45","modified_gmt":"2021-12-02T12:14:45","slug":"offentliga-intensiva-insatser-i-stockholm","status":"publish","type":"page","link":"https:\/\/centrumba.se\/sv\/offentliga-intensiva-insatser-i-stockholm\/","title":{"rendered":"Offentliga m\u00e5ngsidiga intensiva insatser i Stockholm"},"content":{"rendered":"\n<p>F\u00f6r barn diagnostiserade med autism \u00e4r <a href=\"https:\/\/centrumba.se\/tjanster\/tidiga-insatser-for-sma-barn-med-autism\/\" data-type=\"page\" data-id=\"486\">intensiva beteendeinriktade insatser<\/a> den pedagogik som har b\u00e4st forskningsst\u00f6d. Denna typ av insatser \u00f6kar i m\u00e5nga fall barnets f\u00e4rdigheter kring exempelvis kommunikation, samspel, lek, imitation och vardagsf\u00e4rdigheter som att t.ex. kl\u00e4 p\u00e5 sig och sk\u00f6ta sin hygien. Insatserna ges i de flesta fall till barnet n\u00e4r hen \u00e4r mellan 2 och 7 \u00e5r och ett program brukar bara i tv\u00e5 \u00e5rs tid.<\/p>\n\n\n\n<h3 class=\"wp-block-heading\">M\u00e5nga olika namn med samma betydelse<\/h3>\n\n\n\n<p>Denna typ av insatser har flera namn i Sverige. De kallas bland annat f\u00f6r <em>Early Intensive Behavior Interventions<\/em> (EIBI), <em>M\u00e5ngsidiga Intensiva Insatser (MII)<\/em>, <em>Intensiv Beteendetr\u00e4ning<\/em> (IBT), <em>Intensiv beteendeterapi<\/em> (IBT), <em>medelintensiv beteendetr\u00e4ning<\/em> (MBT). De kallas ocks\u00e5 ibland bara f\u00f6r <em>Till\u00e4mpad Beteendeanalys<\/em> (TBA), \u00e4ven om TBA egentligen \u00e4r namnet p\u00e5 sj\u00e4lva forskningsf\u00e4ltet och inte just den typen av insatser. P\u00e5 engelska heter f\u00e4ltet Applied Behavior Analysis (ABA).<\/p>\n\n\n\n<h3 class=\"wp-block-heading\">Att f\u00e5 insatser i Stockholm<\/h3>\n\n\n\n<p>Region Stockholm ger intensiva insatser f\u00f6r sm\u00e5 barn med autism vid <a href=\"https:\/\/www.habilitering.se\/mottagningar\/hitta-mottagning\/autismcenter-sma-barn\/\">Autismcenter f\u00f6r sm\u00e5 barn<\/a> som \u00e4r en del av <a href=\"https:\/\/www.habilitering.se\/\">Habilitering &amp; H\u00e4lsa, Region Stockholm<\/a>. Ett f\u00e5tal familjer med stora behov f\u00e5r intensiva insatser och centret erbjuder ocks\u00e5 kurser och specifika riktade insatser.<\/p>\n\n\n\n<p>I 13 \u00e5r hade Regionen ocks\u00e5 en upphandling f\u00f6r intensiva insatser. Dessa insatser tillhandah\u00f6lls av <a href=\"http:\/\/banyancenter.se\/\">Banyan Center<\/a>. \u00c5rskiftet 2020\/2021 <a href=\"https:\/\/psykologpartners.se\/offentlig-sektor\/banyancenter\/\">lade Banyan Center ner sin verksamhet<\/a>.<\/p>\n\n\n\n<figure class=\"wp-block-image size-large is-resized\"><img fetchpriority=\"high\" decoding=\"async\" src=\"https:\/\/centrumba.se\/wp-content\/uploads\/2021\/07\/barn-leker.jpg\" alt=\"Barn som leker\" class=\"wp-image-781\" width=\"320\" height=\"213\" srcset=\"https:\/\/centrumba.se\/wp-content\/uploads\/2021\/07\/barn-leker.jpg 640w, https:\/\/centrumba.se\/wp-content\/uploads\/2021\/07\/barn-leker-300x200.jpg 300w, https:\/\/centrumba.se\/wp-content\/uploads\/2021\/07\/barn-leker-272x182.jpg 272w\" sizes=\"(max-width: 320px) 100vw, 320px\" \/><\/figure>\n\n\n\n<p>Vi p\u00e5 Centrum f\u00f6r Beteendeanalys har jobbat som handledare p\u00e5 b\u00e5de <a href=\"https:\/\/www.habilitering.se\/mottagningar\/hitta-mottagning\/autismcenter-sma-barn\/\">Autismcenter f\u00f6r sm\u00e5 barn<\/a> och <a href=\"http:\/\/banyancenter.se\/\">Banyan Center<\/a>.<\/p>\n","protected":false},"excerpt":{"rendered":"<p>F\u00f6r barn diagnostiserade med autism \u00e4r intensiva beteendeinriktade insatser den pedagogik som har b\u00e4st forskningsst\u00f6d. Denna typ av insatser \u00f6kar i m\u00e5nga fall barnets f\u00e4rdigheter<\/p>\n","protected":false},"author":1,"featured_media":0,"parent":0,"menu_order":1,"comment_status":"closed","ping_status":"closed","template":"","meta":{"footnotes":""},"class_list":["post-780","page","type-page","status-publish","hentry"],"_links":{"self":[{"href":"https:\/\/centrumba.se\/sv\/wp-json\/wp\/v2\/pages\/780","targetHints":{"allow":["GET"]}}],"collection":[{"href":"https:\/\/centrumba.se\/sv\/wp-json\/wp\/v2\/pages"}],"about":[{"href":"https:\/\/centrumba.se\/sv\/wp-json\/wp\/v2\/types\/page"}],"author":[{"embeddable":true,"href":"https:\/\/centrumba.se\/sv\/wp-json\/wp\/v2\/users\/1"}],"replies":[{"embeddable":true,"href":"https:\/\/centrumba.se\/sv\/wp-json\/wp\/v2\/comments?post=780"}],"version-history":[{"count":5,"href":"https:\/\/centrumba.se\/sv\/wp-json\/wp\/v2\/pages\/780\/revisions"}],"predecessor-version":[{"id":1120,"href":"https:\/\/centrumba.se\/sv\/wp-json\/wp\/v2\/pages\/780\/revisions\/1120"}],"wp:attachment":[{"href":"https:\/\/centrumba.se\/sv\/wp-json\/wp\/v2\/media?parent=780"}],"curies":[{"name":"wp","href":"https:\/\/api.w.org\/{rel}","templated":true}]}}