{"id":891,"date":"2021-10-26T11:49:54","date_gmt":"2021-10-26T11:49:54","guid":{"rendered":"https:\/\/centrumba.se\/?page_id=891"},"modified":"2021-11-29T13:07:20","modified_gmt":"2021-11-29T13:07:20","slug":"certifiering-i-beteendeanalys-bcba","status":"publish","type":"page","link":"https:\/\/centrumba.se\/sv\/certifiering-i-beteendeanalys-bcba\/","title":{"rendered":"Certifiering i beteendeanalys (BCBA)"},"content":{"rendered":"\n<p><a href=\"http:\/\/bacb.com\">Behavior Analyst Certification Board (BACB)<\/a> \u00e4r en amerikansk f\u00f6rening som certifierar beteendeanalytiker. Tanken med certifieringen \u00e4r att \u00f6ka patients\u00e4kerheten f\u00f6r beteendeanalystiska interventioner. F\u00f6r att bli certifierad beteendeanalytiker (BCBA) kr\u00e4vs en master i beteendeanalys, pedagogik eller psykologi samt godk\u00e4nd kurssekvens p\u00e5 en akrediterad utbildning inom beteendeanalys samt 1500 timmars beteendeanalytiskt arbete under handledning av en BCBA. N\u00e4r man g\u00e5tt kursen beh\u00f6ver man ocks\u00e5 klara ett examinationsprov. I Sverige finns 16 certifierade beteendeanalytiker. Vill du hitta en svensk BCBA, g\u00e5 till&nbsp;<a href=\"https:\/\/www.bacb.com\/services\/o.php?page=100155\">BACB:s s\u00f6kfunktion<\/a>&nbsp;och v\u00e4lj Sweden under International innan du s\u00f6ker. V\u00e5r logoped <a href=\"https:\/\/centrumba.se\/om-cba#oscar\" data-type=\"URL\" data-id=\"https:\/\/centrumba.se\/om-cba#oscar\">Oscar Str\u00f6mberg<\/a> \u00e4r BCBA.<\/p>\n","protected":false},"excerpt":{"rendered":"<p>Behavior Analyst Certification Board (BACB) \u00e4r en amerikansk f\u00f6rening som certifierar beteendeanalytiker. Tanken med certifieringen \u00e4r att \u00f6ka patients\u00e4kerheten f\u00f6r beteendeanalystiska interventioner. F\u00f6r att bli<\/p>\n","protected":false},"author":1,"featured_media":0,"parent":0,"menu_order":0,"comment_status":"closed","ping_status":"closed","template":"","meta":{"footnotes":""},"class_list":["post-891","page","type-page","status-publish","hentry"],"_links":{"self":[{"href":"https:\/\/centrumba.se\/sv\/wp-json\/wp\/v2\/pages\/891","targetHints":{"allow":["GET"]}}],"collection":[{"href":"https:\/\/centrumba.se\/sv\/wp-json\/wp\/v2\/pages"}],"about":[{"href":"https:\/\/centrumba.se\/sv\/wp-json\/wp\/v2\/types\/page"}],"author":[{"embeddable":true,"href":"https:\/\/centrumba.se\/sv\/wp-json\/wp\/v2\/users\/1"}],"replies":[{"embeddable":true,"href":"https:\/\/centrumba.se\/sv\/wp-json\/wp\/v2\/comments?post=891"}],"version-history":[{"count":6,"href":"https:\/\/centrumba.se\/sv\/wp-json\/wp\/v2\/pages\/891\/revisions"}],"predecessor-version":[{"id":1079,"href":"https:\/\/centrumba.se\/sv\/wp-json\/wp\/v2\/pages\/891\/revisions\/1079"}],"wp:attachment":[{"href":"https:\/\/centrumba.se\/sv\/wp-json\/wp\/v2\/media?parent=891"}],"curies":[{"name":"wp","href":"https:\/\/api.w.org\/{rel}","templated":true}]}}