{"id":904,"date":"2021-10-27T08:47:41","date_gmt":"2021-10-27T08:47:41","guid":{"rendered":"https:\/\/centrumba.se\/?page_id=904"},"modified":"2025-05-29T20:54:19","modified_gmt":"2025-05-29T20:54:19","slug":"tba","status":"publish","type":"page","link":"https:\/\/centrumba.se\/sv\/tba\/","title":{"rendered":"TBA"},"content":{"rendered":"\n<p>Till\u00e4mpad beteendeanalys (TBA) \u00e4r forskningsf\u00e4ltet om hur vi p\u00e5verkas av v\u00e5r omgivning och hur denna kunskap kan anv\u00e4ndas f\u00f6r att skapa utveckling och livskvalitet. TBA \u00e4r ett expertomr\u00e5de som kan ses som en gren av psykologi. P\u00e5 engelska kallas f\u00e4ltet f\u00f6r Applied Behavior Analysis (ABA). TBA handlar om hur vi alla p\u00e5verkas av v\u00e5rt sammanhang och \u00e4r d\u00e4rmed ett v\u00e4ldigt brett forskningsf\u00e4lt. Forskningsf\u00e4ltet \u00e4r n\u00e4rbesl\u00e4ktat med kognitiv beteendeterapi (KBT) men \u00e4r inte en terapiform. En annan stor skillnad \u00e4r att TBA bygger p\u00e5 studier av enskilda individer medan KBT-forskning brukar ske med gruppstudier. <a href=\"https:\/\/www.ncbi.nlm.nih.gov\/pmc\/articles\/pmid\/35719874\/\"> I en \u00f6versikt<\/a> noterades att f\u00e4ltet adresserat minst 350 olika typer av viktiga samh\u00e4lls- och individbeteenden, som t.ex. funktionsneds\u00e4ttningar, missbruk, depression, trygghet och studiero, brottsf\u00f6rebyggande, spr\u00e5k- och akademisk inl\u00e4rning.<\/p>\n\n\n\n<p>Fokus f\u00f6r TBA \u00e4r att arrangera samspelet mellan individ och milj\u00f6 f\u00f6r att skapa positiv och viktig f\u00f6r\u00e4ndring i individers liv. Ofta inneb\u00e4r detta b\u00e5de att optimera omgivningen och att \u00f6va p\u00e5 viktiga f\u00e4rdigheter individen beh\u00f6ver. Vill du l\u00e4sa mer om definitionen av TBA finns en <a href=\"https:\/\/beteendeanalys.nu\/tillampade-beteendeanalysens-sju-dimensioner\/\">bloggpost p\u00e5 beteendeanalys.nu<\/a> <\/p>\n\n\n\n<h3 class=\"wp-block-heading\">Sammanhanget \u00e4r i fokus i till\u00e4mpad beteendeanalys<\/h3>\n\n\n\n<p>I beteendeanalys f\u00f6rst\u00e5s beteenden utifr\u00e5n sammanhanget de uppst\u00e5r i. Det vanligaste s\u00e4ttet att strukturera sammanhanget \u00e4r att analysera vad som h\u00e4nder innan och s\u00e4tter ig\u00e5ng beteendet samt vad som h\u00e4nder direkt efter beteendet. Detta s\u00e4tt att strukturera sin analys kan kallas f\u00f6r SBK, kontingensanalys eller situationsanalys. Ibland kallas den f\u00f6r ABC (antecedent-beteende-konsekvens) och \u00e4r besl\u00e4ktat med analysmetoder som SORK i kognitiv beteendeterapi.<\/p>\n\n\n\n<figure class=\"wp-block-image size-large\"><img fetchpriority=\"high\" decoding=\"async\" width=\"1024\" height=\"248\" src=\"https:\/\/centrumba.se\/wp-content\/uploads\/2023\/09\/SBK-hemsidan-1024x248.png\" alt=\"\" class=\"wp-image-4397\" srcset=\"https:\/\/centrumba.se\/wp-content\/uploads\/2023\/09\/SBK-hemsidan-1024x248.png 1024w, https:\/\/centrumba.se\/wp-content\/uploads\/2023\/09\/SBK-hemsidan-300x73.png 300w, https:\/\/centrumba.se\/wp-content\/uploads\/2023\/09\/SBK-hemsidan-768x186.png 768w, https:\/\/centrumba.se\/wp-content\/uploads\/2023\/09\/SBK-hemsidan-18x4.png 18w, https:\/\/centrumba.se\/wp-content\/uploads\/2023\/09\/SBK-hemsidan.png 1468w\" sizes=\"(max-width: 1024px) 100vw, 1024px\" \/><figcaption class=\"wp-element-caption\"><em>Situtation beteende konsekvens (SBK)<\/em><\/figcaption><\/figure>\n\n\n\n<p>Beteendef\u00f6r\u00e4ndring skapas i TBA genom att f\u00f6r\u00e4ndra situationen och konsekvenserna. Ofta sker detta genom att minska n\u00e4rvaron av ig\u00e5ngs\u00e4ttare av problembeteenden eller genom att \u00f6ka de positiva konsekvenserna f\u00f6r ett beteende vi vill \u00f6ka. Konsekvenser som \u00f6kar sannolikheten att beteenden sker igen kallas f\u00f6r <em>f\u00f6rst\u00e4rkare<\/em> och konsekvenser som minskar sannolikheten f\u00f6r att ett beteende sker igen kallas f\u00f6r <em>f\u00f6rsvagare<\/em>. <\/p>\n\n\n\n<p>Ett vanligt exempel p\u00e5 f\u00f6rst\u00e4rkning \u00e4r att ge barn tydlig positiv feedback n\u00e4r de g\u00f6r n\u00e5got v\u00e4nskapligt eller trevligt. Om beteendena som getts positiv feedback \u00f6kar som resultat av feedbacken, s\u00e5 fungerar den positiva feedbacken som <em>f\u00f6rst\u00e4rkare<\/em>. N\u00e4r man arbetar med problembeteenden i TBA brukar man f\u00f6rst lista ut problembeteendets f\u00f6rst\u00e4rkare och sedan hitta alternativa s\u00e4tt f\u00f6r individen att komma \u00e5t dem. T.ex. kan ett barn som f\u00e5r fokuserad uppm\u00e4rksamhet n\u00e4r hen bankar i huvudet i v\u00e4ggen l\u00e4ra sig att be om uppm\u00e4rksamhet p\u00e5 n\u00e5got annat s\u00e4tt. Om du \u00e4r nyfiken p\u00e5 n\u00e5got specifikt begrepp inom beteendeanalys kan du kika p\u00e5 <a href=\"https:\/\/centrumba.se\/sv\/tba\/ordlista\/\">v\u00e5r ordlista kring TBA<\/a>. <a href=\"mailto:info@centrumBA.se\">Du kan ocks\u00e5 maila oss om du har fr\u00e5gor!<\/a><\/p>\n\n\n\n<h3 class=\"wp-block-heading\">Till\u00e4mpad beteendeanalys f\u00f6r barn med autism<\/h3>\n\n\n\n<div class=\"wp-block-columns is-layout-flex wp-container-core-columns-is-layout-9d6595d7 wp-block-columns-is-layout-flex\">\n<div class=\"wp-block-column is-layout-flow wp-block-column-is-layout-flow\" style=\"flex-basis:100%\">\n<div class=\"wp-block-media-text has-media-on-the-right is-stacked-on-mobile\" style=\"grid-template-columns:auto 16%\"><div class=\"wp-block-media-text__content\">\n<p>TBA \u00e4r en vanlig utg\u00e5ngspunkt f\u00f6r <a href=\"https:\/\/centrumba.se\/tidiga-insatser-for-sma-barn-med-autism\/\">insatser f\u00f6r sm\u00e5 barn med autism<\/a>. I denna typ av insatser f\u00e5r barnet l\u00e4ra sig f\u00e4rdigheter f\u00f6r \u00f6kad livskvalitet och sj\u00e4lvst\u00e4ndighet, exempelvis kommunikation, samspel och vardagsf\u00e4rdigheter som att kl\u00e4 p\u00e5 sig eller att g\u00e5 p\u00e5 toa. Denna typ av insatser kan kallas m\u00e5nga olika saker, exempelvis anv\u00e4nds f\u00f6rkortningarna IBT, EIBI, MBT, PRT, ESDM, TIBI, MIB. P\u00e5 beteendeanalys.nu finns en text fr\u00e5n f\u00f6r\u00e4ldraperspektiv om <a href=\"https:\/\/beteendeanalys.nu\/10-anledningar-att-barn-med-autism-fortjanar-tba\/\">varf\u00f6r barn f\u00f6rtj\u00e4nar insatser baserade p\u00e5 till\u00e4mpad beteendeanalys<\/a>. Sedan 2022 <a href=\"https:\/\/www.socialstyrelsen.se\/globalassets\/sharepoint-dokument\/artikelkatalog\/nationella-riktlinjer\/2022-10-8100.pdf\">rekommenderar Socialstyrelsen denna typ av insatser till barn 0-5 \u00e5r med autism niv\u00e5 2 och 3<\/a>. Denna rekommendation <a href=\"https:\/\/www.socialstyrelsen.se\/globalassets\/sharepoint-dokument\/artikelkatalog\/nationella-riktlinjer\/2024-3-8958.pdf\">fortsatte g\u00e4lla i de reviderade riktlinjerna 2024<\/a>.<\/p>\n<\/div><figure class=\"wp-block-media-text__media\"><img decoding=\"async\" width=\"722\" height=\"1024\" src=\"https:\/\/centrumba.se\/wp-content\/uploads\/2025\/02\/Skarmavbild-2025-02-24-kl.-11.55.51-722x1024.png\" alt=\"Socialstyrelsen riktlinjer 2024: ADHD och autism\" class=\"wp-image-6785 size-full\" srcset=\"https:\/\/centrumba.se\/wp-content\/uploads\/2025\/02\/Skarmavbild-2025-02-24-kl.-11.55.51-722x1024.png 722w, https:\/\/centrumba.se\/wp-content\/uploads\/2025\/02\/Skarmavbild-2025-02-24-kl.-11.55.51-212x300.png 212w, https:\/\/centrumba.se\/wp-content\/uploads\/2025\/02\/Skarmavbild-2025-02-24-kl.-11.55.51-768x1089.png 768w, https:\/\/centrumba.se\/wp-content\/uploads\/2025\/02\/Skarmavbild-2025-02-24-kl.-11.55.51-8x12.png 8w, https:\/\/centrumba.se\/wp-content\/uploads\/2025\/02\/Skarmavbild-2025-02-24-kl.-11.55.51.png 890w\" sizes=\"(max-width: 722px) 100vw, 722px\" \/><\/figure><\/div>\n<\/div>\n<\/div>\n\n\n\n<h3 class=\"wp-block-heading\">\u00c4r du professionell och vill f\u00f6rdjupa dig i till\u00e4mpad beteendeanalys (TBA)?<\/h3>\n\n\n\n<p>Det fanns tidigare kurser och masterprogram p\u00e5 Stockholms universitet. Kurserna handlade om till\u00e4mpad beteendeanalys och autism. Tyv\u00e4rr har Stockholms universitet beslutat att l\u00e4gga ner dessa, vilket g\u00f6r att f\u00f6ruts\u00e4ttningarna att utbilda sig inom TBA \u00e4r begr\u00e4nsade i Sverige, n\u00e5got som <a href=\"https:\/\/lakartidningen.se\/opinion\/debatt\/2023\/04\/viktigt-att-vi-vassar-insatserna-for-barn-med-autism\/\">kritiserats av experter<\/a>. Det g\u00e5r fortfarande att v\u00e4nda sig till privata akt\u00f6rer, och vi utbildar bland annat habiliteringspersonal, skolpersonal och elevh\u00e4lsa i TBA. <a href=\"https:\/\/centrumba.se\/utbildningar\/\" data-type=\"page\" data-id=\"6648\">I h\u00f6st har vi ocks\u00e5 v\u00e5r f\u00f6rsta psykologspecialistutbildning i f\u00e4rdighetstr\u00e4ning (TBA)<\/a> samt <a href=\"https:\/\/centrumba.se\/utbildningar\/\" data-type=\"page\" data-id=\"6648\">en \u00f6ppen utbildning f\u00f6r alla professioner<\/a>. Vi har ocks\u00e5 utbildningar f\u00f6r f\u00f6r\u00e4ldrar som ges vid tillr\u00e4ckligt med intresseanm\u00e4lningar, de utg\u00e5r fr\u00e5n v\u00e5r bok <a href=\"https:\/\/www.studentlitteratur.se\/kompetensutveckling\/forskola\/specialpedagogik\/barn-med-autism\/?srsltid=AfmBOoo-RqvrPU3if-b59A2IpWE89zwlkmI30FZ1R0dAnbm1avcKpU88\">Barn med autism<\/a>.<\/p>\n\n\n\n<p>Om du har en verksamhet d\u00e4r du skulle vilja inf\u00f6ra TBA \u00e4r du v\u00e4lkommen att <a href=\"https:\/\/centrumba.se\/kontakt\/\" data-type=\"page\" data-id=\"182\">kontakta oss<\/a>! TBA \u00e4r exempelvis <a href=\"https:\/\/insynsverige.se\/documentHandler.ashx?did=1985007\">ett bra val f\u00f6r att organisera den anpassade grundskolan f\u00f6r att l\u00e4ra elever viktiga f\u00e4rdigheter<\/a>.<\/p>\n\n\n\n<h3 class=\"wp-block-heading\">L\u00e4s mer om till\u00e4mpad beteendeanalys<\/h3>\n\n\n\n<div class=\"wp-block-media-text alignwide is-stacked-on-mobile\" style=\"grid-template-columns:18% auto\"><figure class=\"wp-block-media-text__media\"><img decoding=\"async\" width=\"713\" height=\"1024\" src=\"https:\/\/centrumba.se\/wp-content\/uploads\/2022\/08\/Barn-med-autism-713x1024.png\" alt=\"Boken Barn med autism\" class=\"wp-image-3285 size-medium\" srcset=\"https:\/\/centrumba.se\/wp-content\/uploads\/2022\/08\/Barn-med-autism-713x1024.png 713w, https:\/\/centrumba.se\/wp-content\/uploads\/2022\/08\/Barn-med-autism-209x300.png 209w, https:\/\/centrumba.se\/wp-content\/uploads\/2022\/08\/Barn-med-autism-768x1103.png 768w, https:\/\/centrumba.se\/wp-content\/uploads\/2022\/08\/Barn-med-autism-1069x1536.png 1069w, https:\/\/centrumba.se\/wp-content\/uploads\/2022\/08\/Barn-med-autism-8x12.png 8w, https:\/\/centrumba.se\/wp-content\/uploads\/2022\/08\/Barn-med-autism.png 1122w\" sizes=\"(max-width: 713px) 100vw, 713px\" \/><\/figure><div class=\"wp-block-media-text__content\">\n<p class=\"has-medium-font-size\"><a href=\"https:\/\/www.studentlitteratur.se\/kompetensutveckling\/forskola\/specialpedagogik\/barn-med-autism\/\">Barn med autism<\/a> av Tobias Rasmussen och Oscar Str\u00f6mberg (oss!) \u00e4r en konkret handledarguide med 45 \u00f6vningar f\u00f6r barn med autism. Boken ger en l\u00e4ttfattlig bild av hur TBA kan anv\u00e4ndas i praktiken f\u00f6r att l\u00e4ra barn med autism viktiga f\u00e4rdigheter inom kommunikation och samspel.<\/p>\n\n\n\n<p><\/p>\n<\/div><\/div>\n\n\n\n<div class=\"wp-block-media-text is-stacked-on-mobile\" style=\"grid-template-columns:32% auto\"><figure class=\"wp-block-media-text__media\"><img loading=\"lazy\" decoding=\"async\" width=\"1009\" height=\"468\" src=\"https:\/\/centrumba.se\/wp-content\/uploads\/2021\/10\/turkos-logga-text.png\" alt=\"Beteendeanalys.nu\" class=\"wp-image-905 size-full\" srcset=\"https:\/\/centrumba.se\/wp-content\/uploads\/2021\/10\/turkos-logga-text.png 1009w, https:\/\/centrumba.se\/wp-content\/uploads\/2021\/10\/turkos-logga-text-300x139.png 300w, https:\/\/centrumba.se\/wp-content\/uploads\/2021\/10\/turkos-logga-text-768x356.png 768w\" sizes=\"(max-width: 1009px) 100vw, 1009px\" \/><\/figure><div class=\"wp-block-media-text__content\">\n<p><a href=\"http:\/\/beteendeanalys.nu\">Beteendeanalys.nu<\/a> \u00e4r en blogg om beteendeanalys, med fokus p\u00e5 till\u00e4mpad beteendeanalys<\/p>\n<\/div><\/div>\n\n\n\n<div class=\"wp-block-media-text alignwide is-stacked-on-mobile\" style=\"grid-template-columns:18% auto\"><figure class=\"wp-block-media-text__media\"><img loading=\"lazy\" decoding=\"async\" width=\"283\" height=\"408\" src=\"https:\/\/centrumba.se\/wp-content\/uploads\/2021\/11\/Tillampad-beteendeanalys-Eikeseth-Svartdal.png\" alt=\"\" class=\"wp-image-983 size-medium\" srcset=\"https:\/\/centrumba.se\/wp-content\/uploads\/2021\/11\/Tillampad-beteendeanalys-Eikeseth-Svartdal.png 283w, https:\/\/centrumba.se\/wp-content\/uploads\/2021\/11\/Tillampad-beteendeanalys-Eikeseth-Svartdal-208x300.png 208w\" sizes=\"(max-width: 283px) 100vw, 283px\" \/><\/figure><div class=\"wp-block-media-text__content\">\n<p class=\"has-medium-font-size\"><a href=\"https:\/\/www.adlibris.com\/se\/bok\/tillampad-beteendeanalys-teori-och-praktik-9789144081724\">Till\u00e4mpad beteendeanlays &#8211; Teori och Praktik<\/a>, red. Svein Eikeseth och Frode Svartdal \u00e4r en antologi om till\u00e4mpad beteendeanalys fr\u00e4mst riktad till akademiker<\/p>\n\n\n\n<p><\/p>\n<\/div><\/div>\n\n\n\n<div class=\"wp-block-media-text alignwide is-stacked-on-mobile\" style=\"grid-template-columns:18% auto\"><figure class=\"wp-block-media-text__media\"><img loading=\"lazy\" decoding=\"async\" width=\"378\" height=\"547\" src=\"https:\/\/centrumba.se\/wp-content\/uploads\/2021\/11\/beteendestod-i-vardagen-Karlsson.png\" alt=\"\" class=\"wp-image-985 size-medium\" srcset=\"https:\/\/centrumba.se\/wp-content\/uploads\/2021\/11\/beteendestod-i-vardagen-Karlsson.png 378w, https:\/\/centrumba.se\/wp-content\/uploads\/2021\/11\/beteendestod-i-vardagen-Karlsson-207x300.png 207w\" sizes=\"(max-width: 378px) 100vw, 378px\" \/><\/figure><div class=\"wp-block-media-text__content\">\n<p class=\"has-medium-font-size\"><a href=\"https:\/\/www.nok.se\/titlar\/akademisk-psykologi\/beteendestod-i-vardagen\/\">Beteendest\u00f6d i vardagen &#8211; Handbok i till\u00e4mpad beteendeanalys<\/a> av Peter Karlsson \u00e4r en grundbok i till\u00e4mpad beteendeanalys<\/p>\n<\/div><\/div>\n\n\n                <div class=\"ml-embedded\" data-form=\"nGNaEj\"><\/div>\n            \n\n\n\n<p><\/p>\n","protected":false},"excerpt":{"rendered":"<p>Till\u00e4mpad beteendeanalys (TBA) \u00e4r forskningsf\u00e4ltet om hur vi p\u00e5verkas av v\u00e5r omgivning och hur denna kunskap kan anv\u00e4ndas f\u00f6r att skapa utveckling och livskvalitet. TBA<\/p>\n","protected":false},"author":1,"featured_media":0,"parent":0,"menu_order":0,"comment_status":"closed","ping_status":"closed","template":"","meta":{"footnotes":""},"class_list":["post-904","page","type-page","status-publish","hentry"],"_links":{"self":[{"href":"https:\/\/centrumba.se\/sv\/wp-json\/wp\/v2\/pages\/904","targetHints":{"allow":["GET"]}}],"collection":[{"href":"https:\/\/centrumba.se\/sv\/wp-json\/wp\/v2\/pages"}],"about":[{"href":"https:\/\/centrumba.se\/sv\/wp-json\/wp\/v2\/types\/page"}],"author":[{"embeddable":true,"href":"https:\/\/centrumba.se\/sv\/wp-json\/wp\/v2\/users\/1"}],"replies":[{"embeddable":true,"href":"https:\/\/centrumba.se\/sv\/wp-json\/wp\/v2\/comments?post=904"}],"version-history":[{"count":47,"href":"https:\/\/centrumba.se\/sv\/wp-json\/wp\/v2\/pages\/904\/revisions"}],"predecessor-version":[{"id":7247,"href":"https:\/\/centrumba.se\/sv\/wp-json\/wp\/v2\/pages\/904\/revisions\/7247"}],"wp:attachment":[{"href":"https:\/\/centrumba.se\/sv\/wp-json\/wp\/v2\/media?parent=904"}],"curies":[{"name":"wp","href":"https:\/\/api.w.org\/{rel}","templated":true}]}}